{"id":10325,"date":"2021-05-11T14:28:37","date_gmt":"2021-05-11T14:28:37","guid":{"rendered":"https:\/\/masterplan-wissenschaft.de\/?page_id=10325"},"modified":"2025-12-19T09:32:56","modified_gmt":"2025-12-19T09:32:56","slug":"impressum","status":"publish","type":"page","link":"https:\/\/masterplan-wissenschaft.de\/de\/impressum\/","title":{"rendered":"Impressum"},"content":{"rendered":"<p>[et_pb_section fb_built=&#8220;1&#8243; module_id=&#8220;prozess&#8220; _builder_version=&#8220;4.27.5&#8243; _module_preset=&#8220;default&#8220; background_image=&#8220;https:\/\/masterplan-wissenschaft.de\/wp-content\/uploads\/2021\/02\/Stadt-Dortmund_Atomgrafik_v2_2021_lay1_freigest_randlos.png&#8220; background_position=&#8220;center_right&#8220; custom_margin=&#8220;||||false|false&#8220; custom_padding=&#8220;130px||70px||false|false&#8220; hover_enabled=&#8220;0&#8243; global_colors_info=&#8220;{}&#8220; height=&#8220;auto&#8220; sticky_enabled=&#8220;0&#8243;][et_pb_row _builder_version=&#8220;4.16&#8243; _module_preset=&#8220;default&#8220; custom_padding=&#8220;||24px|||&#8220; global_colors_info=&#8220;{}&#8220;][et_pb_column type=&#8220;4_4&#8243; _builder_version=&#8220;4.16&#8243; _module_preset=&#8220;default&#8220; global_colors_info=&#8220;{}&#8220;][et_pb_text _builder_version=&#8220;4.16&#8243; _module_preset=&#8220;default&#8220; text_text_color=&#8220;#FFFFFF&#8220; text_font_size=&#8220;16px&#8220; header_text_color=&#8220;#FFFFFF&#8220; header_font_size=&#8220;42px&#8220; header_2_text_color=&#8220;#000000&#8243; background_layout=&#8220;dark&#8220; min_height=&#8220;55.6px&#8220; global_colors_info=&#8220;{}&#8220;]<\/p>\n<h1 style=\"text-align: left;\"><strong>Impressum<\/strong><\/h1>\n<p>[\/et_pb_text][\/et_pb_column][\/et_pb_row][et_pb_row _builder_version=&#8220;4.16&#8243; _module_preset=&#8220;default&#8220; custom_margin=&#8220;-9px|auto||auto|false|false&#8220; custom_padding=&#8220;0px||20px||false|false&#8220; global_colors_info=&#8220;{}&#8220;][et_pb_column type=&#8220;4_4&#8243; _builder_version=&#8220;4.16&#8243; _module_preset=&#8220;default&#8220; global_colors_info=&#8220;{}&#8220;][et_pb_text _builder_version=&#8220;4.16&#8243; _module_preset=&#8220;default&#8220; text_text_color=&#8220;#FFFFFF&#8220; text_font_size=&#8220;16px&#8220; global_colors_info=&#8220;{}&#8220;]<\/p>\n<p><span style=\"font-size: large;\"><strong>Angaben gem\u00e4\u00df \u00a7 5 DDG<\/strong><\/span><\/p>\n<p>Der Masterplan Wissenschaft 2.0 ist ein Projekt der Stadt Dortmund (K\u00f6rperschaft des \u00f6ffentlichen Rechts), vertreten durch den Oberb\u00fcrgermeister, Friedensplatz 1, 44122 Dortmund.<\/p>\n<p><span style=\"font-size: large;\"><strong>Kontakt <\/strong><\/span><\/p>\n<p>Stadt Dortmund<br \/>Gesch\u00e4ftsstelle Masterplan Wissenschaft<br \/>S\u00fcdwall 21-23<br \/>44137 Dortmund<\/p>\n<p>E-Mail: <a href=\"mailto:wissenschaft@stadtdo.de\">wissenschaft@stadtdo.de<\/a><br \/>Tel.: 0231\/50 &#8211; 22586<\/p>\n<p>UST-ID gem. \u00a7 5 Abs. 1 Nr. 6 DDG: DE 124 643 894<\/p>\n<p>Die Inhalte dieser Seiten wurden mit gr\u00f6\u00dfter Sorgfalt erstellt. Die redaktionelle Verantwortung liegt bei der Gesch\u00e4ftsstelle des Masterplans Wissenschaft. F\u00fcr die Richtigkeit einzelner Beitr\u00e4ge sind die zust\u00e4ndigen Partnereinrichtungen dezentral verantwortlich. Kooperationen mit externen Partner*innen sind gekennzeichnet.<\/p>\n<p>Die Redaktion pr\u00fcft und aktualisiert die Informationen auf der Website regelm\u00e4\u00dfig. F\u00fcr die Richtigkeit, Vollst\u00e4ndigkeit und Aktualit\u00e4t der Inhalte kann jedoch keine Gew\u00e4hr \u00fcbernommen werden. Gleiches gilt f\u00fcr externe Websites Dritter, auf die mittels Querverweisen (Links) verwiesen wird. Die Gesch\u00e4ftsstelle des Masterplans ist nicht verantwortlich f\u00fcr die Inhalte der Websites, die dar\u00fcber erreicht werden. Bei Links handelt es sich um dynamische Verweise. Bei erstmaligen Verkn\u00fcpfung wurden die Inhalte auf Rechtsverst\u00f6\u00dfe gepr\u00fcft. Es waren keine Rechtsverst\u00f6\u00dfe ersichtlich. Eine st\u00e4ndige Kontrolle der verkn\u00fcpften Seiten ist f\u00fcr die Betreiber nicht zumutbar. Bei Kenntnis von Rechtsverst\u00f6\u00dfen werden externe Links unverz\u00fcglich entfernt.<\/p>\n<p>In keinem Fall wird f\u00fcr Sch\u00e4den Haftung \u00fcbernommen, die sich aus der Verwendung abgerufener Informationen oder Online-Services ergeben.<\/p>\n<p><span style=\"font-size: large;\"><strong>Urheberrecht<\/strong><\/span><\/p>\n<p>Das Layout der Website sowie die Inhalte (Texte, Grafiken, Fotos etc.) sind urheberrechtlich gesch\u00fctzt. Die Vervielf\u00e4ltigung, Bearbeitung, Verbreitung und jede Art der Verwertung au\u00dferhalb der Grenzen des Urheberrechtes bed\u00fcrfen der schriftlichen Zustimmung des jeweiligen Autors bzw. Erstellers. Downloads und Kopien dieser Seite sind nur f\u00fcr den privaten, nicht kommerziellen Gebrauch gestattet. Soweit die Inhalte auf dieser Seite nicht vom Betreiber erstellt wurden, werden die Urheberrechte Dritter beachtet.<\/p>\n<p><span style=\"font-size: large;\"><strong>Hinweise <\/strong><\/span><\/p>\n<p>Die Gesch\u00e4ftsstelle des Masterplans Wissenschaft beh\u00e4lt sich vor, etwaige Einsendungen von Beitr\u00e4gen (Veranstaltungshinweise, Linkvorschl\u00e4ge etc.) nicht oder gek\u00fcrzt oder in anderweitig ver\u00e4nderter Form auf der Website einzustellen. Ein Anspruch auf Ver\u00f6ffentlichung besteht grunds\u00e4tzlich nicht. Inhalte, die f\u00fcr diese Projektwebsite vorgeschlagen werden, d\u00fcrfen nicht rechtswidrig oder anst\u00f6\u00dfig sein oder unmittelbar parteipolitischen Bezug aufweisen. Alle Inhalte sind vom Einsender auf Richtigkeit und Zul\u00e4ssigkeit zu pr\u00fcfen.<\/p>\n<p>Die Website wird mit dem Content-Management-System WordPress realisiert. Die Marketing- und Werbeagentur adhok communication gmbh hat die Website gestaltet und programmiert.<\/p>\n<p><strong><span style=\"font-size: large;\">Bildnachweis<\/span> <\/strong><\/p>\n<p>F\u00fcr alle Bilder liegt der Stadt Dortmund ein jeweiliges Nutzungsrecht vor.<\/p>\n<p>Die <a href=\"https:\/\/masterplan-wissenschaft.de\/datenschutz\"><strong>Datenschutzbestimmungen<\/strong><\/a>\u00a0finden Sie hier.<\/p>\n<p>[\/et_pb_text][\/et_pb_column][\/et_pb_row][\/et_pb_section]<\/p>\n","protected":false},"excerpt":{"rendered":"<p>ImpressumAngaben gem\u00e4\u00df \u00a7 5 DDG Der Masterplan Wissenschaft 2.0 ist ein Projekt der Stadt Dortmund (K\u00f6rperschaft des \u00f6ffentlichen Rechts), vertreten durch den Oberb\u00fcrgermeister, Friedensplatz 1, 44122 Dortmund. Kontakt Stadt DortmundGesch\u00e4ftsstelle Masterplan WissenschaftS\u00fcdwall 21-2344137 Dortmund E-Mail: wissenschaft@stadtdo.deTel.: 0231\/50 &#8211; 22586 UST-ID gem. \u00a7 5 Abs. 1 Nr. 6 DDG: DE 124 643 894 Die Inhalte dieser [&hellip;]<\/p>\n","protected":false},"author":1,"featured_media":0,"parent":0,"menu_order":0,"comment_status":"closed","ping_status":"closed","template":"","meta":{"_et_pb_use_builder":"on","_et_pb_old_content":"","_et_gb_content_width":"","inline_featured_image":false,"footnotes":""},"class_list":["post-10325","page","type-page","status-publish","hentry"],"yoast_head":"<!-- This site is optimized with the Yoast SEO plugin v27.3 - https:\/\/yoast.com\/product\/yoast-seo-wordpress\/ -->\n<title>Impressum - Dortmund<\/title>\n<meta name=\"robots\" content=\"index, follow, max-snippet:-1, max-image-preview:large, max-video-preview:-1\" \/>\n<link rel=\"canonical\" href=\"https:\/\/masterplan-wissenschaft.de\/de\/impressum\/\" \/>\n<meta property=\"og:locale\" content=\"de_DE\" \/>\n<meta property=\"og:type\" content=\"article\" \/>\n<meta property=\"og:title\" content=\"Impressum - Dortmund\" \/>\n<meta property=\"og:description\" content=\"ImpressumAngaben gem\u00e4\u00df \u00a7 5 DDG Der Masterplan Wissenschaft 2.0 ist ein Projekt der Stadt Dortmund (K\u00f6rperschaft des \u00f6ffentlichen Rechts), vertreten durch den Oberb\u00fcrgermeister, Friedensplatz 1, 44122 Dortmund. Kontakt Stadt DortmundGesch\u00e4ftsstelle Masterplan WissenschaftS\u00fcdwall 21-2344137 Dortmund E-Mail: wissenschaft@stadtdo.deTel.: 0231\/50 - 22586 UST-ID gem. \u00a7 5 Abs. 1 Nr. 6 DDG: DE 124 643 894 Die Inhalte dieser [&hellip;]\" \/>\n<meta property=\"og:url\" content=\"https:\/\/masterplan-wissenschaft.de\/de\/impressum\/\" \/>\n<meta property=\"og:site_name\" content=\"Dortmund\" \/>\n<meta property=\"article:modified_time\" content=\"2025-12-19T09:32:56+00:00\" \/>\n<meta name=\"twitter:card\" content=\"summary_large_image\" \/>\n<meta name=\"twitter:label1\" content=\"Gesch\u00e4tzte Lesezeit\" \/>\n\t<meta name=\"twitter:data1\" content=\"3\u00a0Minuten\" \/>\n<script type=\"application\/ld+json\" class=\"yoast-schema-graph\">{\"@context\":\"https:\\\/\\\/schema.org\",\"@graph\":[{\"@type\":\"WebPage\",\"@id\":\"https:\\\/\\\/masterplan-wissenschaft.de\\\/de\\\/impressum\\\/\",\"url\":\"https:\\\/\\\/masterplan-wissenschaft.de\\\/de\\\/impressum\\\/\",\"name\":\"Impressum - Dortmund\",\"isPartOf\":{\"@id\":\"https:\\\/\\\/masterplan-wissenschaft.de\\\/de\\\/#website\"},\"datePublished\":\"2021-05-11T14:28:37+00:00\",\"dateModified\":\"2025-12-19T09:32:56+00:00\",\"breadcrumb\":{\"@id\":\"https:\\\/\\\/masterplan-wissenschaft.de\\\/de\\\/impressum\\\/#breadcrumb\"},\"inLanguage\":\"de\",\"potentialAction\":[{\"@type\":\"ReadAction\",\"target\":[\"https:\\\/\\\/masterplan-wissenschaft.de\\\/de\\\/impressum\\\/\"]}]},{\"@type\":\"BreadcrumbList\",\"@id\":\"https:\\\/\\\/masterplan-wissenschaft.de\\\/de\\\/impressum\\\/#breadcrumb\",\"itemListElement\":[{\"@type\":\"ListItem\",\"position\":1,\"name\":\"Startseite\",\"item\":\"https:\\\/\\\/masterplan-wissenschaft.de\\\/de\\\/\"},{\"@type\":\"ListItem\",\"position\":2,\"name\":\"Impressum\"}]},{\"@type\":\"WebSite\",\"@id\":\"https:\\\/\\\/masterplan-wissenschaft.de\\\/de\\\/#website\",\"url\":\"https:\\\/\\\/masterplan-wissenschaft.de\\\/de\\\/\",\"name\":\"Masterplan Wissenschaft\",\"description\":\"Masterplan Wissenschaft\",\"publisher\":{\"@id\":\"https:\\\/\\\/masterplan-wissenschaft.de\\\/de\\\/#organization\"},\"potentialAction\":[{\"@type\":\"SearchAction\",\"target\":{\"@type\":\"EntryPoint\",\"urlTemplate\":\"https:\\\/\\\/masterplan-wissenschaft.de\\\/de\\\/?s={search_term_string}\"},\"query-input\":{\"@type\":\"PropertyValueSpecification\",\"valueRequired\":true,\"valueName\":\"search_term_string\"}}],\"inLanguage\":\"de\"},{\"@type\":\"Organization\",\"@id\":\"https:\\\/\\\/masterplan-wissenschaft.de\\\/de\\\/#organization\",\"name\":\"Stadt Dortmund\",\"url\":\"https:\\\/\\\/masterplan-wissenschaft.de\\\/de\\\/\",\"logo\":{\"@type\":\"ImageObject\",\"inLanguage\":\"de\",\"@id\":\"https:\\\/\\\/masterplan-wissenschaft.de\\\/de\\\/#\\\/schema\\\/logo\\\/image\\\/\",\"url\":\"https:\\\/\\\/masterplan-wissenschaft.de\\\/wp-content\\\/uploads\\\/2025\\\/08\\\/DO_Masterplan-Wissenschaft.png\",\"contentUrl\":\"https:\\\/\\\/masterplan-wissenschaft.de\\\/wp-content\\\/uploads\\\/2025\\\/08\\\/DO_Masterplan-Wissenschaft.png\",\"width\":2976,\"height\":710,\"caption\":\"Stadt Dortmund\"},\"image\":{\"@id\":\"https:\\\/\\\/masterplan-wissenschaft.de\\\/de\\\/#\\\/schema\\\/logo\\\/image\\\/\"}}]}<\/script>\n<!-- \/ Yoast SEO plugin. -->","yoast_head_json":{"title":"Impressum - Dortmund","robots":{"index":"index","follow":"follow","max-snippet":"max-snippet:-1","max-image-preview":"max-image-preview:large","max-video-preview":"max-video-preview:-1"},"canonical":"https:\/\/masterplan-wissenschaft.de\/de\/impressum\/","og_locale":"de_DE","og_type":"article","og_title":"Impressum - Dortmund","og_description":"ImpressumAngaben gem\u00e4\u00df \u00a7 5 DDG Der Masterplan Wissenschaft 2.0 ist ein Projekt der Stadt Dortmund (K\u00f6rperschaft des \u00f6ffentlichen Rechts), vertreten durch den Oberb\u00fcrgermeister, Friedensplatz 1, 44122 Dortmund. Kontakt Stadt DortmundGesch\u00e4ftsstelle Masterplan WissenschaftS\u00fcdwall 21-2344137 Dortmund E-Mail: wissenschaft@stadtdo.deTel.: 0231\/50 - 22586 UST-ID gem. \u00a7 5 Abs. 1 Nr. 6 DDG: DE 124 643 894 Die Inhalte dieser [&hellip;]","og_url":"https:\/\/masterplan-wissenschaft.de\/de\/impressum\/","og_site_name":"Dortmund","article_modified_time":"2025-12-19T09:32:56+00:00","twitter_card":"summary_large_image","twitter_misc":{"Gesch\u00e4tzte Lesezeit":"3\u00a0Minuten"},"schema":{"@context":"https:\/\/schema.org","@graph":[{"@type":"WebPage","@id":"https:\/\/masterplan-wissenschaft.de\/de\/impressum\/","url":"https:\/\/masterplan-wissenschaft.de\/de\/impressum\/","name":"Impressum - Dortmund","isPartOf":{"@id":"https:\/\/masterplan-wissenschaft.de\/de\/#website"},"datePublished":"2021-05-11T14:28:37+00:00","dateModified":"2025-12-19T09:32:56+00:00","breadcrumb":{"@id":"https:\/\/masterplan-wissenschaft.de\/de\/impressum\/#breadcrumb"},"inLanguage":"de","potentialAction":[{"@type":"ReadAction","target":["https:\/\/masterplan-wissenschaft.de\/de\/impressum\/"]}]},{"@type":"BreadcrumbList","@id":"https:\/\/masterplan-wissenschaft.de\/de\/impressum\/#breadcrumb","itemListElement":[{"@type":"ListItem","position":1,"name":"Startseite","item":"https:\/\/masterplan-wissenschaft.de\/de\/"},{"@type":"ListItem","position":2,"name":"Impressum"}]},{"@type":"WebSite","@id":"https:\/\/masterplan-wissenschaft.de\/de\/#website","url":"https:\/\/masterplan-wissenschaft.de\/de\/","name":"Masterplan Wissenschaft","description":"Masterplan Wissenschaft","publisher":{"@id":"https:\/\/masterplan-wissenschaft.de\/de\/#organization"},"potentialAction":[{"@type":"SearchAction","target":{"@type":"EntryPoint","urlTemplate":"https:\/\/masterplan-wissenschaft.de\/de\/?s={search_term_string}"},"query-input":{"@type":"PropertyValueSpecification","valueRequired":true,"valueName":"search_term_string"}}],"inLanguage":"de"},{"@type":"Organization","@id":"https:\/\/masterplan-wissenschaft.de\/de\/#organization","name":"Stadt Dortmund","url":"https:\/\/masterplan-wissenschaft.de\/de\/","logo":{"@type":"ImageObject","inLanguage":"de","@id":"https:\/\/masterplan-wissenschaft.de\/de\/#\/schema\/logo\/image\/","url":"https:\/\/masterplan-wissenschaft.de\/wp-content\/uploads\/2025\/08\/DO_Masterplan-Wissenschaft.png","contentUrl":"https:\/\/masterplan-wissenschaft.de\/wp-content\/uploads\/2025\/08\/DO_Masterplan-Wissenschaft.png","width":2976,"height":710,"caption":"Stadt Dortmund"},"image":{"@id":"https:\/\/masterplan-wissenschaft.de\/de\/#\/schema\/logo\/image\/"}}]}},"_links":{"self":[{"href":"https:\/\/masterplan-wissenschaft.de\/de\/wp-json\/wp\/v2\/pages\/10325","targetHints":{"allow":["GET"]}}],"collection":[{"href":"https:\/\/masterplan-wissenschaft.de\/de\/wp-json\/wp\/v2\/pages"}],"about":[{"href":"https:\/\/masterplan-wissenschaft.de\/de\/wp-json\/wp\/v2\/types\/page"}],"author":[{"embeddable":true,"href":"https:\/\/masterplan-wissenschaft.de\/de\/wp-json\/wp\/v2\/users\/1"}],"replies":[{"embeddable":true,"href":"https:\/\/masterplan-wissenschaft.de\/de\/wp-json\/wp\/v2\/comments?post=10325"}],"version-history":[{"count":14,"href":"https:\/\/masterplan-wissenschaft.de\/de\/wp-json\/wp\/v2\/pages\/10325\/revisions"}],"predecessor-version":[{"id":13621,"href":"https:\/\/masterplan-wissenschaft.de\/de\/wp-json\/wp\/v2\/pages\/10325\/revisions\/13621"}],"wp:attachment":[{"href":"https:\/\/masterplan-wissenschaft.de\/de\/wp-json\/wp\/v2\/media?parent=10325"}],"curies":[{"name":"wp","href":"https:\/\/api.w.org\/{rel}","templated":true}]}}