{"id":10427,"date":"2021-05-18T08:02:25","date_gmt":"2021-05-18T08:02:25","guid":{"rendered":"https:\/\/masterplan-wissenschaft.de\/?page_id=10427"},"modified":"2025-12-19T09:31:55","modified_gmt":"2025-12-19T09:31:55","slug":"datenschutz-2","status":"publish","type":"page","link":"https:\/\/masterplan-wissenschaft.de\/de\/datenschutz-2\/","title":{"rendered":"Datenschutz"},"content":{"rendered":"<p>[et_pb_section fb_built=&#8220;1&#8243; module_id=&#8220;prozess&#8220; _builder_version=&#8220;4.27.5&#8243; _module_preset=&#8220;default&#8220; use_background_color_gradient=&#8220;on&#8220; background_color_gradient_stops=&#8220;rgba(0,19,46,0.85) 0%|rgba(0,19,46,0.85) 100%&#8220; background_color_gradient_start=&#8220;rgba(0,19,46,0.85)&#8220; background_color_gradient_end=&#8220;rgba(0,19,46,0.85)&#8220; background_image=&#8220;https:\/\/masterplan-wissenschaft.de\/wp-content\/uploads\/2021\/02\/Stadt-Dortmund_Atomgrafik_v2_2021_lay1_freigest_randlos.png&#8220; background_position=&#8220;center_right&#8220; custom_margin=&#8220;||||false|false&#8220; custom_padding=&#8220;130px||70px||false|false&#8220; hover_enabled=&#8220;0&#8243; global_colors_info=&#8220;{}&#8220; height=&#8220;auto&#8220; sticky_enabled=&#8220;0&#8243;][et_pb_row _builder_version=&#8220;4.16&#8243; _module_preset=&#8220;default&#8220; global_colors_info=&#8220;{}&#8220;][et_pb_column type=&#8220;4_4&#8243; _builder_version=&#8220;4.16&#8243; _module_preset=&#8220;default&#8220; global_colors_info=&#8220;{}&#8220;][et_pb_text _builder_version=&#8220;4.16&#8243; _module_preset=&#8220;default&#8220; text_text_color=&#8220;#FFFFFF&#8220; text_font_size=&#8220;16px&#8220; header_text_color=&#8220;#FFFFFF&#8220; header_font_size=&#8220;42px&#8220; header_2_text_color=&#8220;#000000&#8243; background_layout=&#8220;dark&#8220; global_colors_info=&#8220;{}&#8220;]<\/p>\n<h1 style=\"text-align: left;\">Datenschutz<\/h1>\n<p>[\/et_pb_text][\/et_pb_column][\/et_pb_row][et_pb_row _builder_version=&#8220;4.16&#8243; _module_preset=&#8220;default&#8220; custom_margin=&#8220;0px|auto||auto|false|false&#8220; custom_padding=&#8220;0px||20px||false|false&#8220; global_colors_info=&#8220;{}&#8220;][et_pb_column type=&#8220;4_4&#8243; _builder_version=&#8220;4.16&#8243; _module_preset=&#8220;default&#8220; global_colors_info=&#8220;{}&#8220;][et_pb_text _builder_version=&#8220;4.16&#8243; _module_preset=&#8220;default&#8220; text_text_color=&#8220;#FFFFFF&#8220; text_font_size=&#8220;16px&#8220; header_2_text_color=&#8220;#FFFFFF&#8220; header_3_text_color=&#8220;#FFFFFF&#8220; custom_padding=&#8220;0px|||||&#8220; global_colors_info=&#8220;{}&#8220;]<\/p>\n<h2><\/h2>\n<h3><strong>Allgemeine Hinweise<\/strong><\/h3>\n<p>Die Hinweise geben einen \u00dcberblick dar\u00fcber, was mit Ihren personenbezogenen Daten passiert, wenn Sie diese Website besuchen. Personenbezogene Daten sind alle Informationen, mit denen Sie pers\u00f6nlich identifiziert werden k\u00f6nnen. Die Stadt Dortmund als Betreiberin der Website nimmt den Schutz Ihrer pers\u00f6nlichen Daten sehr ernst und behandelt Ihre personenbezogenen Daten vertraulich und entsprechend der gesetzlichen Datenschutzvorschriften sowie dieser Datenschutzerkl\u00e4rung.<\/p>\n<p>Bei der Nutzung dieser Website werden verschiedene personenbezogene Daten erhoben. Diese Datenschutzerkl\u00e4rung erl\u00e4utert, welche Daten erhoben werden, wof\u00fcr sie genutzt werden und zu welchem Zweck dies geschieht.<\/p>\n<p>Die Daten\u00fcbertragung im Internet (z.B. bei der Kommunikation per E-Mail) kann Sicherheitsl\u00fccken aufweisen. Ein l\u00fcckenloser Schutz der Daten vor dem Zugriff durch Dritte ist daher nicht m\u00f6glich.<strong><\/strong><strong><\/strong><\/p>\n<h3><strong><\/strong><\/h3>\n<h3><strong>Hinweis zur verantwortlichen Stelle<\/strong><\/h3>\n<p>Die verantwortliche Stelle f\u00fcr die Datenverarbeitung auf dieser Website ist:<\/p>\n<p><span style=\"color: #ffffff;\"><strong><\/strong><\/span><\/p>\n<p><span style=\"color: #ffffff;\"><strong>Kontakt<\/strong><\/span><\/p>\n<h4><span style=\"font-size: medium; color: #ffffff;\">Stadt Dortmund<\/span><\/h4>\n<h4><span style=\"font-size: medium; color: #ffffff;\">Gesch\u00e4ftsstelle Masterplan Wissenschaft<\/span><\/h4>\n<h4><span style=\"font-size: medium; color: #ffffff;\">Betenstra\u00dfe 19<\/span><\/h4>\n<h4><span style=\"font-size: medium; color: #ffffff;\">44137 Dortmund<\/span><\/h4>\n<p><span style=\"font-size: medium; color: #ffffff;\"><\/span><\/p>\n<p>E-Mail: <span><a href=\"mailto:wissenschaft@stadtdo.de\">wissenschaft@stadtdo.de<\/a><\/span><\/p>\n<p>Tel.: 0231\/50 -22586<\/p>\n<p>&nbsp;<\/p>\n<p><span style=\"font-size: x-large;\"><strong>Datenverarbeitung und Widerrufserkl\u00e4rung <\/strong><\/span><\/p>\n<p>Viele Vorg\u00e4nge der Datenverarbeitung sind nur mit Ihrer ausdr\u00fccklichen Einwilligung m\u00f6glich. Ihre bereits erteilte Einwilligung k\u00f6nnen Sie per E-Mail an <span><a href=\"mailto:wissenschaft@stadtdo.de\">wissenschaft@stadtdo.de<\/a><\/span> widerrufen. Die Rechtm\u00e4\u00dfigkeit der bis zum Widerruf erfolgten Datenverarbeitung bleibt davon unber\u00fchrt.<\/p>\n<p>Soweit wir f\u00fcr Verarbeitungsvorg\u00e4nge personenbezogener Daten eine Einwilligung der betroffenen Person einholen, dient Art. 6 Abs. 1 lit. a EU-Datenschutzgrundverordnung (DSGVO) als Rechtsgrundlage.<\/p>\n<p>&nbsp;<\/p>\n<p><span style=\"font-size: x-large;\"><strong>Kontakt der\/des beh\u00f6rdlichen Datenschutzbeauftragten der Stadt Dortmund<\/strong><\/span><\/p>\n<p>Stadt Dortmund<\/p>\n<p>Der\/die Datenschutzbeauftragte<\/p>\n<p>44122 Dortmund<\/p>\n<p>E-Mail: <span><a href=\"mailto:datenschutz@stadtdo.de\">datenschutz@stadtdo.de<\/a><\/span><span><\/span><span><\/span><\/p>\n<p><span><\/span><\/p>\n<p><span><\/span><\/p>\n<p><span><\/span><span style=\"font-size: x-large;\"><strong>Beschwerderecht bei der zust\u00e4ndigen Aufsichtsbeh\u00f6rde<\/strong><\/span><span><\/span><\/p>\n<p>Im Falle datenschutzrechtlicher Verst\u00f6\u00dfe steht dem\/der Betroffenen ein Beschwerderecht bei der zust\u00e4ndigen Aufsichtsbeh\u00f6rde zu. Zust\u00e4ndige Aufsichtsbeh\u00f6rde in datenschutzrechtlichen Fragen ist:<\/p>\n<p>Der\/die Landesbeauftragte f\u00fcr Datenschutz und Informationsfreiheit Nordrhein-Westfalen<\/p>\n<p>Kavalleriestr. 2-4<\/p>\n<p>40213 D\u00fcsseldorf<\/p>\n<p>&nbsp;<\/p>\n<p><span style=\"font-size: x-large;\"><strong>SSL- bzw. TLS-Verschl\u00fcsselung<\/strong><\/span><\/p>\n<p>Diese Website nutzt aus Sicherheitsgr\u00fcnden und zum Schutz der \u00dcbertragung vertraulicher Inhalte eine SSL- bzw. TLS-Verschl\u00fcsselung. Damit k\u00f6nnen \u00fcbermittelte Daten nicht von Dritten mitgelesen werden.<\/p>\n<p><span style=\"font-size: x-large;\"><strong><\/strong><\/span><\/p>\n<p><span style=\"font-size: x-large;\"><strong><\/strong><\/span><\/p>\n<p><span style=\"font-size: x-large;\"><strong>Auskunft, Sperrung, L\u00f6scheung<\/strong><\/span><\/p>\n<p>Sie haben das Recht unentgeltlich Auskunft \u00fcber Herkunft, Empf\u00e4nger und Zweck Ihrer gespeicherten personenbezogenen Daten zu erhalten. Au\u00dferdem k\u00f6nnen Sie die Berichtigung, Sperrung oder L\u00f6schung dieser Daten verlangen.<\/p>\n<p>&nbsp;<\/p>\n<p><span style=\"font-size: x-large;\"><strong>Verwendung von Cookies<\/strong><\/span><\/p>\n<p>Diese Website verwendet teilweise Cookies. Bei Cookies handelt es sich um Textdateien, die im Internetbrowser bzw. vom Internetbrowser auf dem Computersystem des Nutzers gespeichert werden. Ruft ein*e Nutzer*in eine Website auf, so kann ein Cookie auf dem Betriebssystem des Nutzers gespeichert werden. Dieser Cookie enth\u00e4lt eine charakteristische Zeichenfolge, die eine eindeutige Identifizierung des Browsers beim erneuten Aufrufen der Website erm\u00f6glicht. Cookies dienen dazu, das Angebot nutzerfreundlicher, effektiver und sicherer zu machen.<\/p>\n<p>Die meisten der hier verwendeten Cookies sind so genannte \u201cSession-Cookies\u201d. Sie werden nach Ende Ihres Besuchs automatisch gel\u00f6scht. Andere Cookies bleiben auf Ihrem Endger\u00e4t gespeichert bis Sie diese l\u00f6schen. Diese Cookies erm\u00f6glichen es, Ihren Browser beim n\u00e4chsten Besuch wiederzuerkennen.<\/p>\n<p>Sie k\u00f6nnen Ihren Browser so einstellen, dass Sie \u00fcber das Setzen von Cookies informiert werden und Cookies nur im Einzelfall erlauben, die Annahme von Cookies f\u00fcr bestimmte F\u00e4lle oder generell ausschlie\u00dfen sowie das automatische L\u00f6schen der Cookies beim Schlie\u00dfen des Browsers aktivieren. Bei der Deaktivierung von Cookies kann die Funktionalit\u00e4t dieser Website eingeschr\u00e4nkt sein.<\/p>\n<p>Die Rechtsgrundlage f\u00fcr die Verarbeitung personenbezogener Daten unter Verwendung <strong>technisch notweniger Cookies<\/strong> ist Art. 6 Abs. 1 lit. f DSGVO.<\/p>\n<p>Die Rechtsgrundlage f\u00fcr die Verarbeitung personenbezogener Daten unter Verwendung von <strong>Cookies zu Analysezwecken<\/strong> ist bei Vorliegen einer diesbez\u00fcglichen Einwilligung durch die nutzende Person Art. 6 Abs. 1 lit. a DSGVO.<strong><\/strong><\/p>\n<p>&nbsp;<\/p>\n<p><span style=\"font-size: x-large;\"><strong>Server-Log-Dateien<\/strong><\/span><\/p>\n<p>Bei jedem Aufruf der Website erfasst unser System automatisiert Daten und Informationen vom Computersystem des aufrufenden Rechners. Dies sind:<\/p>\n<ul>\n<li>Browsertyp und Browserversion<\/li>\n<li>verwendetes Betriebssystem<\/li>\n<li>Referrer URL<\/li>\n<li>Hostname des zugreifenden Rechners<\/li>\n<li>Uhrzeit der Serveranfrage<\/li>\n<li>IP-Adresse<\/li>\n<\/ul>\n<p>Eine Zusammenf\u00fchrung dieser Daten mit anderen Datenquellen wird nicht vorgenommen.<\/p>\n<p>Rechtsgrundlage f\u00fcr die vor\u00fcbergehende Speicherung der Daten und der Logfiles ist Art. 6 Abs. 1 lit. f DSGVO.<\/p>\n<p><span><strong><\/strong><\/span><\/p>\n<p><span><\/span><\/p>\n<p><span style=\"font-size: x-large;\"><strong>News abonnieren <\/strong><\/span><\/p>\n<p>Auf dieser Website besteht die M\u00f6glichkeit kostenfrei News zu abonnieren und Neuigkeiten zur Wissenschaftsstadt Dortmund zu erhalten. Bei der Anmeldung wird Ihre E-Mail-Adresse \u00fcber die Eingabemaske an uns \u00fcbermittelt. <span>Das Abonnement des Newsletters kann durch die betroffene Person jederzeit gek\u00fcndigt werden. Ebenso kann die Einwilligung in die Speicherung der personenbezogenen Daten jederzeit widerrufen werden. <\/span>Bei der Datenverarbeitung f\u00fcr den Versand der News erfolgt grunds\u00e4tzlich keine Weitergabe der Daten an Dritte. Die Daten werden ausschlie\u00dflich f\u00fcr den Versand der News verwendet und zu diesem Zweck erhoben.<\/p>\n<p><strong>Nutzung von rapidmail<\/strong><\/p>\n<p><span>Wir nutzen rapidmail f\u00fcr den Versand von Newslettern. Der Anbieter ist die rapidmail GmbH, Wentzingerstra\u00dfe 21, 79106 Freiburg, Deutschland. Mit rapidmail wird u. a. der Versand von Newslettern organisiert und analysiert. Die von Ihnen f\u00fcr den Zweck des Newsletterbezugs eingegeben Daten werden auf den Servern von rapidmail in Deutschland gespeichert. Wenn Sie keine Analyse durch rapidmail m\u00f6chten, m\u00fcssen Sie den Newsletter abbestellen.\u00a0<\/span><span>F\u00fcr den Zweck der Analyse enthalten die mit rapidmail versandten E-Mails ein sog. Tracking-Pixel, das sich beim \u00d6ffnen der E-Mail mit den Servern von rapidmail verbindet. Auf diese Weise kann festgestellt werden, ob eine Newsletternachricht ge\u00f6ffnet wurde. Des Weiteren k\u00f6nnen wir mit Hilfe von rapidmail ermitteln, ob und welche Links in der Newsletternachricht angeklickt werden. Optional k\u00f6nnen Links in der E-Mail als Tracking-Links eingestellt sein, mit denen Ihre Klicks gez\u00e4hlt werden k\u00f6nnen.<\/span><\/p>\n<p><strong>Rechtsgrundlage:<\/strong><span>\u00a0<\/span>Die Rechtsgrundlage f\u00fcr die Datenverarbeitung ist Art. 6 Abs. 1 lit. a) DSGVO.<\/p>\n<p><strong>Empf\u00e4nger:<span>\u00a0<\/span><\/strong>Empf\u00e4nger der Daten ist die rapidmail GmbH.<\/p>\n<p><strong>\u00dcbermittlung an Drittstaaten:<span>\u00a0<\/span><\/strong>Eine \u00dcbermittlung der Daten in Drittstaaten findet nicht statt.<\/p>\n<p><strong>Dauer:<\/strong><span>\u00a0<\/span>Die Ihrerseits im Rahmen der Einwilligung f\u00fcr den Zweck des Newsletters bei uns gespeicherten Daten werden von uns bis zu Ihrer Austragung aus dem Newsletter gespeichert und nach der Abbestellung des Newsletters sowohl von unseren Servern als auch von den Servern von rapidmail gel\u00f6scht.\u00a0<\/p>\n<p><strong>Widerrufsm\u00f6glichkeit:<\/strong><span>\u00a0<\/span>Sie haben die M\u00f6glichkeit, Ihre Einwilligung zur Datenverarbeitung mit Wirkung f\u00fcr die Zukunft jederzeit zu widerrufen. Die Rechtm\u00e4\u00dfigkeit der bereits erfolgten Datenverarbeitungsvorg\u00e4nge bleibt vom Widerruf unber\u00fchrt. Die Einwilligung kann durch die betroffene Person jederzeit per Mail an <a href=\"mailto:wissenschaft@stadtdo.de\">wissenschaft@stadtdo.de<\/a> gek\u00fcndigt werden.<\/p>\n<p><strong>Weitere Datenschutzhinweise:<\/strong><span>\u00a0<\/span>N\u00e4heres entnehmen Sie den Datensicherheitshinweisen von rapidmail unter: https:\/\/www.rapidmail.de\/datensicherheit. N\u00e4heres zu den Analyse-Funktionen von rapidmail entnehmen Sie folgendem Link: https:\/\/www.rapidmail.de\/wissen-und-hilfe<\/p>\n<p>&nbsp;<\/p>\n<p><span style=\"font-size: x-large;\"><strong><\/strong><\/span><\/p>\n<p><span style=\"font-size: x-large;\"><strong><\/strong><\/span><\/p>\n<p><span style=\"font-size: x-large;\"><strong>Analyse Tools und Werbung<\/strong><\/span><\/p>\n<p><span style=\"font-size: large;\"><strong>Google Web Fonts<\/strong><\/span><\/p>\n<p>Diese Website nutzt zur einheitlichen Darstellung von Schriftarten so genannte Web Fonts, die von Google bereitgestellt werden. Beim Aufruf einer Website l\u00e4dt Ihr Browser die ben\u00f6tigten Web Fonts in ihren Browsercache, um Texte und Schriftarten korrekt anzuzeigen.<\/p>\n<p>Zu diesem Zweck muss der von Ihnen verwendete Browser Verbindung zu den Servern von Google aufnehmen. Hierdurch erlangt Google Kenntnis dar\u00fcber, dass \u00fcber Ihre IP-Adresse diese Website aufgerufen wurde. Die Nutzung von Google Web Fonts erfolgt im Interesse einer einheitlichen und ansprechenden Darstellung dieses Online-Angebots. Dies stellt ein berechtigtes Interesse im Sinne von Art. 6 Abs. 1 lit. f DSGVO dar.<\/p>\n<p>Wenn Ihr Browser Web Fonts nicht unterst\u00fctzt, wird eine Standardschrift von Ihrem Computer genutzt.<\/p>\n<p>Weitere Informationen zu Google Web Fonts finden Sie unter: https:\/\/developers.google.com\/fonts\/faq und in der Datenschutzerkl\u00e4rung von Google: <span><a href=\"http:\/\/www.google.com\/policies\/privacy\/\">www.google.com\/policies\/privacy\/<\/a><\/span>.<\/p>\n<p>&nbsp;<\/p>\n<p><span style=\"font-size: large;\"><strong>Webanalyse durch Matomo<\/strong><\/span><\/p>\n<p>Die Website nutzt Open-Source-Software-Tool Matomo (ehemals PIWIK) zur Analyse des Surfverhaltens der Nutzer*inne. Die Software setzt ein Cookie auf dem Rechner der Nutzer*innen (zu Cookies siehe oben).<\/p>\n<p>Werden Einzelseiten der Website aufgerufen, so werden folgende Daten gespeichert:<\/p>\n<ol>\n<li style=\"padding-left: 40px;\">Zwei Bytes der IP-Adresse des aufrufenden Systems des Nutzers<\/li>\n<li style=\"padding-left: 40px;\">Die aufgerufene Webseite<\/li>\n<li style=\"padding-left: 40px;\">Die Webseite, von der der Nutzer auf die aufgerufene Webseite gelangt ist (Referrer)<\/li>\n<li style=\"padding-left: 40px;\">Die Unterseiten, die von der aufgerufenen Webseite aus aufgerufen werden<\/li>\n<li style=\"padding-left: 40px;\">Die Verweildauer auf der Webseite<\/li>\n<li style=\"padding-left: 40px;\">Die H\u00e4ufigkeit des Aufrufs der Webseite<\/li>\n<\/ol>\n<p>Die Software l\u00e4uft dabei ausschlie\u00dflich auf den Servern dieser Website. Eine Speicherung der personenbezogenen Daten der Nutzer*innen findet nur dort statt. Eine Weitergabe der Daten an Dritte erfolgt nicht.<\/p>\n<p>Die Software ist so eingestellt, dass die IP-Adressen nicht vollst\u00e4ndig gespeichert werden, sondern 2 Bytes der IP-Adresse maskiert werden (Bsp.: 192.168.xxx.xxx). Auf diese Weise ist eine Zuordnung der gek\u00fcrzten IP-Adresse zum aufrufenden Rechner nicht mehr m\u00f6glich.<\/p>\n<p>Rechtsgrundlage f\u00fcr die Verarbeitung der personenbezogenen Daten der Nutzer ist Art. 6 Abs. 1 lit. f DSGVO.<\/p>\n<p>Die Verarbeitung der personenbezogenen Daten der Nutzer*innen erm\u00f6glicht uns eine Analyse Ihres Surfverhaltens. Wir sind in durch die Auswertung der gewonnen Daten in der Lage, Informationen \u00fcber die Nutzung der einzelnen Komponenten dieser Webseite zusammenzustellen. Dies hilft die Website und deren Nutzerfreundlichkeit stetig zu verbessern.<\/p>\n<p>In diesen Zwecken liegt auch unser berechtigtes Interesse in der Verarbeitung der Daten nach Art. 6 Abs. 1 lit. f DSGVO. Durch die Anonymisierung der IP-Adresse wird dem Interesse der Nutzer*innen an deren Schutz personenbezogener Daten hinreichend Rechnung getragen.<\/p>\n<p>Die Daten werden gel\u00f6scht, sobald sie f\u00fcr unsere Aufzeichnungszwecke nicht mehr ben\u00f6tigt werden.<\/p>\n<p>N\u00e4here Informationen zu den Privatsph\u00e4reeinstellungen der Matomo Software finden Sie unter folgendem Link: <span><a href=\"https:\/\/matomo.org\/docs\/privacy\/\">https:\/\/matomo.org\/docs\/privacy\/<\/a><\/span>.<\/p>\n<p>[\/et_pb_text][\/et_pb_column][\/et_pb_row][\/et_pb_section]<\/p>\n","protected":false},"excerpt":{"rendered":"<p>Datenschutz Allgemeine Hinweise Die Hinweise geben einen \u00dcberblick dar\u00fcber, was mit Ihren personenbezogenen Daten passiert, wenn Sie diese Website besuchen. Personenbezogene Daten sind alle Informationen, mit denen Sie pers\u00f6nlich identifiziert werden k\u00f6nnen. Die Stadt Dortmund als Betreiberin der Website nimmt den Schutz Ihrer pers\u00f6nlichen Daten sehr ernst und behandelt Ihre personenbezogenen Daten vertraulich und entsprechend [&hellip;]<\/p>\n","protected":false},"author":1,"featured_media":0,"parent":0,"menu_order":0,"comment_status":"closed","ping_status":"closed","template":"","meta":{"_et_pb_use_builder":"on","_et_pb_old_content":"","_et_gb_content_width":"","inline_featured_image":false,"footnotes":""},"class_list":["post-10427","page","type-page","status-publish","hentry"],"yoast_head":"<!-- This site is optimized with the Yoast SEO plugin v27.3 - https:\/\/yoast.com\/product\/yoast-seo-wordpress\/ -->\n<title>Datenschutz - Dortmund<\/title>\n<meta name=\"robots\" content=\"index, follow, max-snippet:-1, max-image-preview:large, max-video-preview:-1\" \/>\n<link rel=\"canonical\" href=\"https:\/\/masterplan-wissenschaft.de\/de\/datenschutz-2\/\" \/>\n<meta property=\"og:locale\" content=\"de_DE\" \/>\n<meta property=\"og:type\" content=\"article\" \/>\n<meta property=\"og:title\" content=\"Datenschutz - Dortmund\" \/>\n<meta property=\"og:description\" content=\"Datenschutz Allgemeine Hinweise Die Hinweise geben einen \u00dcberblick dar\u00fcber, was mit Ihren personenbezogenen Daten passiert, wenn Sie diese Website besuchen. Personenbezogene Daten sind alle Informationen, mit denen Sie pers\u00f6nlich identifiziert werden k\u00f6nnen. Die Stadt Dortmund als Betreiberin der Website nimmt den Schutz Ihrer pers\u00f6nlichen Daten sehr ernst und behandelt Ihre personenbezogenen Daten vertraulich und entsprechend [&hellip;]\" \/>\n<meta property=\"og:url\" content=\"https:\/\/masterplan-wissenschaft.de\/de\/datenschutz-2\/\" \/>\n<meta property=\"og:site_name\" content=\"Dortmund\" \/>\n<meta property=\"article:modified_time\" content=\"2025-12-19T09:31:55+00:00\" \/>\n<meta name=\"twitter:card\" content=\"summary_large_image\" \/>\n<meta name=\"twitter:label1\" content=\"Gesch\u00e4tzte Lesezeit\" \/>\n\t<meta name=\"twitter:data1\" content=\"9\u00a0Minuten\" \/>\n<script type=\"application\/ld+json\" class=\"yoast-schema-graph\">{\"@context\":\"https:\\\/\\\/schema.org\",\"@graph\":[{\"@type\":\"WebPage\",\"@id\":\"https:\\\/\\\/masterplan-wissenschaft.de\\\/de\\\/datenschutz-2\\\/\",\"url\":\"https:\\\/\\\/masterplan-wissenschaft.de\\\/de\\\/datenschutz-2\\\/\",\"name\":\"Datenschutz - Dortmund\",\"isPartOf\":{\"@id\":\"https:\\\/\\\/masterplan-wissenschaft.de\\\/de\\\/#website\"},\"datePublished\":\"2021-05-18T08:02:25+00:00\",\"dateModified\":\"2025-12-19T09:31:55+00:00\",\"breadcrumb\":{\"@id\":\"https:\\\/\\\/masterplan-wissenschaft.de\\\/de\\\/datenschutz-2\\\/#breadcrumb\"},\"inLanguage\":\"de\",\"potentialAction\":[{\"@type\":\"ReadAction\",\"target\":[\"https:\\\/\\\/masterplan-wissenschaft.de\\\/de\\\/datenschutz-2\\\/\"]}]},{\"@type\":\"BreadcrumbList\",\"@id\":\"https:\\\/\\\/masterplan-wissenschaft.de\\\/de\\\/datenschutz-2\\\/#breadcrumb\",\"itemListElement\":[{\"@type\":\"ListItem\",\"position\":1,\"name\":\"Startseite\",\"item\":\"https:\\\/\\\/masterplan-wissenschaft.de\\\/de\\\/\"},{\"@type\":\"ListItem\",\"position\":2,\"name\":\"Datenschutz\"}]},{\"@type\":\"WebSite\",\"@id\":\"https:\\\/\\\/masterplan-wissenschaft.de\\\/de\\\/#website\",\"url\":\"https:\\\/\\\/masterplan-wissenschaft.de\\\/de\\\/\",\"name\":\"Masterplan Wissenschaft\",\"description\":\"Masterplan Wissenschaft\",\"publisher\":{\"@id\":\"https:\\\/\\\/masterplan-wissenschaft.de\\\/de\\\/#organization\"},\"potentialAction\":[{\"@type\":\"SearchAction\",\"target\":{\"@type\":\"EntryPoint\",\"urlTemplate\":\"https:\\\/\\\/masterplan-wissenschaft.de\\\/de\\\/?s={search_term_string}\"},\"query-input\":{\"@type\":\"PropertyValueSpecification\",\"valueRequired\":true,\"valueName\":\"search_term_string\"}}],\"inLanguage\":\"de\"},{\"@type\":\"Organization\",\"@id\":\"https:\\\/\\\/masterplan-wissenschaft.de\\\/de\\\/#organization\",\"name\":\"Stadt Dortmund\",\"url\":\"https:\\\/\\\/masterplan-wissenschaft.de\\\/de\\\/\",\"logo\":{\"@type\":\"ImageObject\",\"inLanguage\":\"de\",\"@id\":\"https:\\\/\\\/masterplan-wissenschaft.de\\\/de\\\/#\\\/schema\\\/logo\\\/image\\\/\",\"url\":\"https:\\\/\\\/masterplan-wissenschaft.de\\\/wp-content\\\/uploads\\\/2025\\\/08\\\/DO_Masterplan-Wissenschaft.png\",\"contentUrl\":\"https:\\\/\\\/masterplan-wissenschaft.de\\\/wp-content\\\/uploads\\\/2025\\\/08\\\/DO_Masterplan-Wissenschaft.png\",\"width\":2976,\"height\":710,\"caption\":\"Stadt Dortmund\"},\"image\":{\"@id\":\"https:\\\/\\\/masterplan-wissenschaft.de\\\/de\\\/#\\\/schema\\\/logo\\\/image\\\/\"}}]}<\/script>\n<!-- \/ Yoast SEO plugin. -->","yoast_head_json":{"title":"Datenschutz - Dortmund","robots":{"index":"index","follow":"follow","max-snippet":"max-snippet:-1","max-image-preview":"max-image-preview:large","max-video-preview":"max-video-preview:-1"},"canonical":"https:\/\/masterplan-wissenschaft.de\/de\/datenschutz-2\/","og_locale":"de_DE","og_type":"article","og_title":"Datenschutz - Dortmund","og_description":"Datenschutz Allgemeine Hinweise Die Hinweise geben einen \u00dcberblick dar\u00fcber, was mit Ihren personenbezogenen Daten passiert, wenn Sie diese Website besuchen. Personenbezogene Daten sind alle Informationen, mit denen Sie pers\u00f6nlich identifiziert werden k\u00f6nnen. Die Stadt Dortmund als Betreiberin der Website nimmt den Schutz Ihrer pers\u00f6nlichen Daten sehr ernst und behandelt Ihre personenbezogenen Daten vertraulich und entsprechend [&hellip;]","og_url":"https:\/\/masterplan-wissenschaft.de\/de\/datenschutz-2\/","og_site_name":"Dortmund","article_modified_time":"2025-12-19T09:31:55+00:00","twitter_card":"summary_large_image","twitter_misc":{"Gesch\u00e4tzte Lesezeit":"9\u00a0Minuten"},"schema":{"@context":"https:\/\/schema.org","@graph":[{"@type":"WebPage","@id":"https:\/\/masterplan-wissenschaft.de\/de\/datenschutz-2\/","url":"https:\/\/masterplan-wissenschaft.de\/de\/datenschutz-2\/","name":"Datenschutz - Dortmund","isPartOf":{"@id":"https:\/\/masterplan-wissenschaft.de\/de\/#website"},"datePublished":"2021-05-18T08:02:25+00:00","dateModified":"2025-12-19T09:31:55+00:00","breadcrumb":{"@id":"https:\/\/masterplan-wissenschaft.de\/de\/datenschutz-2\/#breadcrumb"},"inLanguage":"de","potentialAction":[{"@type":"ReadAction","target":["https:\/\/masterplan-wissenschaft.de\/de\/datenschutz-2\/"]}]},{"@type":"BreadcrumbList","@id":"https:\/\/masterplan-wissenschaft.de\/de\/datenschutz-2\/#breadcrumb","itemListElement":[{"@type":"ListItem","position":1,"name":"Startseite","item":"https:\/\/masterplan-wissenschaft.de\/de\/"},{"@type":"ListItem","position":2,"name":"Datenschutz"}]},{"@type":"WebSite","@id":"https:\/\/masterplan-wissenschaft.de\/de\/#website","url":"https:\/\/masterplan-wissenschaft.de\/de\/","name":"Masterplan Wissenschaft","description":"Masterplan Wissenschaft","publisher":{"@id":"https:\/\/masterplan-wissenschaft.de\/de\/#organization"},"potentialAction":[{"@type":"SearchAction","target":{"@type":"EntryPoint","urlTemplate":"https:\/\/masterplan-wissenschaft.de\/de\/?s={search_term_string}"},"query-input":{"@type":"PropertyValueSpecification","valueRequired":true,"valueName":"search_term_string"}}],"inLanguage":"de"},{"@type":"Organization","@id":"https:\/\/masterplan-wissenschaft.de\/de\/#organization","name":"Stadt Dortmund","url":"https:\/\/masterplan-wissenschaft.de\/de\/","logo":{"@type":"ImageObject","inLanguage":"de","@id":"https:\/\/masterplan-wissenschaft.de\/de\/#\/schema\/logo\/image\/","url":"https:\/\/masterplan-wissenschaft.de\/wp-content\/uploads\/2025\/08\/DO_Masterplan-Wissenschaft.png","contentUrl":"https:\/\/masterplan-wissenschaft.de\/wp-content\/uploads\/2025\/08\/DO_Masterplan-Wissenschaft.png","width":2976,"height":710,"caption":"Stadt Dortmund"},"image":{"@id":"https:\/\/masterplan-wissenschaft.de\/de\/#\/schema\/logo\/image\/"}}]}},"_links":{"self":[{"href":"https:\/\/masterplan-wissenschaft.de\/de\/wp-json\/wp\/v2\/pages\/10427","targetHints":{"allow":["GET"]}}],"collection":[{"href":"https:\/\/masterplan-wissenschaft.de\/de\/wp-json\/wp\/v2\/pages"}],"about":[{"href":"https:\/\/masterplan-wissenschaft.de\/de\/wp-json\/wp\/v2\/types\/page"}],"author":[{"embeddable":true,"href":"https:\/\/masterplan-wissenschaft.de\/de\/wp-json\/wp\/v2\/users\/1"}],"replies":[{"embeddable":true,"href":"https:\/\/masterplan-wissenschaft.de\/de\/wp-json\/wp\/v2\/comments?post=10427"}],"version-history":[{"count":21,"href":"https:\/\/masterplan-wissenschaft.de\/de\/wp-json\/wp\/v2\/pages\/10427\/revisions"}],"predecessor-version":[{"id":13619,"href":"https:\/\/masterplan-wissenschaft.de\/de\/wp-json\/wp\/v2\/pages\/10427\/revisions\/13619"}],"wp:attachment":[{"href":"https:\/\/masterplan-wissenschaft.de\/de\/wp-json\/wp\/v2\/media?parent=10427"}],"curies":[{"name":"wp","href":"https:\/\/api.w.org\/{rel}","templated":true}]}}