{"id":11428,"date":"2023-01-04T13:48:22","date_gmt":"2023-01-04T13:48:22","guid":{"rendered":"https:\/\/masterplan-wissenschaft.de\/?page_id=11428"},"modified":"2023-02-06T08:55:58","modified_gmt":"2023-02-06T08:55:58","slug":"kreativworkshps","status":"publish","type":"page","link":"https:\/\/masterplan-wissenschaft.de\/de\/kreativworkshps\/","title":{"rendered":"Kreativworkshops"},"content":{"rendered":"<p>[et_pb_section fb_built=&#8220;1&#8243; module_id=&#8220;exzellenz-vernetzung&#8220; _builder_version=&#8220;4.16&#8243; _module_preset=&#8220;default&#8220; background_color=&#8220;#000000&#8243; use_background_color_gradient=&#8220;on&#8220; background_color_gradient_stops=&#8220;rgba(0,19,46,0.85) 0%|rgba(0,19,46,0.85) 100%&#8220; background_color_gradient_overlays_image=&#8220;on&#8220; background_color_gradient_start=&#8220;rgba(0,19,46,0.85)&#8220; background_color_gradient_end=&#8220;rgba(0,19,46,0.85)&#8220; background_image=&#8220;https:\/\/masterplan-wissenschaft.de\/wp-content\/uploads\/2021\/02\/Stadt-Dortmund_Atomgrafik_v2_2021_lay1_freigest_randlos.png&#8220; background_size=&#8220;initial&#8220; background_position=&#8220;center_right&#8220; custom_padding=&#8220;130px||43px||false|false&#8220; global_colors_info=&#8220;{}&#8220;][et_pb_row _builder_version=&#8220;4.16&#8243; _module_preset=&#8220;default&#8220; custom_padding=&#8220;0px||0px|||&#8220; global_colors_info=&#8220;{}&#8220;][et_pb_column type=&#8220;4_4&#8243; _builder_version=&#8220;4.16&#8243; _module_preset=&#8220;default&#8220; global_colors_info=&#8220;{}&#8220;][et_pb_text _builder_version=&#8220;4.19.1&#8243; _module_preset=&#8220;default&#8220; text_font=&#8220;Istok Web||||||||&#8220; text_text_color=&#8220;#FFFFFF&#8220; text_font_size=&#8220;16px&#8220; header_font=&#8220;Istok Web|700|||||||&#8220; header_text_color=&#8220;#FFFFFF&#8220; header_font_size=&#8220;50px&#8220; header_line_height=&#8220;1.2em&#8220; header_2_text_color=&#8220;#000000&#8243; header_2_font_size=&#8220;50px&#8220; header_2_line_height=&#8220;1.2em&#8220; header_3_font_size=&#8220;50px&#8220; header_4_font_size=&#8220;50px&#8220; header_5_font_size=&#8220;50px&#8220; header_6_font_size=&#8220;50px&#8220; custom_padding=&#8220;0px|20px|0px|20px|false|false&#8220; custom_padding_tablet=&#8220;&#8220; custom_padding_phone=&#8220;0px|0px|0px|0px|false|true&#8220; custom_padding_last_edited=&#8220;on|phone&#8220; text_font_size_tablet=&#8220;&#8220; text_font_size_phone=&#8220;15px&#8220; text_font_size_last_edited=&#8220;on|phone&#8220; header_font_size_tablet=&#8220;70px&#8220; header_font_size_phone=&#8220;28px&#8220; header_font_size_last_edited=&#8220;on|phone&#8220; header_2_font_size_tablet=&#8220;70px&#8220; header_2_font_size_phone=&#8220;28px&#8220; header_2_font_size_last_edited=&#8220;on|phone&#8220; header_3_font_size_tablet=&#8220;70px&#8220; header_3_font_size_phone=&#8220;28px&#8220; header_3_font_size_last_edited=&#8220;on|phone&#8220; header_4_font_size_tablet=&#8220;70px&#8220; header_4_font_size_phone=&#8220;28px&#8220; header_4_font_size_last_edited=&#8220;on|phone&#8220; header_5_font_size_tablet=&#8220;70px&#8220; header_5_font_size_phone=&#8220;28px&#8220; header_5_font_size_last_edited=&#8220;on|phone&#8220; header_6_font_size_tablet=&#8220;70px&#8220; header_6_font_size_phone=&#8220;28px&#8220; header_6_font_size_last_edited=&#8220;on|phone&#8220; global_colors_info=&#8220;{}&#8220;]<\/p>\n<div class=\"wpb_text_column wpb_content_element \">\n<div class=\"wpb_wrapper\">\n<h1 class=\"p1\"><b>Mitmachen<\/b><\/h1>\n<\/div>\n<\/div>\n<p>[\/et_pb_text][\/et_pb_column][\/et_pb_row][et_pb_row column_structure=&#8220;1_2,1_2&#8243; _builder_version=&#8220;4.19.1&#8243; _module_preset=&#8220;default&#8220; custom_padding=&#8220;0px||1px|||&#8220; global_colors_info=&#8220;{}&#8220;][et_pb_column type=&#8220;1_2&#8243; _builder_version=&#8220;4.16&#8243; _module_preset=&#8220;default&#8220; global_colors_info=&#8220;{}&#8220;][et_pb_text _builder_version=&#8220;4.19.1&#8243; _module_preset=&#8220;default&#8220; text_font=&#8220;Istok Web||||||||&#8220; text_text_color=&#8220;#FFFFFF&#8220; text_font_size=&#8220;16px&#8220; header_font=&#8220;Istok Web|700|||||||&#8220; header_text_color=&#8220;#ffffff&#8220; header_font_size=&#8220;50px&#8220; header_line_height=&#8220;1.2em&#8220; header_2_text_color=&#8220;#FFFFFF&#8220; header_2_line_height=&#8220;1.2em&#8220; min_height=&#8220;220px&#8220; custom_padding=&#8220;20px|20px|0px|20px|false|false&#8220; custom_padding_tablet=&#8220;&#8220; custom_padding_phone=&#8220;20px|0px|20px|0px|false|true&#8220; custom_padding_last_edited=&#8220;on|phone&#8220; hover_enabled=&#8220;0&#8243; text_font_size_tablet=&#8220;&#8220; text_font_size_phone=&#8220;15px&#8220; text_font_size_last_edited=&#8220;on|phone&#8220; ol_font_size_tablet=&#8220;&#8220; ol_font_size_phone=&#8220;15px&#8220; ol_font_size_last_edited=&#8220;on|phone&#8220; global_colors_info=&#8220;{}&#8220; sticky_enabled=&#8220;0&#8243;]<\/p>\n<div class=\"wpb_text_column wpb_content_element \">\n<div class=\"wpb_wrapper\">\n<h3 class=\"et_pb_toggle_title\"><span style=\"color: #ffffff;\"><strong>KREATIVWORKSHOPS F\u00dcR JUGENDLICHE UND STUDIERENDE<\/strong><\/span><\/h3>\n<p>Dortmund ist mit dem iCapital Award of Innovation von der europ\u00e4ischen Kommission ausgezeichnet worden und tr\u00e4gt somit als erste deutsche Stadt den Titel <a href=\"https:\/\/www.dortmund.de\/de\/leben_in_dortmund\/ausunsererstadt\/dortmund_innovationshauptstadt_europas\/index.html#:~:text=Dortmund%20ist%20als%20erste%20deutsche,%2C%20Athen%2C%20Nantes%20und%20Leuven.\">Innovationshauptsadt Europas<\/a>. Der iCapital Award ist ein j\u00e4hrlicher Anerkennungspreis, der an die europ\u00e4ischen St\u00e4dte vergeben wird, die die Innovation in ihren Gemeinden am besten f\u00f6rdern.<o:p><\/o:p><\/p>\n<p>Rund um den 9. Mai 2023, den Europatag, finden bundesweit die Europawochen statt. Erstmalig steht im Jahr 2023 der ganze Mai (30.04.23-31.05.23) im Zeichen der europ\u00e4ischen Einigung. Der Europatag ist eine gute Gelegenheit, den Gewinn des europ\u00e4ischen Wettbewerbs und Dortmunds Bem\u00fchungen auf europ\u00e4ischer Ebene zu thematisieren. Dies soll in Form eines Murals (gemaltes Wandbild) geschehen.<\/p>\n<p>Zur Vorbereitung des finalen Motivs soll je ein Kreativworkshop mit Jugendlichen und Studierenden durchgef\u00fchrt werden, bei denen sich die Teilnehmenden mit den Themen \u201eInnovationen\u201c, \u201eInnovations\u00f6kosystem\u201c und \u201eEurop\u00e4ische Zusammenarbeit\u201c auseinandersetzen und erste Ideen f\u00fcr das Mural entwickeln.<\/p>\n<h2>Macht mit!<\/h2>\n<p>Unter Anleitung des K\u00fcnstlers entwickelt Ihr in der Kreativphase des Workshops erste Ideen f\u00fcr das Mural. Es ist keine inhaltliche Vorbereitung notwendig. Auch spezifische Vorkenntnisse werden nicht vorausgesetzt, obwohl ein Basiswissen \u00fcber die Europ\u00e4ische Union hilfreich sein kann.<\/p>\n<h2>Die Workshops finden statt am <strong>Mittwoch, den 08. Februar 2023<\/strong><\/h2>\n<ul>\n<li>10.00 &#8211; 13.00 Uhr | Studierende der Dortmunder Hochschulen<\/li>\n<li>15.30 &#8211; 19.00 Uhr | Jugendliche (abgesagt)<\/li>\n<\/ul>\n<p>Anmelden k\u00f6nnt Ihr Euch einfach per Mail per Mail an <a href=\"mailto:projektor@stadtdo.de\">projektor@stadtdo.de<\/a> unter Angabe von Name, Alter und Hochschule bzw. Schule. Anmeldeschluss ist der 29. Januar 2023.<\/p>\n<p>Die Workshops sind auf 15 Personen begrenzt. Sollten sich mehr Personen anmelden, kommt Ihr automatisch auf eine Warteliste.<\/p>\n<p class=\"p1\"><strong>Veranstaltungsort: Projektor, Westenhellweg 136, 44137 Dortmund<br \/>Anreise mit \u00d6PNV: U43 oder U44, Westentor (H)<\/strong><\/p>\n<p class=\"p1\">\n<\/div>\n<\/div>\n<p>[\/et_pb_text][\/et_pb_column][et_pb_column type=&#8220;1_2&#8243; _builder_version=&#8220;4.16&#8243; _module_preset=&#8220;default&#8220; global_colors_info=&#8220;{}&#8220;][et_pb_image src=&#8220;https:\/\/masterplan-wissenschaft.de\/wp-content\/uploads\/2023\/01\/Mural-artist-bro.png&#8220; alt=&#8220;Grafik: M\u00e4dchen malt ein Mural&#8220; title_text=&#8220;Mural artist-bro&#8220; _builder_version=&#8220;4.19.1&#8243; _module_preset=&#8220;default&#8220; global_colors_info=&#8220;{}&#8220;][\/et_pb_image][et_pb_text _builder_version=&#8220;4.19.1&#8243; _module_preset=&#8220;default&#8220; global_colors_info=&#8220;{}&#8220;]<\/p>\n<p style=\"text-align: right;\"><span style=\"color: #ffffff;\">Bildquelle: storyset von freepik.com<\/span><\/p>\n<p>[\/et_pb_text][et_pb_accordion _builder_version=&#8220;4.19.1&#8243; _module_preset=&#8220;default&#8220; global_colors_info=&#8220;{}&#8220;][et_pb_accordion_item open=&#8220;on&#8220; _builder_version=&#8220;4.19.1&#8243; _module_preset=&#8220;default&#8220; background_color=&#8220;RGBA(255,255,255,0)&#8220; background_enable_color=&#8220;on&#8220; global_colors_info=&#8220;{}&#8220;]<\/p>\n<h3><strong><span style=\"color: #ffffff;\">Hintergrund<\/span><\/strong><\/h3>\n<p><span style=\"color: #ffffff;\">Dortmund hat seit dem Wegfall von Kohle, Stahl und Bier einen enormen Strukturwandel durchlebt. Gro\u00dfprojekte wie der Phoenix See, das Dortmunder U oder die Renaturierung der Emscher sind beispielhafte Innovationsprojekte. Doch auch die nachbarschaftliche Zusammenarbeit in Innovationsnetzwerken steht im Zentrum des Dortmunder Innovationsansatzes, <span style=\"text-decoration: underline;\">der technologische, soziale und kulturelle Innovationen<\/span> einschlie\u00dft. Denn in Dortmund entstehen Innovationen \u00fcberall &#8211; ob in Unternehmen, im Labor, im Hinterhof oder in der Kneipe. Menschen mit unterschiedlichem Hintergrund treffen in Dortmund zusammen, finden verl\u00e4ssliche Partner*innen und arbeiten vor Ort an einer gemeinsamen Vision.<\/span><\/p>\n<p><span style=\"color: #ffffff;\">Auch auf europ\u00e4ischer Ebene kann man sich auf Dortmund verlassen. Dortmund bringt sich aktiv in die europ\u00e4ische Politik ein und dient \u00fcber die Grenzen hinweg als Best-Practice-Beispiel z.B. f\u00fcr einen erfolgreichen Strukturwandel. Durch die Mitarbeit in regionalen und internationalen Netzwerken werden lokale Themen auf die internationale Agenda gesetzt.<\/span><\/p>\n<p>[\/et_pb_accordion_item][\/et_pb_accordion][\/et_pb_column][\/et_pb_row][et_pb_row _builder_version=&#8220;4.19.1&#8243; _module_preset=&#8220;default&#8220; global_colors_info=&#8220;{}&#8220;][et_pb_column type=&#8220;4_4&#8243; _builder_version=&#8220;4.19.1&#8243; _module_preset=&#8220;default&#8220; global_colors_info=&#8220;{}&#8220;][\/et_pb_column][\/et_pb_row][\/et_pb_section]<\/p>\n","protected":false},"excerpt":{"rendered":"<p>Mitmachen KREATIVWORKSHOPS F\u00dcR JUGENDLICHE UND STUDIERENDE Dortmund ist mit dem iCapital Award of Innovation von der europ\u00e4ischen Kommission ausgezeichnet worden und tr\u00e4gt somit als erste deutsche Stadt den Titel Innovationshauptsadt Europas. Der iCapital Award ist ein j\u00e4hrlicher Anerkennungspreis, der an die europ\u00e4ischen St\u00e4dte vergeben wird, die die Innovation in ihren Gemeinden am besten f\u00f6rdern. Rund [&hellip;]<\/p>\n","protected":false},"author":9,"featured_media":0,"parent":0,"menu_order":0,"comment_status":"closed","ping_status":"closed","template":"","meta":{"_et_pb_use_builder":"on","_et_pb_old_content":"","_et_gb_content_width":"","inline_featured_image":false,"footnotes":""},"class_list":["post-11428","page","type-page","status-publish","hentry"],"yoast_head":"<!-- This site is optimized with the Yoast SEO plugin v27.3 - https:\/\/yoast.com\/product\/yoast-seo-wordpress\/ -->\n<title>Kreativworkshops - Dortmund<\/title>\n<meta name=\"robots\" content=\"index, follow, max-snippet:-1, max-image-preview:large, max-video-preview:-1\" \/>\n<link rel=\"canonical\" href=\"https:\/\/masterplan-wissenschaft.de\/de\/kreativworkshps\/\" \/>\n<meta property=\"og:locale\" content=\"de_DE\" \/>\n<meta property=\"og:type\" content=\"article\" \/>\n<meta property=\"og:title\" content=\"Kreativworkshops - Dortmund\" \/>\n<meta property=\"og:description\" content=\"Mitmachen KREATIVWORKSHOPS F\u00dcR JUGENDLICHE UND STUDIERENDE Dortmund ist mit dem iCapital Award of Innovation von der europ\u00e4ischen Kommission ausgezeichnet worden und tr\u00e4gt somit als erste deutsche Stadt den Titel Innovationshauptsadt Europas. Der iCapital Award ist ein j\u00e4hrlicher Anerkennungspreis, der an die europ\u00e4ischen St\u00e4dte vergeben wird, die die Innovation in ihren Gemeinden am besten f\u00f6rdern. Rund [&hellip;]\" \/>\n<meta property=\"og:url\" content=\"https:\/\/masterplan-wissenschaft.de\/de\/kreativworkshps\/\" \/>\n<meta property=\"og:site_name\" content=\"Dortmund\" \/>\n<meta property=\"article:modified_time\" content=\"2023-02-06T08:55:58+00:00\" \/>\n<meta name=\"twitter:card\" content=\"summary_large_image\" \/>\n<meta name=\"twitter:label1\" content=\"Gesch\u00e4tzte Lesezeit\" \/>\n\t<meta name=\"twitter:data1\" content=\"5\u00a0Minuten\" \/>\n<script type=\"application\/ld+json\" class=\"yoast-schema-graph\">{\"@context\":\"https:\\\/\\\/schema.org\",\"@graph\":[{\"@type\":\"WebPage\",\"@id\":\"https:\\\/\\\/masterplan-wissenschaft.de\\\/kreativworkshps\\\/\",\"url\":\"https:\\\/\\\/masterplan-wissenschaft.de\\\/kreativworkshps\\\/\",\"name\":\"Kreativworkshops - Dortmund\",\"isPartOf\":{\"@id\":\"https:\\\/\\\/masterplan-wissenschaft.de\\\/de\\\/#website\"},\"datePublished\":\"2023-01-04T13:48:22+00:00\",\"dateModified\":\"2023-02-06T08:55:58+00:00\",\"breadcrumb\":{\"@id\":\"https:\\\/\\\/masterplan-wissenschaft.de\\\/kreativworkshps\\\/#breadcrumb\"},\"inLanguage\":\"de\",\"potentialAction\":[{\"@type\":\"ReadAction\",\"target\":[\"https:\\\/\\\/masterplan-wissenschaft.de\\\/kreativworkshps\\\/\"]}]},{\"@type\":\"BreadcrumbList\",\"@id\":\"https:\\\/\\\/masterplan-wissenschaft.de\\\/kreativworkshps\\\/#breadcrumb\",\"itemListElement\":[{\"@type\":\"ListItem\",\"position\":1,\"name\":\"Startseite\",\"item\":\"https:\\\/\\\/masterplan-wissenschaft.de\\\/de\\\/\"},{\"@type\":\"ListItem\",\"position\":2,\"name\":\"Kreativworkshops\"}]},{\"@type\":\"WebSite\",\"@id\":\"https:\\\/\\\/masterplan-wissenschaft.de\\\/de\\\/#website\",\"url\":\"https:\\\/\\\/masterplan-wissenschaft.de\\\/de\\\/\",\"name\":\"Masterplan Wissenschaft\",\"description\":\"Masterplan Wissenschaft\",\"publisher\":{\"@id\":\"https:\\\/\\\/masterplan-wissenschaft.de\\\/de\\\/#organization\"},\"potentialAction\":[{\"@type\":\"SearchAction\",\"target\":{\"@type\":\"EntryPoint\",\"urlTemplate\":\"https:\\\/\\\/masterplan-wissenschaft.de\\\/de\\\/?s={search_term_string}\"},\"query-input\":{\"@type\":\"PropertyValueSpecification\",\"valueRequired\":true,\"valueName\":\"search_term_string\"}}],\"inLanguage\":\"de\"},{\"@type\":\"Organization\",\"@id\":\"https:\\\/\\\/masterplan-wissenschaft.de\\\/de\\\/#organization\",\"name\":\"Stadt Dortmund\",\"url\":\"https:\\\/\\\/masterplan-wissenschaft.de\\\/de\\\/\",\"logo\":{\"@type\":\"ImageObject\",\"inLanguage\":\"de\",\"@id\":\"https:\\\/\\\/masterplan-wissenschaft.de\\\/de\\\/#\\\/schema\\\/logo\\\/image\\\/\",\"url\":\"https:\\\/\\\/masterplan-wissenschaft.de\\\/wp-content\\\/uploads\\\/2025\\\/08\\\/DO_Masterplan-Wissenschaft.png\",\"contentUrl\":\"https:\\\/\\\/masterplan-wissenschaft.de\\\/wp-content\\\/uploads\\\/2025\\\/08\\\/DO_Masterplan-Wissenschaft.png\",\"width\":2976,\"height\":710,\"caption\":\"Stadt Dortmund\"},\"image\":{\"@id\":\"https:\\\/\\\/masterplan-wissenschaft.de\\\/de\\\/#\\\/schema\\\/logo\\\/image\\\/\"}}]}<\/script>\n<!-- \/ Yoast SEO plugin. -->","yoast_head_json":{"title":"Kreativworkshops - Dortmund","robots":{"index":"index","follow":"follow","max-snippet":"max-snippet:-1","max-image-preview":"max-image-preview:large","max-video-preview":"max-video-preview:-1"},"canonical":"https:\/\/masterplan-wissenschaft.de\/de\/kreativworkshps\/","og_locale":"de_DE","og_type":"article","og_title":"Kreativworkshops - Dortmund","og_description":"Mitmachen KREATIVWORKSHOPS F\u00dcR JUGENDLICHE UND STUDIERENDE Dortmund ist mit dem iCapital Award of Innovation von der europ\u00e4ischen Kommission ausgezeichnet worden und tr\u00e4gt somit als erste deutsche Stadt den Titel Innovationshauptsadt Europas. Der iCapital Award ist ein j\u00e4hrlicher Anerkennungspreis, der an die europ\u00e4ischen St\u00e4dte vergeben wird, die die Innovation in ihren Gemeinden am besten f\u00f6rdern. Rund [&hellip;]","og_url":"https:\/\/masterplan-wissenschaft.de\/de\/kreativworkshps\/","og_site_name":"Dortmund","article_modified_time":"2023-02-06T08:55:58+00:00","twitter_card":"summary_large_image","twitter_misc":{"Gesch\u00e4tzte Lesezeit":"5\u00a0Minuten"},"schema":{"@context":"https:\/\/schema.org","@graph":[{"@type":"WebPage","@id":"https:\/\/masterplan-wissenschaft.de\/kreativworkshps\/","url":"https:\/\/masterplan-wissenschaft.de\/kreativworkshps\/","name":"Kreativworkshops - Dortmund","isPartOf":{"@id":"https:\/\/masterplan-wissenschaft.de\/de\/#website"},"datePublished":"2023-01-04T13:48:22+00:00","dateModified":"2023-02-06T08:55:58+00:00","breadcrumb":{"@id":"https:\/\/masterplan-wissenschaft.de\/kreativworkshps\/#breadcrumb"},"inLanguage":"de","potentialAction":[{"@type":"ReadAction","target":["https:\/\/masterplan-wissenschaft.de\/kreativworkshps\/"]}]},{"@type":"BreadcrumbList","@id":"https:\/\/masterplan-wissenschaft.de\/kreativworkshps\/#breadcrumb","itemListElement":[{"@type":"ListItem","position":1,"name":"Startseite","item":"https:\/\/masterplan-wissenschaft.de\/de\/"},{"@type":"ListItem","position":2,"name":"Kreativworkshops"}]},{"@type":"WebSite","@id":"https:\/\/masterplan-wissenschaft.de\/de\/#website","url":"https:\/\/masterplan-wissenschaft.de\/de\/","name":"Masterplan Wissenschaft","description":"Masterplan Wissenschaft","publisher":{"@id":"https:\/\/masterplan-wissenschaft.de\/de\/#organization"},"potentialAction":[{"@type":"SearchAction","target":{"@type":"EntryPoint","urlTemplate":"https:\/\/masterplan-wissenschaft.de\/de\/?s={search_term_string}"},"query-input":{"@type":"PropertyValueSpecification","valueRequired":true,"valueName":"search_term_string"}}],"inLanguage":"de"},{"@type":"Organization","@id":"https:\/\/masterplan-wissenschaft.de\/de\/#organization","name":"Stadt Dortmund","url":"https:\/\/masterplan-wissenschaft.de\/de\/","logo":{"@type":"ImageObject","inLanguage":"de","@id":"https:\/\/masterplan-wissenschaft.de\/de\/#\/schema\/logo\/image\/","url":"https:\/\/masterplan-wissenschaft.de\/wp-content\/uploads\/2025\/08\/DO_Masterplan-Wissenschaft.png","contentUrl":"https:\/\/masterplan-wissenschaft.de\/wp-content\/uploads\/2025\/08\/DO_Masterplan-Wissenschaft.png","width":2976,"height":710,"caption":"Stadt Dortmund"},"image":{"@id":"https:\/\/masterplan-wissenschaft.de\/de\/#\/schema\/logo\/image\/"}}]}},"_links":{"self":[{"href":"https:\/\/masterplan-wissenschaft.de\/de\/wp-json\/wp\/v2\/pages\/11428","targetHints":{"allow":["GET"]}}],"collection":[{"href":"https:\/\/masterplan-wissenschaft.de\/de\/wp-json\/wp\/v2\/pages"}],"about":[{"href":"https:\/\/masterplan-wissenschaft.de\/de\/wp-json\/wp\/v2\/types\/page"}],"author":[{"embeddable":true,"href":"https:\/\/masterplan-wissenschaft.de\/de\/wp-json\/wp\/v2\/users\/9"}],"replies":[{"embeddable":true,"href":"https:\/\/masterplan-wissenschaft.de\/de\/wp-json\/wp\/v2\/comments?post=11428"}],"version-history":[{"count":14,"href":"https:\/\/masterplan-wissenschaft.de\/de\/wp-json\/wp\/v2\/pages\/11428\/revisions"}],"predecessor-version":[{"id":11638,"href":"https:\/\/masterplan-wissenschaft.de\/de\/wp-json\/wp\/v2\/pages\/11428\/revisions\/11638"}],"wp:attachment":[{"href":"https:\/\/masterplan-wissenschaft.de\/de\/wp-json\/wp\/v2\/media?parent=11428"}],"curies":[{"name":"wp","href":"https:\/\/api.w.org\/{rel}","templated":true}]}}