{"id":12813,"date":"2025-03-18T07:59:54","date_gmt":"2025-03-18T07:59:54","guid":{"rendered":"https:\/\/masterplan-wissenschaft.de\/?page_id=12813"},"modified":"2026-03-04T12:47:49","modified_gmt":"2026-03-04T12:47:49","slug":"nachbarbude","status":"publish","type":"page","link":"https:\/\/masterplan-wissenschaft.de\/de\/nachbarbude\/","title":{"rendered":"Nachbarbude"},"content":{"rendered":"<p>[et_pb_section fb_built=&#8220;1&#8243; admin_label=&#8220;Header&#8220; _builder_version=&#8220;4.16&#8243; use_background_color_gradient=&#8220;on&#8220; background_color_gradient_start=&#8220;#00132e&#8220; background_color_gradient_end=&#8220;rgba(0,19,46,0.3)&#8220; background_color_gradient_end_position=&#8220;70%&#8220; custom_padding=&#8220;130px|40px|276px|40px|false|true&#8220; locked=&#8220;off&#8220; global_colors_info=&#8220;{}&#8220;][et_pb_row _builder_version=&#8220;4.16&#8243; width_tablet=&#8220;100%&#8220; width_phone=&#8220;&#8220; width_last_edited=&#8220;on|tablet&#8220; custom_margin=&#8220;-2px|auto|60px|auto||&#8220; custom_padding=&#8220;0px||0px|||&#8220; global_colors_info=&#8220;{}&#8220;][et_pb_column type=&#8220;4_4&#8243; _builder_version=&#8220;4.16&#8243; global_colors_info=&#8220;{}&#8220;][et_pb_text _builder_version=&#8220;4.27.5&#8243; text_font_size=&#8220;6px&#8220; header_font=&#8220;Poppins|700|||||||&#8220; header_font_size=&#8220;50px&#8220; background_layout=&#8220;dark&#8220; max_width=&#8220;1026px&#8220; custom_margin=&#8220;||||false|false&#8220; custom_padding=&#8220;||0px|||&#8220; header_font_size_tablet=&#8220;70px&#8220; header_font_size_phone=&#8220;28px&#8220; header_font_size_last_edited=&#8220;on|phone&#8220; global_colors_info=&#8220;{}&#8220;]<\/p>\n<h1>NachbarBude \u2013 Eine BUDE f\u00fcr ALLE<\/h1>\n<p>[\/et_pb_text][\/et_pb_column][\/et_pb_row][et_pb_row _builder_version=&#8220;4.27.5&#8243; _module_preset=&#8220;default&#8220; hover_enabled=&#8220;0&#8243; global_colors_info=&#8220;{}&#8220; custom_margin=&#8220;-50px||||false|false&#8220; sticky_enabled=&#8220;0&#8243;][et_pb_column type=&#8220;4_4&#8243; _builder_version=&#8220;4.16&#8243; _module_preset=&#8220;default&#8220; global_colors_info=&#8220;{}&#8220;][et_pb_text _builder_version=&#8220;4.27.5&#8243; _module_preset=&#8220;default&#8220; text_font=&#8220;Poppins||||||||&#8220; text_text_color=&#8220;#FFFFFF&#8220; text_font_size=&#8220;15px&#8220; header_text_color=&#8220;#FFFFFF&#8220; min_height=&#8220;21.2px&#8220; hover_enabled=&#8220;0&#8243; global_colors_info=&#8220;{}&#8220; sticky_enabled=&#8220;0&#8243;]<\/p>\n<p>Seit dem 28. April 2021 b\u00fcndelt die NachbarBude Informationen \u00fcber die vielf\u00e4ltigen Angebote der Dortmunder Nordstadt und f\u00f6rdert die Vernetzung der Nachbarschaft untereinander. Ein restaurierter Bauwagen schm\u00fcckt derzeit den Kirchplatz in der M\u00fcnsterstra\u00dfe 57 und dient als Anlaufstelle f\u00fcr nachbarschaftliches Engagement. Ein Fokus liegt auf haushaltsnahen Dienstleistungen. Die NachbarBude vermittelt dabei zwischen der Nachbarschaft und dient als Anlaufstelle f\u00fcr Bedarfe und Hilfsangebote: von kleinen Reparaturen bis hin zu Eink\u00e4ufen \u00fcber sonstige Alltagshilfen. Geplant ist, das Angebot in Kooperation mit Dortmunder Handwerksbetrieben\/ Dienstleistern auch professionell auszuweiten.<\/p>\n<p>Neben einem Fokus auf Hilfs- und Beratungsangeboten steht vor allem die Information \u00fcber die vielen kostenlosen kreativen und kulturellen Angeboten des Viertels im Vordergrund. So m\u00f6chte das \u201eBudenteam\u201c verschiedenste Milieus f\u00fcr kulturelle Veranstaltungen begeistern, mitnehmen und milieu\u00fcbergreifende Begegnung f\u00f6rdern. Die Nachbarschaft der Nordstadtquartiere ist bunt und vielf\u00e4ltig und zu einem gro\u00dfen Teil von sozio\u00f6konomischen Nachteilen gepr\u00e4gt. Die NachbarBude, die sich als \u201eBude f\u00fcr ALLE\u201c versteht, m\u00f6chte unabh\u00e4ngig davon Menschen, Nachbarn und Nachbarinnen daf\u00fcr begeistern einander ehrenamtlich zu helfen und die Begegnung verschiedenster Bev\u00f6lkerungsgruppen erm\u00f6glichen, die sonst nur an der Supermarktkasse aufeinandertreffen.<\/p>\n<blockquote>\n<p><em>\u201eSch\u00f6n ist, dass wir feststellen, dass auch Menschen, die sich selbst in herausfordernden Lebenslagen befinden, Freude daran haben, sich zu engagieren. Nach dem Motto: \u201aIch habe gerade auch ein paar Baustellen, aber ich habe etwas Zeit, kann gerne f\u00fcr jemanden einkaufen gehen oder dabei helfen Regale zusammenzubauen.\u2018, berichtet Ehrenamtskoordinatorin Romina. \u201eEs kann also jede*r etwas zur guten Nachbarschaft beitragen.\u201c<\/em><\/p>\n<\/blockquote>\n<p>An der Bude kann man sich auf ein Getr\u00e4nk treffen, sich austauschen und einander Hilfe anbieten. Gemeinsame Besuche von Konzerten im Nordstadtquartier und die F\u00f6rderung der Initiative \u201eKulturPott.Ruhr\u201c in Kooperation mit Borsig 11 sind einige der Aktionen, welche die NachbarBude derzeit umsetzt.<\/p>\n<p>Die NachbarBude ist eines von vielen kreativen Umsetzungsprojekten, das im Rahmen der Vergabe des iCapital Awards realisiert wurde.<\/p>\n<p>Wer Lust hat sich zu engagieren oder mehr \u00fcber die NachbarBude zu erfahren ist herzlich willkommen!<\/p>\n<p>[\/et_pb_text][\/et_pb_column][\/et_pb_row][et_pb_row _builder_version=&#8220;4.16&#8243; _module_preset=&#8220;default&#8220; custom_margin=&#8220;|auto|25px|auto||&#8220; global_colors_info=&#8220;{}&#8220;][et_pb_column type=&#8220;4_4&#8243; _builder_version=&#8220;4.16&#8243; _module_preset=&#8220;default&#8220; global_colors_info=&#8220;{}&#8220;][et_pb_blurb image=&#8220;https:\/\/masterplan-wissenschaft.de\/wp-content\/uploads\/2025\/03\/20230831_121057-scaled.jpg&#8220; content_max_width=&#8220;1100px&#8220; _builder_version=&#8220;4.27.5&#8243; _module_preset=&#8220;default&#8220; max_width=&#8220;100%&#8220; hover_enabled=&#8220;0&#8243; border_radii=&#8220;on|20px|20px|20px|20px&#8220; border_radii_image=&#8220;on|20px|20px|20px|20px&#8220; global_colors_info=&#8220;{}&#8220; background_layout=&#8220;dark&#8220; custom_margin=&#8220;-10px||0px||false|false&#8220; sticky_enabled=&#8220;0&#8243; custom_padding=&#8220;0px||0px||false|false&#8220; height=&#8220;1000px&#8220; header_font=&#8220;Poppins||||||||&#8220; body_font=&#8220;Poppins||||||||&#8220;]<\/p>\n<p><em>Was alles m\u00f6glich ist, wenn man zusammen anpackt zeigt der Prozess, der Entwicklung der NachbarBude. Aus einem in die Jahre gekommenen Bauwagen kreierten Jugendliche aus Projekten der Gr\u00fcnBau gGmbH gemeinsam mit Schreiner Matthias Wilmering die jetzige NachbarBude.<\/em><\/p>\n<p>[\/et_pb_blurb][\/et_pb_column][\/et_pb_row][et_pb_row _builder_version=&#8220;4.16&#8243; _module_preset=&#8220;default&#8220; custom_margin=&#8220;|auto|25px|auto||&#8220; hover_enabled=&#8220;0&#8243; global_colors_info=&#8220;{}&#8220; sticky_enabled=&#8220;0&#8243;][et_pb_column type=&#8220;4_4&#8243; _builder_version=&#8220;4.16&#8243; _module_preset=&#8220;default&#8220; global_colors_info=&#8220;{}&#8220;][\/et_pb_column][\/et_pb_row][\/et_pb_section]<\/p>\n","protected":false},"excerpt":{"rendered":"<p>NachbarBude \u2013 Eine BUDE f\u00fcr ALLESeit dem 28. April 2021 b\u00fcndelt die NachbarBude Informationen \u00fcber die vielf\u00e4ltigen Angebote der Dortmunder Nordstadt und f\u00f6rdert die Vernetzung der Nachbarschaft untereinander. Ein restaurierter Bauwagen schm\u00fcckt derzeit den Kirchplatz in der M\u00fcnsterstra\u00dfe 57 und dient als Anlaufstelle f\u00fcr nachbarschaftliches Engagement. Ein Fokus liegt auf haushaltsnahen Dienstleistungen. Die NachbarBude vermittelt [&hellip;]<\/p>\n","protected":false},"author":9,"featured_media":0,"parent":0,"menu_order":0,"comment_status":"closed","ping_status":"closed","template":"","meta":{"_et_pb_use_builder":"on","_et_pb_old_content":"","_et_gb_content_width":"","inline_featured_image":false,"footnotes":""},"class_list":["post-12813","page","type-page","status-publish","hentry"],"yoast_head":"<!-- This site is optimized with the Yoast SEO plugin v27.3 - https:\/\/yoast.com\/product\/yoast-seo-wordpress\/ -->\n<title>Nachbarbude - Dortmund<\/title>\n<meta name=\"robots\" content=\"index, follow, max-snippet:-1, max-image-preview:large, max-video-preview:-1\" \/>\n<link rel=\"canonical\" href=\"https:\/\/masterplan-wissenschaft.de\/de\/nachbarbude\/\" \/>\n<meta property=\"og:locale\" content=\"de_DE\" \/>\n<meta property=\"og:type\" content=\"article\" \/>\n<meta property=\"og:title\" content=\"Nachbarbude - Dortmund\" \/>\n<meta property=\"og:description\" content=\"NachbarBude \u2013 Eine BUDE f\u00fcr ALLESeit dem 28. April 2021 b\u00fcndelt die NachbarBude Informationen \u00fcber die vielf\u00e4ltigen Angebote der Dortmunder Nordstadt und f\u00f6rdert die Vernetzung der Nachbarschaft untereinander. Ein restaurierter Bauwagen schm\u00fcckt derzeit den Kirchplatz in der M\u00fcnsterstra\u00dfe 57 und dient als Anlaufstelle f\u00fcr nachbarschaftliches Engagement. Ein Fokus liegt auf haushaltsnahen Dienstleistungen. Die NachbarBude vermittelt [&hellip;]\" \/>\n<meta property=\"og:url\" content=\"https:\/\/masterplan-wissenschaft.de\/de\/nachbarbude\/\" \/>\n<meta property=\"og:site_name\" content=\"Dortmund\" \/>\n<meta property=\"article:modified_time\" content=\"2026-03-04T12:47:49+00:00\" \/>\n<meta name=\"twitter:card\" content=\"summary_large_image\" \/>\n<meta name=\"twitter:label1\" content=\"Gesch\u00e4tzte Lesezeit\" \/>\n\t<meta name=\"twitter:data1\" content=\"4\u00a0Minuten\" \/>\n<script type=\"application\/ld+json\" class=\"yoast-schema-graph\">{\"@context\":\"https:\\\/\\\/schema.org\",\"@graph\":[{\"@type\":\"WebPage\",\"@id\":\"https:\\\/\\\/masterplan-wissenschaft.de\\\/de\\\/nachbarbude\\\/\",\"url\":\"https:\\\/\\\/masterplan-wissenschaft.de\\\/de\\\/nachbarbude\\\/\",\"name\":\"Nachbarbude - Dortmund\",\"isPartOf\":{\"@id\":\"https:\\\/\\\/masterplan-wissenschaft.de\\\/de\\\/#website\"},\"datePublished\":\"2025-03-18T07:59:54+00:00\",\"dateModified\":\"2026-03-04T12:47:49+00:00\",\"breadcrumb\":{\"@id\":\"https:\\\/\\\/masterplan-wissenschaft.de\\\/de\\\/nachbarbude\\\/#breadcrumb\"},\"inLanguage\":\"de\",\"potentialAction\":[{\"@type\":\"ReadAction\",\"target\":[\"https:\\\/\\\/masterplan-wissenschaft.de\\\/de\\\/nachbarbude\\\/\"]}]},{\"@type\":\"BreadcrumbList\",\"@id\":\"https:\\\/\\\/masterplan-wissenschaft.de\\\/de\\\/nachbarbude\\\/#breadcrumb\",\"itemListElement\":[{\"@type\":\"ListItem\",\"position\":1,\"name\":\"Startseite\",\"item\":\"https:\\\/\\\/masterplan-wissenschaft.de\\\/de\\\/\"},{\"@type\":\"ListItem\",\"position\":2,\"name\":\"Nachbarbude\"}]},{\"@type\":\"WebSite\",\"@id\":\"https:\\\/\\\/masterplan-wissenschaft.de\\\/de\\\/#website\",\"url\":\"https:\\\/\\\/masterplan-wissenschaft.de\\\/de\\\/\",\"name\":\"Masterplan Wissenschaft\",\"description\":\"Masterplan Wissenschaft\",\"publisher\":{\"@id\":\"https:\\\/\\\/masterplan-wissenschaft.de\\\/de\\\/#organization\"},\"potentialAction\":[{\"@type\":\"SearchAction\",\"target\":{\"@type\":\"EntryPoint\",\"urlTemplate\":\"https:\\\/\\\/masterplan-wissenschaft.de\\\/de\\\/?s={search_term_string}\"},\"query-input\":{\"@type\":\"PropertyValueSpecification\",\"valueRequired\":true,\"valueName\":\"search_term_string\"}}],\"inLanguage\":\"de\"},{\"@type\":\"Organization\",\"@id\":\"https:\\\/\\\/masterplan-wissenschaft.de\\\/de\\\/#organization\",\"name\":\"Stadt Dortmund\",\"url\":\"https:\\\/\\\/masterplan-wissenschaft.de\\\/de\\\/\",\"logo\":{\"@type\":\"ImageObject\",\"inLanguage\":\"de\",\"@id\":\"https:\\\/\\\/masterplan-wissenschaft.de\\\/de\\\/#\\\/schema\\\/logo\\\/image\\\/\",\"url\":\"https:\\\/\\\/masterplan-wissenschaft.de\\\/wp-content\\\/uploads\\\/2025\\\/08\\\/DO_Masterplan-Wissenschaft.png\",\"contentUrl\":\"https:\\\/\\\/masterplan-wissenschaft.de\\\/wp-content\\\/uploads\\\/2025\\\/08\\\/DO_Masterplan-Wissenschaft.png\",\"width\":2976,\"height\":710,\"caption\":\"Stadt Dortmund\"},\"image\":{\"@id\":\"https:\\\/\\\/masterplan-wissenschaft.de\\\/de\\\/#\\\/schema\\\/logo\\\/image\\\/\"}}]}<\/script>\n<!-- \/ Yoast SEO plugin. -->","yoast_head_json":{"title":"Nachbarbude - Dortmund","robots":{"index":"index","follow":"follow","max-snippet":"max-snippet:-1","max-image-preview":"max-image-preview:large","max-video-preview":"max-video-preview:-1"},"canonical":"https:\/\/masterplan-wissenschaft.de\/de\/nachbarbude\/","og_locale":"de_DE","og_type":"article","og_title":"Nachbarbude - Dortmund","og_description":"NachbarBude \u2013 Eine BUDE f\u00fcr ALLESeit dem 28. April 2021 b\u00fcndelt die NachbarBude Informationen \u00fcber die vielf\u00e4ltigen Angebote der Dortmunder Nordstadt und f\u00f6rdert die Vernetzung der Nachbarschaft untereinander. Ein restaurierter Bauwagen schm\u00fcckt derzeit den Kirchplatz in der M\u00fcnsterstra\u00dfe 57 und dient als Anlaufstelle f\u00fcr nachbarschaftliches Engagement. Ein Fokus liegt auf haushaltsnahen Dienstleistungen. Die NachbarBude vermittelt [&hellip;]","og_url":"https:\/\/masterplan-wissenschaft.de\/de\/nachbarbude\/","og_site_name":"Dortmund","article_modified_time":"2026-03-04T12:47:49+00:00","twitter_card":"summary_large_image","twitter_misc":{"Gesch\u00e4tzte Lesezeit":"4\u00a0Minuten"},"schema":{"@context":"https:\/\/schema.org","@graph":[{"@type":"WebPage","@id":"https:\/\/masterplan-wissenschaft.de\/de\/nachbarbude\/","url":"https:\/\/masterplan-wissenschaft.de\/de\/nachbarbude\/","name":"Nachbarbude - Dortmund","isPartOf":{"@id":"https:\/\/masterplan-wissenschaft.de\/de\/#website"},"datePublished":"2025-03-18T07:59:54+00:00","dateModified":"2026-03-04T12:47:49+00:00","breadcrumb":{"@id":"https:\/\/masterplan-wissenschaft.de\/de\/nachbarbude\/#breadcrumb"},"inLanguage":"de","potentialAction":[{"@type":"ReadAction","target":["https:\/\/masterplan-wissenschaft.de\/de\/nachbarbude\/"]}]},{"@type":"BreadcrumbList","@id":"https:\/\/masterplan-wissenschaft.de\/de\/nachbarbude\/#breadcrumb","itemListElement":[{"@type":"ListItem","position":1,"name":"Startseite","item":"https:\/\/masterplan-wissenschaft.de\/de\/"},{"@type":"ListItem","position":2,"name":"Nachbarbude"}]},{"@type":"WebSite","@id":"https:\/\/masterplan-wissenschaft.de\/de\/#website","url":"https:\/\/masterplan-wissenschaft.de\/de\/","name":"Masterplan Wissenschaft","description":"Masterplan Wissenschaft","publisher":{"@id":"https:\/\/masterplan-wissenschaft.de\/de\/#organization"},"potentialAction":[{"@type":"SearchAction","target":{"@type":"EntryPoint","urlTemplate":"https:\/\/masterplan-wissenschaft.de\/de\/?s={search_term_string}"},"query-input":{"@type":"PropertyValueSpecification","valueRequired":true,"valueName":"search_term_string"}}],"inLanguage":"de"},{"@type":"Organization","@id":"https:\/\/masterplan-wissenschaft.de\/de\/#organization","name":"Stadt Dortmund","url":"https:\/\/masterplan-wissenschaft.de\/de\/","logo":{"@type":"ImageObject","inLanguage":"de","@id":"https:\/\/masterplan-wissenschaft.de\/de\/#\/schema\/logo\/image\/","url":"https:\/\/masterplan-wissenschaft.de\/wp-content\/uploads\/2025\/08\/DO_Masterplan-Wissenschaft.png","contentUrl":"https:\/\/masterplan-wissenschaft.de\/wp-content\/uploads\/2025\/08\/DO_Masterplan-Wissenschaft.png","width":2976,"height":710,"caption":"Stadt Dortmund"},"image":{"@id":"https:\/\/masterplan-wissenschaft.de\/de\/#\/schema\/logo\/image\/"}}]}},"_links":{"self":[{"href":"https:\/\/masterplan-wissenschaft.de\/de\/wp-json\/wp\/v2\/pages\/12813","targetHints":{"allow":["GET"]}}],"collection":[{"href":"https:\/\/masterplan-wissenschaft.de\/de\/wp-json\/wp\/v2\/pages"}],"about":[{"href":"https:\/\/masterplan-wissenschaft.de\/de\/wp-json\/wp\/v2\/types\/page"}],"author":[{"embeddable":true,"href":"https:\/\/masterplan-wissenschaft.de\/de\/wp-json\/wp\/v2\/users\/9"}],"replies":[{"embeddable":true,"href":"https:\/\/masterplan-wissenschaft.de\/de\/wp-json\/wp\/v2\/comments?post=12813"}],"version-history":[{"count":5,"href":"https:\/\/masterplan-wissenschaft.de\/de\/wp-json\/wp\/v2\/pages\/12813\/revisions"}],"predecessor-version":[{"id":13852,"href":"https:\/\/masterplan-wissenschaft.de\/de\/wp-json\/wp\/v2\/pages\/12813\/revisions\/13852"}],"wp:attachment":[{"href":"https:\/\/masterplan-wissenschaft.de\/de\/wp-json\/wp\/v2\/media?parent=12813"}],"curies":[{"name":"wp","href":"https:\/\/api.w.org\/{rel}","templated":true}]}}