{"id":12820,"date":"2025-03-18T08:38:34","date_gmt":"2025-03-18T08:38:34","guid":{"rendered":"https:\/\/masterplan-wissenschaft.de\/?page_id=12820"},"modified":"2026-03-23T07:38:59","modified_gmt":"2026-03-23T07:38:59","slug":"diwodo","status":"publish","type":"page","link":"https:\/\/masterplan-wissenschaft.de\/de\/diwodo\/","title":{"rendered":"diwodo"},"content":{"rendered":"<p>[et_pb_section fb_built=&#8220;1&#8243; admin_label=&#8220;Header&#8220; _builder_version=&#8220;4.16&#8243; use_background_color_gradient=&#8220;on&#8220; background_color_gradient_start=&#8220;#00132e&#8220; background_color_gradient_end=&#8220;rgba(0,19,46,0.3)&#8220; background_color_gradient_end_position=&#8220;70%&#8220; custom_padding=&#8220;130px|40px|276px|40px|false|true&#8220; locked=&#8220;off&#8220; global_colors_info=&#8220;{}&#8220;][et_pb_row _builder_version=&#8220;4.16&#8243; width_tablet=&#8220;100%&#8220; width_phone=&#8220;&#8220; width_last_edited=&#8220;on|tablet&#8220; custom_margin=&#8220;-2px|auto|60px|auto||&#8220; custom_padding=&#8220;0px||0px|||&#8220; global_colors_info=&#8220;{}&#8220;][et_pb_column type=&#8220;4_4&#8243; _builder_version=&#8220;4.16&#8243; global_colors_info=&#8220;{}&#8220;][et_pb_text _builder_version=&#8220;4.27.5&#8243; text_font_size=&#8220;6px&#8220; header_font=&#8220;Poppins|700|||||||&#8220; header_font_size=&#8220;50px&#8220; background_layout=&#8220;dark&#8220; max_width=&#8220;1026px&#8220; custom_margin=&#8220;||||false|false&#8220; custom_padding=&#8220;12px||0px|||&#8220; header_font_size_tablet=&#8220;70px&#8220; header_font_size_phone=&#8220;28px&#8220; header_font_size_last_edited=&#8220;on|phone&#8220; global_colors_info=&#8220;{}&#8220;]<\/p>\n<h1 class=\"mb_sx\">Digitale Woche Dortmund<\/h1>\n<p>[\/et_pb_text][et_pb_text _builder_version=&#8220;4.27.5&#8243; text_font=&#8220;Poppins|500|||||||&#8220; header_font=&#8220;Poppins|700|||||||&#8220; header_font_size=&#8220;50px&#8220; background_layout=&#8220;dark&#8220; max_width=&#8220;1026px&#8220; custom_margin=&#8220;||||false|false&#8220; custom_padding=&#8220;12px||0px|||&#8220; header_font_size_tablet=&#8220;70px&#8220; header_font_size_phone=&#8220;28px&#8220; header_font_size_last_edited=&#8220;on|phone&#8220; inline_fonts=&#8220;Poppins&#8220; global_colors_info=&#8220;{}&#8220;]<\/p>\n<h2><span style=\"font-family: Poppins; font-weight: normal;\">Innovationen aus der Nachbarschaft<\/span><\/h2>\n<h1 class=\"mb_sx\"><\/h1>\n<p>[\/et_pb_text][\/et_pb_column][\/et_pb_row][et_pb_row column_structure=&#8220;3_5,2_5&#8243; _builder_version=&#8220;4.27.5&#8243; _module_preset=&#8220;default&#8220; custom_margin=&#8220;-70px|auto|0px|auto|false|false&#8220; hover_enabled=&#8220;0&#8243; global_colors_info=&#8220;{}&#8220; custom_padding=&#8220;0px||0px||false|false&#8220; sticky_enabled=&#8220;0&#8243;][et_pb_column type=&#8220;3_5&#8243; _builder_version=&#8220;4.16&#8243; _module_preset=&#8220;default&#8220; global_colors_info=&#8220;{}&#8220;][et_pb_text _builder_version=&#8220;4.27.5&#8243; _module_preset=&#8220;default&#8220; text_font=&#8220;Poppins||||||||&#8220; text_text_color=&#8220;#FFFFFF&#8220; text_font_size=&#8220;15px&#8220; header_text_color=&#8220;#FFFFFF&#8220; min_height=&#8220;21.2px&#8220; custom_margin=&#8220;|0px|||false|false&#8220; global_colors_info=&#8220;{}&#8220;]<\/p>\n<p>Warum in die Ferne schweifen, wenn das Gute um die Ecke liegt \u2013 zum Beispiel Digitalisierung und Innovationen? Da braucht jeder etwas anderes, aber letztlich alle dasselbe: Kreative K\u00f6pfe auf Augenh\u00f6he, Kompetenz und Effizienz.<\/p>\n<p>Die L\u00f6sung f\u00fcr alle Unternehmen, die auf der Suche nach Impulsen und Kontakten aus der Digitalwirtschaft sind, finden diese vor der sprichw\u00f6rtlichen Haust\u00fcr: Die Digitale Woche Dortmund, kurz #diwodo.<\/p>\n<p>Hier wird gesucht und gefunden, hier entstehen Verst\u00e4ndnis und Partnerschaft, hier gibt es den ber\u00fchmten Match zwischen digitalem Know-how und Interessierten, die genau dieses suchen. Die #diwodo f\u00fchrt offen und kostenfrei alle Digitalinteressierten zum richtigen Event beim passenden Anbieter.<\/p>\n<p>Weit \u00fcber 100 Unternehmen und Institutionen aus der Region zeigen und repr\u00e4sentieren in ganz Dortmund ihre Digitall\u00f6sungen von A wie Augmented Reality \u2013 bis Z wie Zukunftstechnologie. Wer also einen kompetenten IT-Partner in der N\u00e4he sucht, findet hier direkt den richtigen Kontakt. Bequemer k\u00f6nnen sich Interessierte und Digitalanbieter nicht begegnen.<\/p>\n<p>In zahlreichen unterschiedlichen Locations im Dortmunder Stadtgebiet wird die ganze Bandbreite der Digitalisierungs- und Innovationswelt vorgestellt.<\/p>\n<p>Die #diwodo macht deutlich: Dortmund ist einer der f\u00fchrenden IT-Hotspots Deutschlands. Und dieses Jahr auch europ\u00e4ische Innovationshauptstadt \u2013 als erste deutsche Stadt \u00fcberhaupt. Mit einem Angebot, das alle Digital-Facetten abdeckt. Die 9. Auflage des Erfolgsformates #diwodo unter dem Motto &#8222;Innovationen aus der Nachbarschaft&#8220; zeigt: Nie war Digitalisierung n\u00e4her und einfacher zu haben.<\/p>\n<p>Alle Events der #diwodo finden unter dem Dach der Digitalen Woche Dortmund statt. Die in Dortmund ans\u00e4ssigen Veranstalter:innen k\u00f6nnen kostenfrei ihre Events im Programm ver\u00f6ffentlichen und haben freie Hand bei der Gestaltung ihrer eigenst\u00e4ndig organisierten Events. So d\u00fcrfen sich Besucher:innen auf ein vielf\u00e4ltiges und abwechslungsreiches Programm freuen.<\/p>\n<p>Alle infos auf der Website der <span style=\"color: #edf000;\"><a href=\"https:\/\/www.diwodo.de\" style=\"color: #edf000;\">DIWODO<\/a>.<\/span><\/p>\n<p>&nbsp;<\/p>\n<p>[\/et_pb_text][\/et_pb_column][et_pb_column type=&#8220;2_5&#8243; _builder_version=&#8220;4.27.5&#8243; _module_preset=&#8220;default&#8220; background_image=&#8220;https:\/\/masterplan-wissenschaft.de\/wp-content\/uploads\/2025\/08\/science-slam-diwodo.png&#8220; link_option_url=&#8220;https:\/\/masterplan-wissenschaft.de\/diwodo&#8220; global_colors_info=&#8220;{}&#8220;][et_pb_image src=&#8220;https:\/\/masterplan-wissenschaft.de\/wp-content\/uploads\/2025\/08\/science-slam-diwodo.png&#8220; title_text=&#8220;science slam diwodo&#8220; align=&#8220;right&#8220; _builder_version=&#8220;4.27.5&#8243; _module_preset=&#8220;default&#8220; border_radii=&#8220;on|20px|20px|20px|20px&#8220; global_colors_info=&#8220;{}&#8220;][\/et_pb_image][et_pb_image src=&#8220;https:\/\/masterplan-wissenschaft.de\/wp-content\/uploads\/2026\/03\/image.jpeg&#8220; title_text=&#8220;image&#8220; _builder_version=&#8220;4.27.5&#8243; _module_preset=&#8220;default&#8220; custom_margin=&#8220;||0px||false|false&#8220; custom_padding=&#8220;0px||||false|false&#8220; global_colors_info=&#8220;{}&#8220;][\/et_pb_image][\/et_pb_column][\/et_pb_row][\/et_pb_section]<\/p>\n","protected":false},"excerpt":{"rendered":"<p>Digitale Woche DortmundInnovationen aus der Nachbarschaft Warum in die Ferne schweifen, wenn das Gute um die Ecke liegt \u2013 zum Beispiel Digitalisierung und Innovationen? Da braucht jeder etwas anderes, aber letztlich alle dasselbe: Kreative K\u00f6pfe auf Augenh\u00f6he, Kompetenz und Effizienz. Die L\u00f6sung f\u00fcr alle Unternehmen, die auf der Suche nach Impulsen und Kontakten aus der [&hellip;]<\/p>\n","protected":false},"author":9,"featured_media":0,"parent":0,"menu_order":0,"comment_status":"closed","ping_status":"closed","template":"","meta":{"_et_pb_use_builder":"on","_et_pb_old_content":"","_et_gb_content_width":"","inline_featured_image":false,"footnotes":""},"class_list":["post-12820","page","type-page","status-publish","hentry"],"yoast_head":"<!-- This site is optimized with the Yoast SEO plugin v27.3 - https:\/\/yoast.com\/product\/yoast-seo-wordpress\/ -->\n<title>diwodo - Dortmund<\/title>\n<meta name=\"robots\" content=\"index, follow, max-snippet:-1, max-image-preview:large, max-video-preview:-1\" \/>\n<link rel=\"canonical\" href=\"https:\/\/masterplan-wissenschaft.de\/de\/diwodo\/\" \/>\n<meta property=\"og:locale\" content=\"de_DE\" \/>\n<meta property=\"og:type\" content=\"article\" \/>\n<meta property=\"og:title\" content=\"diwodo - Dortmund\" \/>\n<meta property=\"og:description\" content=\"Digitale Woche DortmundInnovationen aus der Nachbarschaft Warum in die Ferne schweifen, wenn das Gute um die Ecke liegt \u2013 zum Beispiel Digitalisierung und Innovationen? Da braucht jeder etwas anderes, aber letztlich alle dasselbe: Kreative K\u00f6pfe auf Augenh\u00f6he, Kompetenz und Effizienz. Die L\u00f6sung f\u00fcr alle Unternehmen, die auf der Suche nach Impulsen und Kontakten aus der [&hellip;]\" \/>\n<meta property=\"og:url\" content=\"https:\/\/masterplan-wissenschaft.de\/de\/diwodo\/\" \/>\n<meta property=\"og:site_name\" content=\"Dortmund\" \/>\n<meta property=\"article:modified_time\" content=\"2026-03-23T07:38:59+00:00\" \/>\n<meta name=\"twitter:card\" content=\"summary_large_image\" \/>\n<meta name=\"twitter:label1\" content=\"Gesch\u00e4tzte Lesezeit\" \/>\n\t<meta name=\"twitter:data1\" content=\"2\u00a0Minuten\" \/>\n<script type=\"application\/ld+json\" class=\"yoast-schema-graph\">{\"@context\":\"https:\\\/\\\/schema.org\",\"@graph\":[{\"@type\":\"WebPage\",\"@id\":\"https:\\\/\\\/masterplan-wissenschaft.de\\\/de\\\/diwodo\\\/\",\"url\":\"https:\\\/\\\/masterplan-wissenschaft.de\\\/de\\\/diwodo\\\/\",\"name\":\"diwodo - Dortmund\",\"isPartOf\":{\"@id\":\"https:\\\/\\\/masterplan-wissenschaft.de\\\/de\\\/#website\"},\"datePublished\":\"2025-03-18T08:38:34+00:00\",\"dateModified\":\"2026-03-23T07:38:59+00:00\",\"breadcrumb\":{\"@id\":\"https:\\\/\\\/masterplan-wissenschaft.de\\\/de\\\/diwodo\\\/#breadcrumb\"},\"inLanguage\":\"de\",\"potentialAction\":[{\"@type\":\"ReadAction\",\"target\":[\"https:\\\/\\\/masterplan-wissenschaft.de\\\/de\\\/diwodo\\\/\"]}]},{\"@type\":\"BreadcrumbList\",\"@id\":\"https:\\\/\\\/masterplan-wissenschaft.de\\\/de\\\/diwodo\\\/#breadcrumb\",\"itemListElement\":[{\"@type\":\"ListItem\",\"position\":1,\"name\":\"Startseite\",\"item\":\"https:\\\/\\\/masterplan-wissenschaft.de\\\/de\\\/\"},{\"@type\":\"ListItem\",\"position\":2,\"name\":\"diwodo\"}]},{\"@type\":\"WebSite\",\"@id\":\"https:\\\/\\\/masterplan-wissenschaft.de\\\/de\\\/#website\",\"url\":\"https:\\\/\\\/masterplan-wissenschaft.de\\\/de\\\/\",\"name\":\"Masterplan Wissenschaft\",\"description\":\"Masterplan Wissenschaft\",\"publisher\":{\"@id\":\"https:\\\/\\\/masterplan-wissenschaft.de\\\/de\\\/#organization\"},\"potentialAction\":[{\"@type\":\"SearchAction\",\"target\":{\"@type\":\"EntryPoint\",\"urlTemplate\":\"https:\\\/\\\/masterplan-wissenschaft.de\\\/de\\\/?s={search_term_string}\"},\"query-input\":{\"@type\":\"PropertyValueSpecification\",\"valueRequired\":true,\"valueName\":\"search_term_string\"}}],\"inLanguage\":\"de\"},{\"@type\":\"Organization\",\"@id\":\"https:\\\/\\\/masterplan-wissenschaft.de\\\/de\\\/#organization\",\"name\":\"Stadt Dortmund\",\"url\":\"https:\\\/\\\/masterplan-wissenschaft.de\\\/de\\\/\",\"logo\":{\"@type\":\"ImageObject\",\"inLanguage\":\"de\",\"@id\":\"https:\\\/\\\/masterplan-wissenschaft.de\\\/de\\\/#\\\/schema\\\/logo\\\/image\\\/\",\"url\":\"https:\\\/\\\/masterplan-wissenschaft.de\\\/wp-content\\\/uploads\\\/2025\\\/08\\\/DO_Masterplan-Wissenschaft.png\",\"contentUrl\":\"https:\\\/\\\/masterplan-wissenschaft.de\\\/wp-content\\\/uploads\\\/2025\\\/08\\\/DO_Masterplan-Wissenschaft.png\",\"width\":2976,\"height\":710,\"caption\":\"Stadt Dortmund\"},\"image\":{\"@id\":\"https:\\\/\\\/masterplan-wissenschaft.de\\\/de\\\/#\\\/schema\\\/logo\\\/image\\\/\"}}]}<\/script>\n<!-- \/ Yoast SEO plugin. -->","yoast_head_json":{"title":"diwodo - Dortmund","robots":{"index":"index","follow":"follow","max-snippet":"max-snippet:-1","max-image-preview":"max-image-preview:large","max-video-preview":"max-video-preview:-1"},"canonical":"https:\/\/masterplan-wissenschaft.de\/de\/diwodo\/","og_locale":"de_DE","og_type":"article","og_title":"diwodo - Dortmund","og_description":"Digitale Woche DortmundInnovationen aus der Nachbarschaft Warum in die Ferne schweifen, wenn das Gute um die Ecke liegt \u2013 zum Beispiel Digitalisierung und Innovationen? Da braucht jeder etwas anderes, aber letztlich alle dasselbe: Kreative K\u00f6pfe auf Augenh\u00f6he, Kompetenz und Effizienz. Die L\u00f6sung f\u00fcr alle Unternehmen, die auf der Suche nach Impulsen und Kontakten aus der [&hellip;]","og_url":"https:\/\/masterplan-wissenschaft.de\/de\/diwodo\/","og_site_name":"Dortmund","article_modified_time":"2026-03-23T07:38:59+00:00","twitter_card":"summary_large_image","twitter_misc":{"Gesch\u00e4tzte Lesezeit":"2\u00a0Minuten"},"schema":{"@context":"https:\/\/schema.org","@graph":[{"@type":"WebPage","@id":"https:\/\/masterplan-wissenschaft.de\/de\/diwodo\/","url":"https:\/\/masterplan-wissenschaft.de\/de\/diwodo\/","name":"diwodo - Dortmund","isPartOf":{"@id":"https:\/\/masterplan-wissenschaft.de\/de\/#website"},"datePublished":"2025-03-18T08:38:34+00:00","dateModified":"2026-03-23T07:38:59+00:00","breadcrumb":{"@id":"https:\/\/masterplan-wissenschaft.de\/de\/diwodo\/#breadcrumb"},"inLanguage":"de","potentialAction":[{"@type":"ReadAction","target":["https:\/\/masterplan-wissenschaft.de\/de\/diwodo\/"]}]},{"@type":"BreadcrumbList","@id":"https:\/\/masterplan-wissenschaft.de\/de\/diwodo\/#breadcrumb","itemListElement":[{"@type":"ListItem","position":1,"name":"Startseite","item":"https:\/\/masterplan-wissenschaft.de\/de\/"},{"@type":"ListItem","position":2,"name":"diwodo"}]},{"@type":"WebSite","@id":"https:\/\/masterplan-wissenschaft.de\/de\/#website","url":"https:\/\/masterplan-wissenschaft.de\/de\/","name":"Masterplan Wissenschaft","description":"Masterplan Wissenschaft","publisher":{"@id":"https:\/\/masterplan-wissenschaft.de\/de\/#organization"},"potentialAction":[{"@type":"SearchAction","target":{"@type":"EntryPoint","urlTemplate":"https:\/\/masterplan-wissenschaft.de\/de\/?s={search_term_string}"},"query-input":{"@type":"PropertyValueSpecification","valueRequired":true,"valueName":"search_term_string"}}],"inLanguage":"de"},{"@type":"Organization","@id":"https:\/\/masterplan-wissenschaft.de\/de\/#organization","name":"Stadt Dortmund","url":"https:\/\/masterplan-wissenschaft.de\/de\/","logo":{"@type":"ImageObject","inLanguage":"de","@id":"https:\/\/masterplan-wissenschaft.de\/de\/#\/schema\/logo\/image\/","url":"https:\/\/masterplan-wissenschaft.de\/wp-content\/uploads\/2025\/08\/DO_Masterplan-Wissenschaft.png","contentUrl":"https:\/\/masterplan-wissenschaft.de\/wp-content\/uploads\/2025\/08\/DO_Masterplan-Wissenschaft.png","width":2976,"height":710,"caption":"Stadt Dortmund"},"image":{"@id":"https:\/\/masterplan-wissenschaft.de\/de\/#\/schema\/logo\/image\/"}}]}},"_links":{"self":[{"href":"https:\/\/masterplan-wissenschaft.de\/de\/wp-json\/wp\/v2\/pages\/12820","targetHints":{"allow":["GET"]}}],"collection":[{"href":"https:\/\/masterplan-wissenschaft.de\/de\/wp-json\/wp\/v2\/pages"}],"about":[{"href":"https:\/\/masterplan-wissenschaft.de\/de\/wp-json\/wp\/v2\/types\/page"}],"author":[{"embeddable":true,"href":"https:\/\/masterplan-wissenschaft.de\/de\/wp-json\/wp\/v2\/users\/9"}],"replies":[{"embeddable":true,"href":"https:\/\/masterplan-wissenschaft.de\/de\/wp-json\/wp\/v2\/comments?post=12820"}],"version-history":[{"count":9,"href":"https:\/\/masterplan-wissenschaft.de\/de\/wp-json\/wp\/v2\/pages\/12820\/revisions"}],"predecessor-version":[{"id":13919,"href":"https:\/\/masterplan-wissenschaft.de\/de\/wp-json\/wp\/v2\/pages\/12820\/revisions\/13919"}],"wp:attachment":[{"href":"https:\/\/masterplan-wissenschaft.de\/de\/wp-json\/wp\/v2\/media?parent=12820"}],"curies":[{"name":"wp","href":"https:\/\/api.w.org\/{rel}","templated":true}]}}