{"id":12823,"date":"2025-03-18T09:53:50","date_gmt":"2025-03-18T09:53:50","guid":{"rendered":"https:\/\/masterplan-wissenschaft.de\/?page_id=12823"},"modified":"2026-03-26T13:50:23","modified_gmt":"2026-03-26T13:50:23","slug":"innovationsraeume","status":"publish","type":"page","link":"https:\/\/masterplan-wissenschaft.de\/de\/innovationsraeume\/","title":{"rendered":"Innovationsr\u00e4ume"},"content":{"rendered":"<p>[et_pb_section fb_built=&#8220;1&#8243; admin_label=&#8220;Header&#8220; _builder_version=&#8220;4.16&#8243; use_background_color_gradient=&#8220;on&#8220; background_color_gradient_start=&#8220;#00132e&#8220; background_color_gradient_end=&#8220;rgba(0,19,46,0.3)&#8220; background_color_gradient_end_position=&#8220;70%&#8220; width=&#8220;99%&#8220; custom_padding=&#8220;130px|40px|276px|40px|false|true&#8220; locked=&#8220;off&#8220; global_colors_info=&#8220;{}&#8220;][et_pb_row _builder_version=&#8220;4.16&#8243; width_tablet=&#8220;100%&#8220; width_phone=&#8220;&#8220; width_last_edited=&#8220;on|tablet&#8220; custom_margin=&#8220;-2px|auto|60px|auto||&#8220; custom_padding=&#8220;0px||0px|||&#8220; global_colors_info=&#8220;{}&#8220;][et_pb_column type=&#8220;4_4&#8243; _builder_version=&#8220;4.16&#8243; global_colors_info=&#8220;{}&#8220;][et_pb_text _builder_version=&#8220;4.27.5&#8243; text_font_size=&#8220;6px&#8220; header_font=&#8220;Poppins|700|||||||&#8220; header_font_size=&#8220;50px&#8220; background_layout=&#8220;dark&#8220; max_width=&#8220;1026px&#8220; custom_margin=&#8220;||||false|false&#8220; custom_padding=&#8220;||0px|||&#8220; header_font_size_tablet=&#8220;70px&#8220; header_font_size_phone=&#8220;28px&#8220; header_font_size_last_edited=&#8220;on|phone&#8220; global_colors_info=&#8220;{}&#8220;]<\/p>\n<h1>Innovationsr\u00e4ume<\/h1>\n<p>[\/et_pb_text][\/et_pb_column][\/et_pb_row][et_pb_row column_structure=&#8220;1_5,3_5,1_5&#8243; _builder_version=&#8220;4.27.5&#8243; _module_preset=&#8220;default&#8220; global_colors_info=&#8220;{}&#8220;][et_pb_column type=&#8220;1_5&#8243; _builder_version=&#8220;4.16&#8243; _module_preset=&#8220;default&#8220; global_colors_info=&#8220;{}&#8220;][\/et_pb_column][et_pb_column type=&#8220;3_5&#8243; _builder_version=&#8220;4.16&#8243; _module_preset=&#8220;default&#8220; global_colors_info=&#8220;{}&#8220;][et_pb_text _builder_version=&#8220;4.27.5&#8243; _module_preset=&#8220;default&#8220; text_font=&#8220;Poppins||||||||&#8220; text_text_color=&#8220;#FFFFFF&#8220; text_font_size=&#8220;15px&#8220; header_font=&#8220;Poppins||||||||&#8220; header_text_color=&#8220;#FFFFFF&#8220; min_height=&#8220;21.2px&#8220; custom_margin=&#8220;-20px|0px|20px|0px|false|true&#8220; inline_fonts=&#8220;Poppins&#8220; global_colors_info=&#8220;{}&#8220;]<\/p>\n<h2 style=\"text-align: center;\"><strong style=\"font-size: 16px;\"><\/strong><\/h2>\n<h2 style=\"text-align: center;\"><span style=\"color: #ffffff; font-family: Poppins; font-weight: normal; font-size: x-large;\"><strong>Innerhalb der Stadt sollen alle Dortmunder*innen Innovationen sehen und erleben k\u00f6nnen, und zwar im neu eingerichteten PROJEKTOR, im Superraum oder der digitalen Werkbank.<\/strong><\/span><\/h2>\n<div class=\"column\">\n<div class=\"text\" style=\"text-align: center;\"><\/div>\n<\/div>\n<p>[\/et_pb_text][\/et_pb_column][et_pb_column type=&#8220;1_5&#8243; _builder_version=&#8220;4.16&#8243; _module_preset=&#8220;default&#8220; global_colors_info=&#8220;{}&#8220;][\/et_pb_column][\/et_pb_row][et_pb_row column_structure=&#8220;1_3,1_3,1_3&#8243; use_custom_gutter=&#8220;on&#8220; gutter_width=&#8220;2&#8243; make_equal=&#8220;on&#8220; _builder_version=&#8220;4.16&#8243; width=&#8220;100%&#8220; custom_padding=&#8220;0px||0px||false|false&#8220; locked=&#8220;off&#8220; global_colors_info=&#8220;{}&#8220;][et_pb_column type=&#8220;1_3&#8243; _builder_version=&#8220;4.16&#8243; background_enable_color=&#8220;off&#8220; custom_padding=&#8220;|||&#8220; global_colors_info=&#8220;{}&#8220; custom_padding__hover=&#8220;|||&#8220;][et_pb_image src=&#8220;https:\/\/masterplan-wissenschaft.de\/wp-content\/uploads\/2026\/01\/B_51120-scaled.jpg&#8220; title_text=&#8220;_B_51120&#8243; url=&#8220;https:\/\/masterplan-wissenschaft.de\/projektor\/&#8220; _builder_version=&#8220;4.27.5&#8243; min_height=&#8220;226px&#8220; custom_margin=&#8220;||6px|||&#8220; custom_margin_tablet=&#8220;&#8220; custom_margin_phone=&#8220;20px||6px||false|false&#8220; custom_margin_last_edited=&#8220;on|phone&#8220; border_radii=&#8220;off|15px|15px||&#8220; locked=&#8220;off&#8220; global_colors_info=&#8220;{}&#8220;][\/et_pb_image][et_pb_text _builder_version=&#8220;4.27.5&#8243; text_font=&#8220;Poppins|100|||||||&#8220; text_line_height=&#8220;1.4em&#8220; header_font=&#8220;Noto Sans||||||||&#8220; header_2_font_size=&#8220;20px&#8220; header_2_line_height=&#8220;1.1em&#8220; header_3_font=&#8220;&#8211;et_global_body_font|100||on|||||&#8220; header_3_text_color=&#8220;#FFFFFF&#8220; header_3_font_size=&#8220;16px&#8220; header_3_line_height=&#8220;1.1em&#8220; background_color=&#8220;#73b8ce&#8220; custom_margin=&#8220;-6px||||false|false&#8220; custom_padding=&#8220;15px|10px|0px|10px|false|false&#8220; link_option_url=&#8220;https:\/\/masterplan-wissenschaft.de\/biomedizin-und-wirkstoffforschung\/&#8220; text_text_shadow_style=&#8220;preset5&#8243; border_radii=&#8220;off|||15px|15px&#8220; locked=&#8220;off&#8220; global_colors_info=&#8220;{}&#8220;]<\/p>\n<h3 style=\"text-align: center;\"><strong>PROjektor<\/strong><\/h3>\n<p>[\/et_pb_text][\/et_pb_column][et_pb_column type=&#8220;1_3&#8243; _builder_version=&#8220;4.16&#8243; background_enable_color=&#8220;off&#8220; custom_padding=&#8220;|||&#8220; global_colors_info=&#8220;{}&#8220; custom_padding__hover=&#8220;|||&#8220;][et_pb_image src=&#8220;https:\/\/masterplan-wissenschaft.de\/wp-content\/uploads\/2025\/03\/csm_SUPERRAUM_pleasedonttouch_Clemens_Mueller-17_0cd41c7262.webp&#8220; title_text=&#8220;csm_SUPERRAUM_pleasedonttouch_Clemens_Mueller-17_0cd41c7262&#8243; url=&#8220;https:\/\/dortmund-kreativ.de\/superraum\/&#8220; _builder_version=&#8220;4.16&#8243; custom_margin=&#8220;||6px|||&#8220; custom_margin_tablet=&#8220;&#8220; custom_margin_phone=&#8220;20px||6px||false|false&#8220; custom_margin_last_edited=&#8220;on|phone&#8220; border_radii=&#8220;off|15px|15px||&#8220; global_colors_info=&#8220;{}&#8220;][\/et_pb_image][et_pb_text _builder_version=&#8220;4.27.5&#8243; text_font=&#8220;&#8211;et_global_body_font|100|||||||&#8220; text_line_height=&#8220;1.4em&#8220; header_font=&#8220;Noto Sans||||||||&#8220; header_2_font_size=&#8220;20px&#8220; header_2_line_height=&#8220;1.1em&#8220; header_3_font=&#8220;&#8211;et_global_body_font|500||on|||||&#8220; header_3_text_color=&#8220;#ffffff&#8220; header_3_font_size=&#8220;16px&#8220; header_3_line_height=&#8220;1.1em&#8220; background_color=&#8220;#73b8ce&#8220; custom_margin=&#8220;-6px||||false|false&#8220; custom_padding=&#8220;15px|10px|0px|10px|false|false&#8220; link_option_url=&#8220;https:\/\/masterplan-wissenschaft.de\/biomedizin-und-wirkstoffforschung\/&#8220; hover_enabled=&#8220;0&#8243; text_text_shadow_style=&#8220;preset5&#8243; border_radii=&#8220;off|||15px|15px&#8220; global_colors_info=&#8220;{}&#8220; sticky_enabled=&#8220;0&#8243;]<\/p>\n<h3 style=\"text-align: center;\">SUPERRAUM<\/h3>\n<p>[\/et_pb_text][\/et_pb_column][et_pb_column type=&#8220;1_3&#8243; _builder_version=&#8220;4.16&#8243; background_enable_color=&#8220;off&#8220; transform_translate_linked=&#8220;off&#8220; custom_padding=&#8220;|||&#8220; global_colors_info=&#8220;{}&#8220; custom_padding__hover=&#8220;|||&#8220;][et_pb_image src=&#8220;https:\/\/masterplan-wissenschaft.de\/wp-content\/uploads\/2025\/03\/digitale_Werkbank0315.jpg&#8220; title_text=&#8220;Digitale Werkbank&#8220; url=&#8220;https:\/\/digitalewerkbank.de\/&#8220; url_new_window=&#8220;on&#8220; _builder_version=&#8220;4.16&#8243; _module_preset=&#8220;default&#8220; custom_margin=&#8220;||6px|||&#8220; border_radii=&#8220;off|15px|15px||&#8220; global_colors_info=&#8220;{}&#8220;][\/et_pb_image][et_pb_text _builder_version=&#8220;4.27.5&#8243; text_font=&#8220;Poppins||||||||&#8220; text_line_height=&#8220;1.4em&#8220; header_font=&#8220;Noto Sans||||||||&#8220; header_2_font_size=&#8220;20px&#8220; header_2_line_height=&#8220;1.1em&#8220; header_3_font=&#8220;&#8211;et_global_body_font|&#8211;et_global_body_font_weight||on|||||&#8220; header_3_text_color=&#8220;#ffffff&#8220; header_3_font_size=&#8220;16px&#8220; header_3_line_height=&#8220;1.1em&#8220; background_color=&#8220;#73b8ce&#8220; custom_margin=&#8220;-6px||||false|false&#8220; custom_padding=&#8220;15px|10px|0px|10px|false|false&#8220; link_option_url=&#8220;https:\/\/masterplan-wissenschaft.de\/logistik\/&#8220; text_text_shadow_style=&#8220;preset5&#8243; border_radii=&#8220;off|||15px|15px&#8220; global_colors_info=&#8220;{}&#8220;]<\/p>\n<h3 style=\"text-align: center;\"><strong>Digitale Werkbank<\/strong><\/h3>\n<p>[\/et_pb_text][\/et_pb_column][\/et_pb_row][\/et_pb_section]<\/p>\n","protected":false},"excerpt":{"rendered":"<p>Innovationsr\u00e4ume Innerhalb der Stadt sollen alle Dortmunder*innen Innovationen sehen und erleben k\u00f6nnen, und zwar im neu eingerichteten PROJEKTOR, im Superraum oder der digitalen Werkbank. PROjektorSUPERRAUMDigitale Werkbank<\/p>\n","protected":false},"author":9,"featured_media":0,"parent":0,"menu_order":0,"comment_status":"closed","ping_status":"closed","template":"","meta":{"_et_pb_use_builder":"on","_et_pb_old_content":"","_et_gb_content_width":"","inline_featured_image":false,"footnotes":""},"class_list":["post-12823","page","type-page","status-publish","hentry"],"yoast_head":"<!-- This site is optimized with the Yoast SEO plugin v26.7 - https:\/\/yoast.com\/wordpress\/plugins\/seo\/ -->\n<title>Innovationsr\u00e4ume - Dortmund<\/title>\n<meta name=\"robots\" content=\"index, follow, max-snippet:-1, max-image-preview:large, max-video-preview:-1\" \/>\n<link rel=\"canonical\" href=\"https:\/\/masterplan-wissenschaft.de\/de\/innovationsraeume\/\" \/>\n<meta property=\"og:locale\" content=\"de_DE\" \/>\n<meta property=\"og:type\" content=\"article\" \/>\n<meta property=\"og:title\" content=\"Innovationsr\u00e4ume - Dortmund\" \/>\n<meta property=\"og:description\" content=\"Innovationsr\u00e4ume Innerhalb der Stadt sollen alle Dortmunder*innen Innovationen sehen und erleben k\u00f6nnen, und zwar im neu eingerichteten PROJEKTOR, im Superraum oder der digitalen Werkbank. PROjektorSUPERRAUMDigitale Werkbank\" \/>\n<meta property=\"og:url\" content=\"https:\/\/masterplan-wissenschaft.de\/de\/innovationsraeume\/\" \/>\n<meta property=\"og:site_name\" content=\"Dortmund\" \/>\n<meta property=\"article:modified_time\" content=\"2026-03-26T13:50:23+00:00\" \/>\n<meta name=\"twitter:card\" content=\"summary_large_image\" \/>\n<meta name=\"twitter:label1\" content=\"Gesch\u00e4tzte Lesezeit\" \/>\n\t<meta name=\"twitter:data1\" content=\"4\u00a0Minuten\" \/>\n<script type=\"application\/ld+json\" class=\"yoast-schema-graph\">{\"@context\":\"https:\/\/schema.org\",\"@graph\":[{\"@type\":\"WebPage\",\"@id\":\"https:\/\/masterplan-wissenschaft.de\/de\/innovationsraeume\/\",\"url\":\"https:\/\/masterplan-wissenschaft.de\/de\/innovationsraeume\/\",\"name\":\"Innovationsr\u00e4ume - Dortmund\",\"isPartOf\":{\"@id\":\"https:\/\/masterplan-wissenschaft.de\/de\/#website\"},\"datePublished\":\"2025-03-18T09:53:50+00:00\",\"dateModified\":\"2026-03-26T13:50:23+00:00\",\"breadcrumb\":{\"@id\":\"https:\/\/masterplan-wissenschaft.de\/de\/innovationsraeume\/#breadcrumb\"},\"inLanguage\":\"de\",\"potentialAction\":[{\"@type\":\"ReadAction\",\"target\":[\"https:\/\/masterplan-wissenschaft.de\/de\/innovationsraeume\/\"]}]},{\"@type\":\"BreadcrumbList\",\"@id\":\"https:\/\/masterplan-wissenschaft.de\/de\/innovationsraeume\/#breadcrumb\",\"itemListElement\":[{\"@type\":\"ListItem\",\"position\":1,\"name\":\"Startseite\",\"item\":\"https:\/\/masterplan-wissenschaft.de\/\"},{\"@type\":\"ListItem\",\"position\":2,\"name\":\"Innovationsr\u00e4ume\"}]},{\"@type\":\"WebSite\",\"@id\":\"https:\/\/masterplan-wissenschaft.de\/de\/#website\",\"url\":\"https:\/\/masterplan-wissenschaft.de\/de\/\",\"name\":\"Masterplan Wissenschaft\",\"description\":\"Masterplan Wissenschaft\",\"publisher\":{\"@id\":\"https:\/\/masterplan-wissenschaft.de\/de\/#organization\"},\"potentialAction\":[{\"@type\":\"SearchAction\",\"target\":{\"@type\":\"EntryPoint\",\"urlTemplate\":\"https:\/\/masterplan-wissenschaft.de\/de\/?s={search_term_string}\"},\"query-input\":{\"@type\":\"PropertyValueSpecification\",\"valueRequired\":true,\"valueName\":\"search_term_string\"}}],\"inLanguage\":\"de\"},{\"@type\":\"Organization\",\"@id\":\"https:\/\/masterplan-wissenschaft.de\/de\/#organization\",\"name\":\"Stadt Dortmund\",\"url\":\"https:\/\/masterplan-wissenschaft.de\/de\/\",\"logo\":{\"@type\":\"ImageObject\",\"inLanguage\":\"de\",\"@id\":\"https:\/\/masterplan-wissenschaft.de\/de\/#\/schema\/logo\/image\/\",\"url\":\"https:\/\/masterplan-wissenschaft.de\/wp-content\/uploads\/2025\/08\/DO_Masterplan-Wissenschaft.png\",\"contentUrl\":\"https:\/\/masterplan-wissenschaft.de\/wp-content\/uploads\/2025\/08\/DO_Masterplan-Wissenschaft.png\",\"width\":2976,\"height\":710,\"caption\":\"Stadt Dortmund\"},\"image\":{\"@id\":\"https:\/\/masterplan-wissenschaft.de\/de\/#\/schema\/logo\/image\/\"}}]}<\/script>\n<!-- \/ Yoast SEO plugin. -->","yoast_head_json":{"title":"Innovationsr\u00e4ume - Dortmund","robots":{"index":"index","follow":"follow","max-snippet":"max-snippet:-1","max-image-preview":"max-image-preview:large","max-video-preview":"max-video-preview:-1"},"canonical":"https:\/\/masterplan-wissenschaft.de\/de\/innovationsraeume\/","og_locale":"de_DE","og_type":"article","og_title":"Innovationsr\u00e4ume - Dortmund","og_description":"Innovationsr\u00e4ume Innerhalb der Stadt sollen alle Dortmunder*innen Innovationen sehen und erleben k\u00f6nnen, und zwar im neu eingerichteten PROJEKTOR, im Superraum oder der digitalen Werkbank. PROjektorSUPERRAUMDigitale Werkbank","og_url":"https:\/\/masterplan-wissenschaft.de\/de\/innovationsraeume\/","og_site_name":"Dortmund","article_modified_time":"2026-03-26T13:50:23+00:00","twitter_card":"summary_large_image","twitter_misc":{"Gesch\u00e4tzte Lesezeit":"4\u00a0Minuten"},"schema":{"@context":"https:\/\/schema.org","@graph":[{"@type":"WebPage","@id":"https:\/\/masterplan-wissenschaft.de\/de\/innovationsraeume\/","url":"https:\/\/masterplan-wissenschaft.de\/de\/innovationsraeume\/","name":"Innovationsr\u00e4ume - Dortmund","isPartOf":{"@id":"https:\/\/masterplan-wissenschaft.de\/de\/#website"},"datePublished":"2025-03-18T09:53:50+00:00","dateModified":"2026-03-26T13:50:23+00:00","breadcrumb":{"@id":"https:\/\/masterplan-wissenschaft.de\/de\/innovationsraeume\/#breadcrumb"},"inLanguage":"de","potentialAction":[{"@type":"ReadAction","target":["https:\/\/masterplan-wissenschaft.de\/de\/innovationsraeume\/"]}]},{"@type":"BreadcrumbList","@id":"https:\/\/masterplan-wissenschaft.de\/de\/innovationsraeume\/#breadcrumb","itemListElement":[{"@type":"ListItem","position":1,"name":"Startseite","item":"https:\/\/masterplan-wissenschaft.de\/"},{"@type":"ListItem","position":2,"name":"Innovationsr\u00e4ume"}]},{"@type":"WebSite","@id":"https:\/\/masterplan-wissenschaft.de\/de\/#website","url":"https:\/\/masterplan-wissenschaft.de\/de\/","name":"Masterplan Wissenschaft","description":"Masterplan Wissenschaft","publisher":{"@id":"https:\/\/masterplan-wissenschaft.de\/de\/#organization"},"potentialAction":[{"@type":"SearchAction","target":{"@type":"EntryPoint","urlTemplate":"https:\/\/masterplan-wissenschaft.de\/de\/?s={search_term_string}"},"query-input":{"@type":"PropertyValueSpecification","valueRequired":true,"valueName":"search_term_string"}}],"inLanguage":"de"},{"@type":"Organization","@id":"https:\/\/masterplan-wissenschaft.de\/de\/#organization","name":"Stadt Dortmund","url":"https:\/\/masterplan-wissenschaft.de\/de\/","logo":{"@type":"ImageObject","inLanguage":"de","@id":"https:\/\/masterplan-wissenschaft.de\/de\/#\/schema\/logo\/image\/","url":"https:\/\/masterplan-wissenschaft.de\/wp-content\/uploads\/2025\/08\/DO_Masterplan-Wissenschaft.png","contentUrl":"https:\/\/masterplan-wissenschaft.de\/wp-content\/uploads\/2025\/08\/DO_Masterplan-Wissenschaft.png","width":2976,"height":710,"caption":"Stadt Dortmund"},"image":{"@id":"https:\/\/masterplan-wissenschaft.de\/de\/#\/schema\/logo\/image\/"}}]}},"_links":{"self":[{"href":"https:\/\/masterplan-wissenschaft.de\/de\/wp-json\/wp\/v2\/pages\/12823","targetHints":{"allow":["GET"]}}],"collection":[{"href":"https:\/\/masterplan-wissenschaft.de\/de\/wp-json\/wp\/v2\/pages"}],"about":[{"href":"https:\/\/masterplan-wissenschaft.de\/de\/wp-json\/wp\/v2\/types\/page"}],"author":[{"embeddable":true,"href":"https:\/\/masterplan-wissenschaft.de\/de\/wp-json\/wp\/v2\/users\/9"}],"replies":[{"embeddable":true,"href":"https:\/\/masterplan-wissenschaft.de\/de\/wp-json\/wp\/v2\/comments?post=12823"}],"version-history":[{"count":11,"href":"https:\/\/masterplan-wissenschaft.de\/de\/wp-json\/wp\/v2\/pages\/12823\/revisions"}],"predecessor-version":[{"id":13981,"href":"https:\/\/masterplan-wissenschaft.de\/de\/wp-json\/wp\/v2\/pages\/12823\/revisions\/13981"}],"wp:attachment":[{"href":"https:\/\/masterplan-wissenschaft.de\/de\/wp-json\/wp\/v2\/media?parent=12823"}],"curies":[{"name":"wp","href":"https:\/\/api.w.org\/{rel}","templated":true}]}}