{"id":12861,"date":"2025-03-18T11:07:01","date_gmt":"2025-03-18T11:07:01","guid":{"rendered":"https:\/\/masterplan-wissenschaft.de\/?page_id=12861"},"modified":"2026-03-23T07:41:27","modified_gmt":"2026-03-23T07:41:27","slug":"projektor","status":"publish","type":"page","link":"https:\/\/masterplan-wissenschaft.de\/de\/projektor\/","title":{"rendered":"Projektor"},"content":{"rendered":"<p>[et_pb_section fb_built=&#8220;1&#8243; admin_label=&#8220;Header&#8220; _builder_version=&#8220;4.16&#8243; use_background_color_gradient=&#8220;on&#8220; background_color_gradient_stops=&#8220;#00132e 0%|rgba(0,19,46,0.3) 70%&#8220; background_color_gradient_start=&#8220;#00132e&#8220; background_color_gradient_end=&#8220;rgba(0,19,46,0.3)&#8220; background_color_gradient_end_position=&#8220;70%&#8220; custom_padding=&#8220;130px|40px|276px|40px|false|true&#8220; locked=&#8220;off&#8220; global_colors_info=&#8220;{}&#8220;][et_pb_row _builder_version=&#8220;4.16&#8243; width_tablet=&#8220;100%&#8220; width_phone=&#8220;&#8220; width_last_edited=&#8220;on|tablet&#8220; custom_margin=&#8220;-2px|auto|60px|auto||&#8220; custom_padding=&#8220;0px||0px|||&#8220; global_colors_info=&#8220;{}&#8220;][et_pb_column type=&#8220;4_4&#8243; _builder_version=&#8220;4.16&#8243; global_colors_info=&#8220;{}&#8220;][et_pb_text _builder_version=&#8220;4.27.5&#8243; text_font_size=&#8220;6px&#8220; header_font=&#8220;Poppins|700|||||||&#8220; header_font_size=&#8220;50px&#8220; background_layout=&#8220;dark&#8220; max_width=&#8220;1026px&#8220; custom_margin=&#8220;||||false|false&#8220; custom_padding=&#8220;||0px|||&#8220; header_font_size_tablet=&#8220;70px&#8220; header_font_size_phone=&#8220;28px&#8220; header_font_size_last_edited=&#8220;on|phone&#8220; global_colors_info=&#8220;{}&#8220;]<\/p>\n<h1 style=\"text-align: center;\">Projektor &#8211; Raum f\u00fcr<br \/>Innovationen und Zusammenarbeit<\/h1>\n<p>[\/et_pb_text][\/et_pb_column][\/et_pb_row][et_pb_row _builder_version=&#8220;4.16&#8243; _module_preset=&#8220;default&#8220; global_colors_info=&#8220;{}&#8220;][et_pb_column type=&#8220;4_4&#8243; _builder_version=&#8220;4.16&#8243; _module_preset=&#8220;default&#8220; global_colors_info=&#8220;{}&#8220;][et_pb_text _builder_version=&#8220;4.27.5&#8243; _module_preset=&#8220;default&#8220; text_font=&#8220;Poppins||||||||&#8220; text_text_color=&#8220;#FFFFFF&#8220; text_font_size=&#8220;15px&#8220; header_font=&#8220;Poppins||||||||&#8220; header_text_color=&#8220;#FFFFFF&#8220; min_height=&#8220;21.2px&#8220; custom_margin=&#8220;-30px|20px||20px|false|false&#8220; custom_padding=&#8220;||0px|||&#8220; border_radii=&#8220;on|20px|20px|20px|20px&#8220; inline_fonts=&#8220;Poppins&#8220; global_colors_info=&#8220;{}&#8220;]<\/p>\n<div class=\"column\">\n<h3 class=\"intro mb_sx\" style=\"text-align: center;\"><span style=\"font-family: Poppins; font-weight: normal; font-size: large;\"><strong><span style=\"color: #ffffff;\">Der Projektor feiert Neuer\u00f6ffnung im Juni<\/span><\/strong><\/span><span style=\"font-family: Poppins; font-weight: normal; font-size: large;\"><strong><span style=\"color: #ffffff;\"> 2025!<\/span><\/strong><\/span><\/h3>\n<\/div>\n<h3 class=\"column\" style=\"text-align: center;\"><\/h3>\n<div class=\"column\">\n<div class=\"text\">\n<h3 style=\"text-align: center;\"><span style=\"color: #ffffff; font-family: Poppins; font-weight: normal; font-size: large;\">Der Innovationsraum PROJEKTOR ist in die Kleppingstra\u00dfe 28 umgezogen. Die R\u00e4umlichkeiten stehen von nun an wieder f\u00fcr alle nicht-kommerziellen Ideen zur Verf\u00fcgung. Ob Workshop, Teambuilding oder Seminar &#8211; meldet euch gerne \u00fcber das Buchungstool beim Smart City Team.<\/span><\/h3>\n<h3 style=\"text-align: center;\"><span style=\"color: #ffffff; font-family: Poppins; font-weight: normal; font-size: large;\">Wir freuen uns auf euch!<\/span><\/h3>\n<\/div>\n<\/div>\n<p>[\/et_pb_text][\/et_pb_column][\/et_pb_row][et_pb_row _builder_version=&#8220;4.16&#8243; _module_preset=&#8220;default&#8220; global_colors_info=&#8220;{}&#8220;][et_pb_column type=&#8220;4_4&#8243; _builder_version=&#8220;4.16&#8243; _module_preset=&#8220;default&#8220; global_colors_info=&#8220;{}&#8220;][et_pb_gallery gallery_ids=&#8220;13717,13716,13715,13712,13711&#8243; gallery_orderby=&#8220;rand&#8220; fullwidth=&#8220;on&#8220; _builder_version=&#8220;4.27.5&#8243; _module_preset=&#8220;default&#8220; custom_padding=&#8220;0px|0px|0px|0px|false|false&#8220; border_radii=&#8220;on|20px|20px|20px|20px&#8220; global_colors_info=&#8220;{}&#8220;][\/et_pb_gallery][et_pb_text _builder_version=&#8220;4.27.5&#8243; _module_preset=&#8220;default&#8220; text_font=&#8220;Poppins||||||||&#8220; global_colors_info=&#8220;{}&#8220;]<\/p>\n<p>Fotos: Benito Barajas<\/p>\n<p>[\/et_pb_text][\/et_pb_column][\/et_pb_row][et_pb_row _builder_version=&#8220;4.27.5&#8243; _module_preset=&#8220;default&#8220; custom_margin=&#8220;-20px||0px||false|false&#8220; global_colors_info=&#8220;{}&#8220;][et_pb_column type=&#8220;4_4&#8243; _builder_version=&#8220;4.16&#8243; _module_preset=&#8220;default&#8220; global_colors_info=&#8220;{}&#8220;][et_pb_toggle title=&#8220;Was bietet der Raum?&#8220; open_toggle_text_color=&#8220;#FFFFFF&#8220; open_toggle_background_color=&#8220;#666666&#8243; closed_toggle_text_color=&#8220;#FFFFFF&#8220; closed_toggle_background_color=&#8220;#666666&#8243; icon_color=&#8220;#FFFFFF&#8220; open_icon_color=&#8220;#FFFFFF&#8220; _builder_version=&#8220;4.27.5&#8243; _module_preset=&#8220;default&#8220; title_text_color=&#8220;#FFFFFF&#8220; title_font=&#8220;Poppins|700|||||||&#8220; title_font_size=&#8220;20px&#8220; body_font=&#8220;Poppins||||||||&#8220; body_text_color=&#8220;#FFFFFF&#8220; body_font_size=&#8220;16px&#8220; body_line_height=&#8220;1.4em&#8220; custom_margin=&#8220;||23px|||&#8220; title_font_size_tablet=&#8220;&#8220; title_font_size_phone=&#8220;17px&#8220; title_font_size_last_edited=&#8220;on|phone&#8220; body_font_size_tablet=&#8220;&#8220; body_font_size_phone=&#8220;15px&#8220; body_font_size_last_edited=&#8220;on|phone&#8220; border_radii=&#8220;on|10px|10px|10px|10px&#8220; border_width_all=&#8220;0px&#8220; locked=&#8220;off&#8220; global_colors_info=&#8220;{}&#8220;]<\/p>\n<p class=\"p1\"><span>Der PROJEKTOR befindet sich in zentraler, ebenerdiger Lage in der Gesch\u00e4ftszeile auf der Kleppingstra\u00dfe 28. Das Ladenlokal verf\u00fcgt \u00fcber eine gro\u00dfe Fensterfront. Der Raum ist 65 Quadratmeter gro\u00df und bietet Platz f\u00fcr Veranstaltungen mit bis zu 50 Personen (davon 35 Sitzpl\u00e4tze). Freies WLAN ist vorhanden. Der Innovationsraum ist flexibel nutzbar und ist mit einem Mobiliar ausgestattet, das je nach Bedarf umgestellt werden kann. So k\u00f6nnen Arbeitssituationen f\u00fcr Kleingruppen ebenso realisiert werden wie Design Thinking Workshops oder kleine Events mit Publikum. Es gibt eine K\u00fcche mit Geschirr, K\u00fchlschrank, Kaffeemaschine und Sp\u00fclmaschine. Der Raum ist mit zwei Toiletten ausgestattet, eine davon ist barrierearm zug\u00e4nglich.<\/span><\/p>\n<p>[\/et_pb_toggle][et_pb_toggle title=&#8220;Wer darf den Raum nutzen?&#8220; open_toggle_text_color=&#8220;#FFFFFF&#8220; open_toggle_background_color=&#8220;#666666&#8243; closed_toggle_text_color=&#8220;#FFFFFF&#8220; closed_toggle_background_color=&#8220;#666666&#8243; icon_color=&#8220;#FFFFFF&#8220; open_icon_color=&#8220;#FFFFFF&#8220; _builder_version=&#8220;4.27.5&#8243; _module_preset=&#8220;default&#8220; title_text_color=&#8220;#FFFFFF&#8220; title_font=&#8220;Poppins|700|||||||&#8220; title_font_size=&#8220;20px&#8220; body_text_color=&#8220;#FFFFFF&#8220; body_font_size=&#8220;16px&#8220; body_line_height=&#8220;1.4em&#8220; custom_margin=&#8220;||23px|||&#8220; title_font_size_tablet=&#8220;&#8220; title_font_size_phone=&#8220;17px&#8220; title_font_size_last_edited=&#8220;on|phone&#8220; body_font_size_tablet=&#8220;&#8220; body_font_size_phone=&#8220;15px&#8220; body_font_size_last_edited=&#8220;on|phone&#8220; border_radii=&#8220;on|10px|10px|10px|10px&#8220; border_width_all=&#8220;0px&#8220; locked=&#8220;off&#8220; inline_fonts=&#8220;Poppins&#8220; global_colors_info=&#8220;{}&#8220;]<\/p>\n<p class=\"p1\"><span style=\"font-family: Poppins;\">Der PROJEKTOR darf vorrangig von den Vertreter*innen des \u201eDortmunder Innovations\u00f6kosystems\u201c genutzt werden, die einen aktiven Beitrag zur Bewerbung als Innovationshauptstadt geleistet haben. Das sind insbesondere die Dortmunder Hochschulen und wissenschaftliche Einrichtungen, die Wirtschaftsf\u00f6rderung, das TechnologieZentrumDortmund, die Industrie- und Handwerkskammern sowie die Projektpartner der Allianz Smart City und des Masterplans Wissenschaft 2.0. Dar\u00fcber hinaus k\u00f6nnen auch weitere interessierte Unternehmen, b\u00fcrgerschaftliche Initiativen und Projekte die Raumnutzung anfragen. <\/span><\/p>\n<p class=\"p1\"><span style=\"font-family: Poppins;\"><span style=\"color: #e02b20;\">Achtung!<\/span> Die Nutzung ist allerdings ausschlie\u00dflich f\u00fcr nicht-gewinnorientierte Zwecke (Verkauf und Werbung) vorgesehen.<\/span><\/p>\n<p>[\/et_pb_toggle][et_pb_toggle title=&#8220;Was kostet die Nutzung des Raums?&#8220; open_toggle_text_color=&#8220;#FFFFFF&#8220; open_toggle_background_color=&#8220;#666666&#8243; closed_toggle_text_color=&#8220;#FFFFFF&#8220; closed_toggle_background_color=&#8220;#666666&#8243; icon_color=&#8220;#FFFFFF&#8220; open_icon_color=&#8220;#FFFFFF&#8220; _builder_version=&#8220;4.27.5&#8243; _module_preset=&#8220;default&#8220; title_text_color=&#8220;#FFFFFF&#8220; title_font=&#8220;Poppins|700|||||||&#8220; title_font_size=&#8220;20px&#8220; body_text_color=&#8220;#FFFFFF&#8220; body_font_size=&#8220;16px&#8220; body_line_height=&#8220;1.4em&#8220; custom_margin=&#8220;||23px|||&#8220; title_font_size_tablet=&#8220;&#8220; title_font_size_phone=&#8220;17px&#8220; title_font_size_last_edited=&#8220;on|phone&#8220; body_font_size_tablet=&#8220;&#8220; body_font_size_phone=&#8220;15px&#8220; body_font_size_last_edited=&#8220;on|phone&#8220; border_radii=&#8220;on|10px|10px|10px|10px&#8220; border_width_all=&#8220;0px&#8220; locked=&#8220;off&#8220; inline_fonts=&#8220;Poppins&#8220; global_colors_info=&#8220;{}&#8220;]<\/p>\n<p class=\"p1\"><span style=\"font-family: Poppins;\">Der PROJEKTOR wird aus dem Preisgeld der Auszeichnung als \u201eiCapital 2021\u201c von der Europ\u00e4ischen Union gef\u00f6rdert. Daher f\u00e4llt f\u00fcr die Nutzer*innen des Raums im Projektzeitraum 2022\/2023 keine Miete an \u2013 der Raum wird f\u00fcr Sie kostenlos bereitgestellt. <\/span><\/p>\n<p class=\"p1\"><span style=\"font-family: Poppins;\">Alles, was \u00fcber die Grundausstattung hinausgeht, z. B. Besorgung von Getr\u00e4nken, Speisen oder zus\u00e4tzlicher technischer Ausstattung, m\u00fcssen die Nutzer*innen selbst organisieren. Der Raum muss nach der Nutzung wieder in den Ausgangszustand ger\u00e4umt und sauber hinterlassen werden. Auch Flaschen und Altpapier m\u00fcssen eigenst\u00e4ndig entsorgt werden.<\/span><\/p>\n<p>[\/et_pb_toggle][et_pb_toggle title=&#8220;Sie haben Innovationen, die man im ausstellen kann?&#8220; open_toggle_text_color=&#8220;#FFFFFF&#8220; open_toggle_background_color=&#8220;#666666&#8243; closed_toggle_text_color=&#8220;#FFFFFF&#8220; closed_toggle_background_color=&#8220;#666666&#8243; icon_color=&#8220;#FFFFFF&#8220; open_icon_color=&#8220;#FFFFFF&#8220; _builder_version=&#8220;4.27.5&#8243; _module_preset=&#8220;default&#8220; title_text_color=&#8220;#FFFFFF&#8220; title_font=&#8220;Poppins|700|||||||&#8220; title_font_size=&#8220;20px&#8220; body_text_color=&#8220;#FFFFFF&#8220; body_font_size=&#8220;16px&#8220; body_line_height=&#8220;1.4em&#8220; custom_margin=&#8220;||23px|||&#8220; title_font_size_tablet=&#8220;&#8220; title_font_size_phone=&#8220;17px&#8220; title_font_size_last_edited=&#8220;on|phone&#8220; body_font_size_tablet=&#8220;&#8220; body_font_size_phone=&#8220;15px&#8220; body_font_size_last_edited=&#8220;on|phone&#8220; border_radii=&#8220;on|10px|10px|10px|10px&#8220; border_width_all=&#8220;0px&#8220; locked=&#8220;off&#8220; inline_fonts=&#8220;Poppins&#8220; global_colors_info=&#8220;{}&#8220;]<\/p>\n<p class=\"p1\"><span style=\"font-family: Poppins; font-weight: normal;\">Dann schreiben Sie uns eine Mail mit einer kurzen Beschreibung, was Sie zeigen m\u00f6chten! Das k\u00f6nnen z. B. Seminar- oder Projektergebnisse sein, k\u00fcnstlerische Auseinandersetzungen, Videodokumentationen, Produkte aus Maker Spaces und FabLabs, Modelle, Prototypen etc. <\/span><\/p>\n<p class=\"p1\"><span style=\"font-family: Poppins; font-weight: normal;\">Als Aussteller*in kuratieren Sie Ihre gezeigten Innovationen. Gerne beraten wir Sie f\u00fcr eine bestm\u00f6gliche Inszenierung.<\/span><\/p>\n<p>[\/et_pb_toggle][et_pb_toggle title=&#8220;Wie kann ich Kontakt aufnehmen?&#8220; open_toggle_text_color=&#8220;#FFFFFF&#8220; open_toggle_background_color=&#8220;#666666&#8243; closed_toggle_text_color=&#8220;#FFFFFF&#8220; closed_toggle_background_color=&#8220;#666666&#8243; icon_color=&#8220;#FFFFFF&#8220; open_icon_color=&#8220;#FFFFFF&#8220; _builder_version=&#8220;4.27.5&#8243; _module_preset=&#8220;default&#8220; title_text_color=&#8220;#FFFFFF&#8220; title_font=&#8220;Poppins|700|||||||&#8220; title_font_size=&#8220;20px&#8220; body_text_color=&#8220;#FFFFFF&#8220; body_font_size=&#8220;16px&#8220; body_line_height=&#8220;1.4em&#8220; custom_margin=&#8220;||23px|||&#8220; title_font_size_tablet=&#8220;&#8220; title_font_size_phone=&#8220;17px&#8220; title_font_size_last_edited=&#8220;on|phone&#8220; body_font_size_tablet=&#8220;&#8220; body_font_size_phone=&#8220;15px&#8220; body_font_size_last_edited=&#8220;on|phone&#8220; border_radii=&#8220;on|10px|10px|10px|10px&#8220; border_width_all=&#8220;0px&#8220; locked=&#8220;off&#8220; inline_fonts=&#8220;Poppins&#8220; global_colors_info=&#8220;{}&#8220;]<\/p>\n<p class=\"p1\"><span style=\"font-family: Poppins;\">Buchungen \u00fcber das Buchungstool <a href=\"https:\/\/smartcity.dortmund.de\/raumbuchung2\/\">HIER<\/a>.<\/span><\/p>\n<p class=\"p1\"><span style=\"font-family: Poppins;\">Ansprechpartner beim Team Smart City: Florian Keppler per Mail: fkeppler@stadtdo.de oder telefonisch unter +49 231-50-27674. Die Schl\u00fcsselabholung ist am S\u00fcdwall 21-23.<\/span><\/p>\n<p>[\/et_pb_toggle][et_pb_toggle title=&#8220;Downloads&#8220; open_toggle_text_color=&#8220;#FFFFFF&#8220; open_toggle_background_color=&#8220;#666666&#8243; closed_toggle_text_color=&#8220;#FFFFFF&#8220; closed_toggle_background_color=&#8220;#666666&#8243; icon_color=&#8220;#FFFFFF&#8220; open_icon_color=&#8220;#FFFFFF&#8220; _builder_version=&#8220;4.27.5&#8243; _module_preset=&#8220;default&#8220; title_text_color=&#8220;#FFFFFF&#8220; title_font=&#8220;Poppins|700|||||||&#8220; title_font_size=&#8220;20px&#8220; body_text_color=&#8220;#FFFFFF&#8220; body_font_size=&#8220;16px&#8220; body_line_height=&#8220;1.4em&#8220; custom_margin=&#8220;||23px|||&#8220; title_font_size_tablet=&#8220;&#8220; title_font_size_phone=&#8220;17px&#8220; title_font_size_last_edited=&#8220;on|phone&#8220; body_font_size_tablet=&#8220;&#8220; body_font_size_phone=&#8220;15px&#8220; body_font_size_last_edited=&#8220;on|phone&#8220; border_radii=&#8220;on|10px|10px|10px|10px&#8220; border_width_all=&#8220;0px&#8220; locked=&#8220;off&#8220; inline_fonts=&#8220;Poppins&#8220; global_colors_info=&#8220;{}&#8220;]<\/p>\n<p><span style=\"font-family: Poppins;\">Allgemeine Informationen:\u00a0<a href=\"https:\/\/smartcity.dortmund.de\/wp-content\/uploads\/2025\/12\/Projektor_Infos_Neu.pdf\">Projektor_Info_Zweiseiter<\/a><\/span><span style=\"font-family: Poppins;\"><a href=\"https:\/\/innovation-next-door.de\/wp-content\/uploads\/Projektor_Info_Kaltstart.pdf\"><\/a><\/span><span style=\"font-family: Poppins;\"><\/span><\/p>\n<p>[\/et_pb_toggle][\/et_pb_column][\/et_pb_row][\/et_pb_section]<\/p>\n","protected":false},"excerpt":{"rendered":"<p>Projektor &#8211; Raum f\u00fcrInnovationen und Zusammenarbeit Der Projektor feiert Neuer\u00f6ffnung im Juni 2025! Der Innovationsraum PROJEKTOR ist in die Kleppingstra\u00dfe 28 umgezogen. Die R\u00e4umlichkeiten stehen von nun an wieder f\u00fcr alle nicht-kommerziellen Ideen zur Verf\u00fcgung. Ob Workshop, Teambuilding oder Seminar &#8211; meldet euch gerne \u00fcber das Buchungstool beim Smart City Team. Wir freuen uns auf [&hellip;]<\/p>\n","protected":false},"author":9,"featured_media":0,"parent":0,"menu_order":0,"comment_status":"closed","ping_status":"closed","template":"","meta":{"_et_pb_use_builder":"on","_et_pb_old_content":"","_et_gb_content_width":"","inline_featured_image":false,"footnotes":""},"class_list":["post-12861","page","type-page","status-publish","hentry"],"yoast_head":"<!-- This site is optimized with the Yoast SEO plugin v27.3 - https:\/\/yoast.com\/product\/yoast-seo-wordpress\/ -->\n<title>Projektor - Dortmund<\/title>\n<meta name=\"robots\" content=\"index, follow, max-snippet:-1, max-image-preview:large, max-video-preview:-1\" \/>\n<link rel=\"canonical\" href=\"https:\/\/masterplan-wissenschaft.de\/de\/projektor\/\" \/>\n<meta property=\"og:locale\" content=\"de_DE\" \/>\n<meta property=\"og:type\" content=\"article\" \/>\n<meta property=\"og:title\" content=\"Projektor - Dortmund\" \/>\n<meta property=\"og:description\" content=\"Projektor - Raum f\u00fcrInnovationen und Zusammenarbeit Der Projektor feiert Neuer\u00f6ffnung im Juni 2025! Der Innovationsraum PROJEKTOR ist in die Kleppingstra\u00dfe 28 umgezogen. Die R\u00e4umlichkeiten stehen von nun an wieder f\u00fcr alle nicht-kommerziellen Ideen zur Verf\u00fcgung. Ob Workshop, Teambuilding oder Seminar - meldet euch gerne \u00fcber das Buchungstool beim Smart City Team. Wir freuen uns auf [&hellip;]\" \/>\n<meta property=\"og:url\" content=\"https:\/\/masterplan-wissenschaft.de\/de\/projektor\/\" \/>\n<meta property=\"og:site_name\" content=\"Dortmund\" \/>\n<meta property=\"article:modified_time\" content=\"2026-03-23T07:41:27+00:00\" \/>\n<meta name=\"twitter:card\" content=\"summary_large_image\" \/>\n<meta name=\"twitter:label1\" content=\"Gesch\u00e4tzte Lesezeit\" \/>\n\t<meta name=\"twitter:data1\" content=\"4\u00a0Minuten\" \/>\n<script type=\"application\/ld+json\" class=\"yoast-schema-graph\">{\"@context\":\"https:\\\/\\\/schema.org\",\"@graph\":[{\"@type\":\"WebPage\",\"@id\":\"https:\\\/\\\/masterplan-wissenschaft.de\\\/projektor\\\/\",\"url\":\"https:\\\/\\\/masterplan-wissenschaft.de\\\/projektor\\\/\",\"name\":\"Projektor - Dortmund\",\"isPartOf\":{\"@id\":\"https:\\\/\\\/masterplan-wissenschaft.de\\\/de\\\/#website\"},\"datePublished\":\"2025-03-18T11:07:01+00:00\",\"dateModified\":\"2026-03-23T07:41:27+00:00\",\"breadcrumb\":{\"@id\":\"https:\\\/\\\/masterplan-wissenschaft.de\\\/projektor\\\/#breadcrumb\"},\"inLanguage\":\"de\",\"potentialAction\":[{\"@type\":\"ReadAction\",\"target\":[\"https:\\\/\\\/masterplan-wissenschaft.de\\\/projektor\\\/\"]}]},{\"@type\":\"BreadcrumbList\",\"@id\":\"https:\\\/\\\/masterplan-wissenschaft.de\\\/projektor\\\/#breadcrumb\",\"itemListElement\":[{\"@type\":\"ListItem\",\"position\":1,\"name\":\"Startseite\",\"item\":\"https:\\\/\\\/masterplan-wissenschaft.de\\\/de\\\/\"},{\"@type\":\"ListItem\",\"position\":2,\"name\":\"Projektor\"}]},{\"@type\":\"WebSite\",\"@id\":\"https:\\\/\\\/masterplan-wissenschaft.de\\\/de\\\/#website\",\"url\":\"https:\\\/\\\/masterplan-wissenschaft.de\\\/de\\\/\",\"name\":\"Masterplan Wissenschaft\",\"description\":\"Masterplan Wissenschaft\",\"publisher\":{\"@id\":\"https:\\\/\\\/masterplan-wissenschaft.de\\\/de\\\/#organization\"},\"potentialAction\":[{\"@type\":\"SearchAction\",\"target\":{\"@type\":\"EntryPoint\",\"urlTemplate\":\"https:\\\/\\\/masterplan-wissenschaft.de\\\/de\\\/?s={search_term_string}\"},\"query-input\":{\"@type\":\"PropertyValueSpecification\",\"valueRequired\":true,\"valueName\":\"search_term_string\"}}],\"inLanguage\":\"de\"},{\"@type\":\"Organization\",\"@id\":\"https:\\\/\\\/masterplan-wissenschaft.de\\\/de\\\/#organization\",\"name\":\"Stadt Dortmund\",\"url\":\"https:\\\/\\\/masterplan-wissenschaft.de\\\/de\\\/\",\"logo\":{\"@type\":\"ImageObject\",\"inLanguage\":\"de\",\"@id\":\"https:\\\/\\\/masterplan-wissenschaft.de\\\/de\\\/#\\\/schema\\\/logo\\\/image\\\/\",\"url\":\"https:\\\/\\\/masterplan-wissenschaft.de\\\/wp-content\\\/uploads\\\/2025\\\/08\\\/DO_Masterplan-Wissenschaft.png\",\"contentUrl\":\"https:\\\/\\\/masterplan-wissenschaft.de\\\/wp-content\\\/uploads\\\/2025\\\/08\\\/DO_Masterplan-Wissenschaft.png\",\"width\":2976,\"height\":710,\"caption\":\"Stadt Dortmund\"},\"image\":{\"@id\":\"https:\\\/\\\/masterplan-wissenschaft.de\\\/de\\\/#\\\/schema\\\/logo\\\/image\\\/\"}}]}<\/script>\n<!-- \/ Yoast SEO plugin. -->","yoast_head_json":{"title":"Projektor - Dortmund","robots":{"index":"index","follow":"follow","max-snippet":"max-snippet:-1","max-image-preview":"max-image-preview:large","max-video-preview":"max-video-preview:-1"},"canonical":"https:\/\/masterplan-wissenschaft.de\/de\/projektor\/","og_locale":"de_DE","og_type":"article","og_title":"Projektor - Dortmund","og_description":"Projektor - Raum f\u00fcrInnovationen und Zusammenarbeit Der Projektor feiert Neuer\u00f6ffnung im Juni 2025! Der Innovationsraum PROJEKTOR ist in die Kleppingstra\u00dfe 28 umgezogen. Die R\u00e4umlichkeiten stehen von nun an wieder f\u00fcr alle nicht-kommerziellen Ideen zur Verf\u00fcgung. Ob Workshop, Teambuilding oder Seminar - meldet euch gerne \u00fcber das Buchungstool beim Smart City Team. Wir freuen uns auf [&hellip;]","og_url":"https:\/\/masterplan-wissenschaft.de\/de\/projektor\/","og_site_name":"Dortmund","article_modified_time":"2026-03-23T07:41:27+00:00","twitter_card":"summary_large_image","twitter_misc":{"Gesch\u00e4tzte Lesezeit":"4\u00a0Minuten"},"schema":{"@context":"https:\/\/schema.org","@graph":[{"@type":"WebPage","@id":"https:\/\/masterplan-wissenschaft.de\/projektor\/","url":"https:\/\/masterplan-wissenschaft.de\/projektor\/","name":"Projektor - Dortmund","isPartOf":{"@id":"https:\/\/masterplan-wissenschaft.de\/de\/#website"},"datePublished":"2025-03-18T11:07:01+00:00","dateModified":"2026-03-23T07:41:27+00:00","breadcrumb":{"@id":"https:\/\/masterplan-wissenschaft.de\/projektor\/#breadcrumb"},"inLanguage":"de","potentialAction":[{"@type":"ReadAction","target":["https:\/\/masterplan-wissenschaft.de\/projektor\/"]}]},{"@type":"BreadcrumbList","@id":"https:\/\/masterplan-wissenschaft.de\/projektor\/#breadcrumb","itemListElement":[{"@type":"ListItem","position":1,"name":"Startseite","item":"https:\/\/masterplan-wissenschaft.de\/de\/"},{"@type":"ListItem","position":2,"name":"Projektor"}]},{"@type":"WebSite","@id":"https:\/\/masterplan-wissenschaft.de\/de\/#website","url":"https:\/\/masterplan-wissenschaft.de\/de\/","name":"Masterplan Wissenschaft","description":"Masterplan Wissenschaft","publisher":{"@id":"https:\/\/masterplan-wissenschaft.de\/de\/#organization"},"potentialAction":[{"@type":"SearchAction","target":{"@type":"EntryPoint","urlTemplate":"https:\/\/masterplan-wissenschaft.de\/de\/?s={search_term_string}"},"query-input":{"@type":"PropertyValueSpecification","valueRequired":true,"valueName":"search_term_string"}}],"inLanguage":"de"},{"@type":"Organization","@id":"https:\/\/masterplan-wissenschaft.de\/de\/#organization","name":"Stadt Dortmund","url":"https:\/\/masterplan-wissenschaft.de\/de\/","logo":{"@type":"ImageObject","inLanguage":"de","@id":"https:\/\/masterplan-wissenschaft.de\/de\/#\/schema\/logo\/image\/","url":"https:\/\/masterplan-wissenschaft.de\/wp-content\/uploads\/2025\/08\/DO_Masterplan-Wissenschaft.png","contentUrl":"https:\/\/masterplan-wissenschaft.de\/wp-content\/uploads\/2025\/08\/DO_Masterplan-Wissenschaft.png","width":2976,"height":710,"caption":"Stadt Dortmund"},"image":{"@id":"https:\/\/masterplan-wissenschaft.de\/de\/#\/schema\/logo\/image\/"}}]}},"_links":{"self":[{"href":"https:\/\/masterplan-wissenschaft.de\/de\/wp-json\/wp\/v2\/pages\/12861","targetHints":{"allow":["GET"]}}],"collection":[{"href":"https:\/\/masterplan-wissenschaft.de\/de\/wp-json\/wp\/v2\/pages"}],"about":[{"href":"https:\/\/masterplan-wissenschaft.de\/de\/wp-json\/wp\/v2\/types\/page"}],"author":[{"embeddable":true,"href":"https:\/\/masterplan-wissenschaft.de\/de\/wp-json\/wp\/v2\/users\/9"}],"replies":[{"embeddable":true,"href":"https:\/\/masterplan-wissenschaft.de\/de\/wp-json\/wp\/v2\/comments?post=12861"}],"version-history":[{"count":16,"href":"https:\/\/masterplan-wissenschaft.de\/de\/wp-json\/wp\/v2\/pages\/12861\/revisions"}],"predecessor-version":[{"id":13872,"href":"https:\/\/masterplan-wissenschaft.de\/de\/wp-json\/wp\/v2\/pages\/12861\/revisions\/13872"}],"wp:attachment":[{"href":"https:\/\/masterplan-wissenschaft.de\/de\/wp-json\/wp\/v2\/media?parent=12861"}],"curies":[{"name":"wp","href":"https:\/\/api.w.org\/{rel}","templated":true}]}}