{"id":13030,"date":"2025-04-29T09:03:15","date_gmt":"2025-04-29T09:03:15","guid":{"rendered":"https:\/\/masterplan-wissenschaft.de\/?page_id=13030"},"modified":"2025-06-04T09:44:35","modified_gmt":"2025-06-04T09:44:35","slug":"energiezukunft","status":"publish","type":"page","link":"https:\/\/masterplan-wissenschaft.de\/de\/energiezukunft\/","title":{"rendered":"Energiezukunft"},"content":{"rendered":"<p>[et_pb_section fb_built=&#8220;1&#8243; module_id=&#8220;exzellenz-vernetzung&#8220; _builder_version=&#8220;4.9.4&#8243; _module_preset=&#8220;default&#8220; background_color=&#8220;#000000&#8243; use_background_color_gradient=&#8220;on&#8220; background_color_gradient_start=&#8220;rgba(0,19,46,0.85)&#8220; background_color_gradient_end=&#8220;rgba(0,19,46,0.85)&#8220; background_color_gradient_overlays_image=&#8220;on&#8220; background_image=&#8220;https:\/\/masterplan-wissenschaft.de\/wp-content\/uploads\/2021\/02\/Stadt-Dortmund_Atomgrafik_v2_2021_lay1_freigest_randlos.png&#8220; background_size=&#8220;initial&#8220; background_position=&#8220;center_right&#8220; custom_padding=&#8220;130px||43px||false|false&#8220; global_colors_info=&#8220;{}&#8220;][et_pb_row _builder_version=&#8220;4.9.4&#8243; _module_preset=&#8220;default&#8220;][et_pb_column type=&#8220;4_4&#8243; _builder_version=&#8220;4.9.4&#8243; _module_preset=&#8220;default&#8220;][et_pb_text _builder_version=&#8220;4.9.4&#8243; _module_preset=&#8220;default&#8220; text_font=&#8220;Istok Web||||||||&#8220; text_text_color=&#8220;#FFFFFF&#8220; text_font_size=&#8220;16px&#8220; header_font=&#8220;Istok Web|700|||||||&#8220; header_text_color=&#8220;#FFFFFF&#8220; header_font_size=&#8220;50px&#8220; header_line_height=&#8220;1.2em&#8220; header_2_text_color=&#8220;#000000&#8243; header_2_font_size=&#8220;50px&#8220; header_2_line_height=&#8220;1.2em&#8220; header_3_text_color=&#8220;#FFFFFF&#8220; header_3_font_size=&#8220;50px&#8220; header_4_font=&#8220;|600|||||||&#8220; header_4_text_color=&#8220;#FFFFFF&#8220; header_4_font_size=&#8220;30px&#8220; header_5_font_size=&#8220;50px&#8220; header_6_font_size=&#8220;50px&#8220; custom_padding=&#8220;0px|20px|0px|20px|false|false&#8220; custom_padding_tablet=&#8220;&#8220; custom_padding_phone=&#8220;0px|0px|0px|0px|false|true&#8220; custom_padding_last_edited=&#8220;on|phone&#8220; text_font_size_tablet=&#8220;&#8220; text_font_size_phone=&#8220;15px&#8220; text_font_size_last_edited=&#8220;on|phone&#8220; header_font_size_tablet=&#8220;70px&#8220; header_font_size_phone=&#8220;28px&#8220; header_font_size_last_edited=&#8220;on|phone&#8220; header_2_font_size_tablet=&#8220;70px&#8220; header_2_font_size_phone=&#8220;28px&#8220; header_2_font_size_last_edited=&#8220;on|phone&#8220; header_3_font_size_tablet=&#8220;70px&#8220; header_3_font_size_phone=&#8220;28px&#8220; header_3_font_size_last_edited=&#8220;on|phone&#8220; header_4_font_size_tablet=&#8220;70px&#8220; header_4_font_size_phone=&#8220;28px&#8220; header_4_font_size_last_edited=&#8220;on|phone&#8220; header_5_font_size_tablet=&#8220;70px&#8220; header_5_font_size_phone=&#8220;28px&#8220; header_5_font_size_last_edited=&#8220;on|phone&#8220; header_6_font_size_tablet=&#8220;70px&#8220; header_6_font_size_phone=&#8220;28px&#8220; header_6_font_size_last_edited=&#8220;on|phone&#8220; locked=&#8220;off&#8220; global_colors_info=&#8220;{}&#8220;]<\/p>\n<h3 class=\"dode-border headline-detail col-paddingTop-2x col-paddingBottom-2x\">Wissen kompakt<\/h3>\n<h4>Themenabend Zukunftsenergie<\/h4>\n<p>[\/et_pb_text][\/et_pb_column][\/et_pb_row][et_pb_row _builder_version=&#8220;4.9.4&#8243; _module_preset=&#8220;default&#8220;][et_pb_column type=&#8220;4_4&#8243; _builder_version=&#8220;4.9.4&#8243; _module_preset=&#8220;default&#8220;][et_pb_text _builder_version=&#8220;4.9.4&#8243; _module_preset=&#8220;default&#8220; text_font=&#8220;Istok Web||||||||&#8220; text_text_color=&#8220;#FFFFFF&#8220; text_font_size=&#8220;16px&#8220; header_font=&#8220;Istok Web|700|||||||&#8220; header_text_color=&#8220;#ffffff&#8220; header_font_size=&#8220;50px&#8220; header_line_height=&#8220;1.2em&#8220; header_2_text_color=&#8220;#FFFFFF&#8220; header_2_line_height=&#8220;1.2em&#8220; min_height=&#8220;220px&#8220; custom_padding=&#8220;20px|20px|0px|20px|false|false&#8220; custom_padding_tablet=&#8220;&#8220; custom_padding_phone=&#8220;20px|0px|20px|0px|false|true&#8220; custom_padding_last_edited=&#8220;on|phone&#8220; text_font_size_tablet=&#8220;&#8220; text_font_size_phone=&#8220;15px&#8220; text_font_size_last_edited=&#8220;on|phone&#8220; ol_font_size_tablet=&#8220;&#8220; ol_font_size_phone=&#8220;15px&#8220; ol_font_size_last_edited=&#8220;on|phone&#8220; global_colors_info=&#8220;{}&#8220;]<\/p>\n<p><strong><em>Datum: 16. Juni 2025,17- 19 Uhr Hauptprogramm mit anschlie\u00dfendem <span style=\"font-size: 16px;\">Netzwerken<\/span><\/em><\/strong><\/p>\n<p><strong><em>Veranstaltungsort: R\u00e4umlichkeiten der DEW21 (Eventfl\u00e4che TwentyOne)<br \/>Adresse: G\u00fcnter-Samtlebe-Platz 1, 44135 Dortmund<\/em><\/strong><strong><em><\/em><\/strong><\/p>\n<p><strong><a href=\"https:\/\/eveeno.com\/250616_Zukunftsenergie_Dortmund\">Jetzt anmelden!<\/a><\/strong><em><\/em><em><\/em><\/p>\n<p><strong>Themenabend \u201eEnergiezukunft\u201c <\/strong><\/p>\n<p>Wie wichtig das Thema Energie f\u00fcr europ\u00e4ische St\u00e4dte ist, wurde zuletzt am massiven Stromausfall Ende April in Portugal und Spanien deutlich.\u00a0 Doch wie k\u00f6nnen sich St\u00e4dte und Privathaushalte nachhaltig und zukunftssicher aufstellen? Wie gelingt die Energiewende in Dortmund? Welche Chancen bieten neue Technologien im Alltag, in Unternehmen und in der Stadtentwicklung?<\/p>\n<p>Diese Fragen stehen im Mittelpunkt des Themenabends zur Energiezukunft, den die Stadt Dortmund gemeinsam mit dem Projekt <em>Power2Change: Mission Energiewende<\/em> sowie weiteren Partnerinnen und Partnern aus Wissenschaft und Wirtschaft im Rahmen <em>Wissenschaftsjahres 2025 \u2013 Zukunftsenergie <\/em>veranstaltet. Die Veranstaltung findet am 16.06.2025 auf der Eventfl\u00e4che TwentyOne der DEW21 statt. Es wird um Anmeldung gebeten \u2013 die Teilnahme ist kostenlos.<\/p>\n<p>Der Themenabend startet mit einer Begr\u00fc\u00dfung durch die Wissenschaftsreferentin der Stadt Dortmund und einem Impulsvortrag von Prof. Dr. Christian Rehtanz, TU Dortmund, zur Energieversorgung im urbanen Raum. Anschlie\u00dfend wird an interaktiven Thementischen diskutiert, wie die Energiezukunft in St\u00e4dten, Unternehmen und Haushaltes aussehen kann und aktiv mitgestaltet werden kann. Moderiert wird die Veranstaltung von Lis Blume, Fachmoderatorin f\u00fcr Energie, Wirtschaft und Transformation.<\/p>\n<p>Zum Abschluss l\u00e4dt die Veranstaltung ab 19 Uhr zum lockeren Netzwerken ein \u2013 Gelegenheit, Gespr\u00e4che zu vertiefen und neue Kontakte zu kn\u00fcpfen.<\/p>\n<p><strong>Teil einer Aktionswoche zur Energiezukunft in Dortmund<\/strong><a href=\"https:\/\/eveeno.com\/250616_Zukunftsenergie_Dortmund\"><\/a><\/p>\n<p><!--StartFragment --><span class=\"cf0\">Das Wissenschaftsjahr ist eine Initiative des\u00a0<\/span><a class=\"cf0\" href=\"https:\/\/eveeno.com\/250616_Zukunftsenergie_Dortmund\"><span class=\"cf1\">Bundesministeriums f\u00fcr Bildung und Forschung (BMBF)<\/span><\/a><span class=\"cf0\">\u00a0mit\u00a0<\/span><a class=\"cf0\" href=\"https:\/\/eveeno.com\/250616_Zukunftsenergie_Dortmund\"><span class=\"cf1\">Wissenschaft im Dialog (WiD)<\/span><\/a><span class=\"cf0\">. Seit mehr als zwei Jahrzehnten f\u00f6rdern sie den Dialog mit der \u00d6ffentlichkeit zu Wissenschafts- und Forschungsthemen.<\/span><!--EndFragment --><\/p>\n<p><a href=\"https:\/\/eveeno.com\/250616_Zukunftsenergie_Dortmund\">Mehr Informationen<\/a> zum Wissenschaftsjahr.<\/p>\n<p>[\/et_pb_text][\/et_pb_column][\/et_pb_row][et_pb_row _builder_version=&#8220;4.9.4&#8243; _module_preset=&#8220;default&#8220;][et_pb_column type=&#8220;4_4&#8243; _builder_version=&#8220;4.9.4&#8243; _module_preset=&#8220;default&#8220;][et_pb_toggle title=&#8220;Programm&#8220; open_toggle_text_color=&#8220;#FFFFFF&#8220; open_toggle_background_color=&#8220;#666666&#8243; closed_toggle_text_color=&#8220;#FFFFFF&#8220; closed_toggle_background_color=&#8220;#666666&#8243; icon_color=&#8220;#FFFFFF&#8220; _builder_version=&#8220;4.9.4&#8243; _module_preset=&#8220;default&#8220; title_text_color=&#8220;#FFFFFF&#8220; title_font=&#8220;|700|||||||&#8220; title_font_size=&#8220;20px&#8220; body_text_color=&#8220;#FFFFFF&#8220; body_font_size=&#8220;16px&#8220; body_line_height=&#8220;1.4em&#8220; custom_margin=&#8220;||23px|||&#8220; title_font_size_tablet=&#8220;&#8220; title_font_size_phone=&#8220;17px&#8220; title_font_size_last_edited=&#8220;on|phone&#8220; body_font_size_tablet=&#8220;&#8220; body_font_size_phone=&#8220;15px&#8220; body_font_size_last_edited=&#8220;on|phone&#8220; border_radii=&#8220;on|10px|10px|10px|10px&#8220; border_width_all=&#8220;0px&#8220; locked=&#8220;off&#8220;]<\/p>\n<p>\ud83d\udd0b <strong>Dortmund diskutiert die Energiezukunft!<\/strong><br \/>Am <strong>16.06.2025 <\/strong>laden Stadt &amp; Partner*innen zum interaktiven <strong>Themenabend zur Energiezukunft<\/strong> auf die Eventfl\u00e4che <em>TwentyOne<\/em> bei DEW21 ein \u2013 im Rahmen des <strong>Wissenschaftsjahres 2025 \u2013 Zukunftsenergie. <\/strong><\/p>\n<p>&nbsp;<\/p>\n<p>\ud83d\udd53 <strong>Einlass ab 16:45 Uhr<\/strong><br \/>\ud83e\udde0 Vortr\u00e4ge, Thementische &amp; Austausch mit Expert*innen zu:<br \/>\ud83c\udf0d urbane Energieversorgung<br \/>\ud83c\udfe0 Energiewende im eigenen Zuhause<br \/>\ud83c\udfe2 Klimaneutralit\u00e4t in der Stadt und in Unternehmen<\/p>\n<p>&nbsp;<\/p>\n<p>\ud83d\udce3 <a href=\"https:\/\/eveeno.com\/250616_Zukunftsenergie_Dortmund\">Jetzt anmelden<\/a> &amp; Zukunft mitgestalten!<\/p>\n<p>[\/et_pb_toggle][et_pb_toggle title=&#8220;Thementische &#038; Expert*innen&#8220; open_toggle_text_color=&#8220;#FFFFFF&#8220; open_toggle_background_color=&#8220;#666666&#8243; closed_toggle_text_color=&#8220;#FFFFFF&#8220; closed_toggle_background_color=&#8220;#666666&#8243; icon_color=&#8220;#FFFFFF&#8220; _builder_version=&#8220;4.9.4&#8243; _module_preset=&#8220;default&#8220; title_text_color=&#8220;#FFFFFF&#8220; title_font=&#8220;|700|||||||&#8220; title_font_size=&#8220;20px&#8220; body_text_color=&#8220;#FFFFFF&#8220; body_font_size=&#8220;16px&#8220; body_line_height=&#8220;1.4em&#8220; custom_margin=&#8220;||23px|||&#8220; hover_enabled=&#8220;0&#8243; title_font_size_tablet=&#8220;&#8220; title_font_size_phone=&#8220;17px&#8220; title_font_size_last_edited=&#8220;on|phone&#8220; body_font_size_tablet=&#8220;&#8220; body_font_size_phone=&#8220;15px&#8220; body_font_size_last_edited=&#8220;on|phone&#8220; border_radii=&#8220;on|10px|10px|10px|10px&#8220; border_width_all=&#8220;0px&#8220; locked=&#8220;off&#8220; sticky_enabled=&#8220;0&#8243;]<\/p>\n<ul>\n<li>Energieversorgung im urbanen Raum<br \/><em>Prof. Dr. Christian Rehtanz, TU Dortmund<\/em><\/li>\n<\/ul>\n<ul>\n<li>Konflikte in der Energiewende \u2013 bessere L\u00f6sungen durch Planung, Partizipation und Wege zur Akzeptanz?<br \/><em>Sarah Friese, Institut f\u00fcr Landes- und Stadtentwicklungsforschung<\/em><\/li>\n<\/ul>\n<ul>\n<li>Klimastadtvertrag \u2013 Wie Dortmund klimaneutral werden will<br \/><em>Marion R\u00f6cke, Stadt Dortmund<\/em><\/li>\n<\/ul>\n<ul>\n<li>Unternehmen unter Strom \u2013 Die Energiewende bei Wilo<br \/><em>Markus Kauling, Wilo SE<\/em><\/li>\n<\/ul>\n<ul>\n<li>Energieversorgung zu Hause \u2013 Wie Privathaushalte vom Energiemarkt und neuen Technologien profitieren<br \/><em>Prof. Dr. Torsten F\u00fcg und Prof. Dr. S\u00f6nke G\u00f6\u00dfling, Fachhochschule Dortmund<\/em><\/li>\n<\/ul>\n<ul>\n<li><span>W\u00e4rme, die ankommt: Was Fernw\u00e4rme f\u00fcr unsere Zukunft bedeutet (AT)<br \/><em>Klas Rabenschlag, DEW21\u00a0<\/em><\/span><\/li>\n<\/ul>\n<p>[\/et_pb_toggle][et_pb_toggle title=&#8220;Weitere Highlights der Aktionswoche zur Energiezukunft in Dortmund&#8220; open_toggle_text_color=&#8220;#FFFFFF&#8220; open_toggle_background_color=&#8220;#666666&#8243; closed_toggle_text_color=&#8220;#FFFFFF&#8220; closed_toggle_background_color=&#8220;#666666&#8243; icon_color=&#8220;#FFFFFF&#8220; _builder_version=&#8220;4.9.4&#8243; _module_preset=&#8220;default&#8220; title_text_color=&#8220;#FFFFFF&#8220; title_font=&#8220;|700|||||||&#8220; title_font_size=&#8220;20px&#8220; body_text_color=&#8220;#FFFFFF&#8220; body_font_size=&#8220;16px&#8220; body_line_height=&#8220;1.4em&#8220; custom_margin=&#8220;||23px|||&#8220; title_font_size_tablet=&#8220;&#8220; title_font_size_phone=&#8220;17px&#8220; title_font_size_last_edited=&#8220;on|phone&#8220; body_font_size_tablet=&#8220;&#8220; body_font_size_phone=&#8220;15px&#8220; body_font_size_last_edited=&#8220;on|phone&#8220; border_radii=&#8220;on|10px|10px|10px|10px&#8220; border_width_all=&#8220;0px&#8220; locked=&#8220;off&#8220;]<\/p>\n<ul>\n<li>Am Dienstag, 17. Juni, findet ein Event der Smart City Allianz statt.<br \/><a href=\"https:\/\/eveeno.com\/249707319\">Alle Infos zum Programm und zur Anmeldung.<\/a><\/li>\n<li>Am Dienstag, 17. Juni, macht auch das <em style=\"font-size: 16px;\">Power2Change: Energiemobil<\/em><span style=\"font-size: 16px;\"> der Initiative <\/span><em style=\"font-size: 16px;\">Wissenschaft im Dialog<\/em><span style=\"font-size: 16px;\">\u00a0in Dortmund Halt. Das Energiemobil hat eine interaktive Ausstellung zur Energiewende an Bord und l\u00e4dt zum Entdecken, Ausprobieren und Diskutieren ein. So kann zum Beispiel mit einem BMX-Fahrrad selbst Wasserstoff erzeugt werden. <\/span><a href=\"https:\/\/power2change-energiewende.de\/%20 Weitere Infos zur NRW-Tour des Energiemobils: https:\/\/power2change-energiewende.de\/energiemobil\/nordrhein-westfalen\" style=\"font-size: 16px;\">Infos zum Projekt<\/a><span style=\"font-size: 16px;\">.<\/span><\/li>\n<li>Das Wissenschaftsschiff, die <em>MS Wissenschaft<\/em> legt vom 19. bis zum 22. Juni am Dortmunder Hafen an und l\u00e4dt zum Erleben und Mitmachen ein! Von Wasserstoff als Energietr\u00e4ger und Windkraft im Meer, vom Heizen mit Geothermie und einer klimaneutralen Industrie, von smarten Stromnetzen und vernetzten St\u00e4dten: An rund 30 Hands-On-Exponaten k\u00f6nnen die Besucherinnen und Besucher aktuelle Forschungsprojekte erkunden, einen Blick in unser Energiesystem der Zukunft werfen und euch fragen: Was bedeutet die Energiewende f\u00fcr mich? <a href=\"https:\/\/ms-wissenschaft.de\/de\/besuch\/tour\/dortmund\/\">Mehr erfahren.<\/a><\/li>\n<\/ul>\n<p>[\/et_pb_toggle][\/et_pb_column][\/et_pb_row][et_pb_row _builder_version=&#8220;4.9.4&#8243; _module_preset=&#8220;default&#8220;][et_pb_column type=&#8220;4_4&#8243; _builder_version=&#8220;4.9.4&#8243; _module_preset=&#8220;default&#8220;][\/et_pb_column][\/et_pb_row][et_pb_row column_structure=&#8220;1_4,1_4,1_4,1_4&#8243; use_custom_gutter=&#8220;on&#8220; gutter_width=&#8220;2&#8243; custom_padding_last_edited=&#8220;on|phone&#8220; _builder_version=&#8220;4.9.4&#8243; _module_preset=&#8220;default&#8220; custom_padding=&#8220;0px|20px||20px|false|true&#8220; custom_padding_tablet=&#8220;&#8220; custom_padding_phone=&#8220;0px|0px||0px|false|true&#8220; global_colors_info=&#8220;{}&#8220;][et_pb_column type=&#8220;1_4&#8243; _builder_version=&#8220;4.16&#8243; _module_preset=&#8220;default&#8220; global_colors_info=&#8220;{}&#8220;][et_pb_text _builder_version=&#8220;4.9.4&#8243; _module_preset=&#8220;default&#8220; text_font=&#8220;||||||||&#8220; text_text_color=&#8220;#FFFFFF&#8220; header_text_color=&#8220;#FFFFFF&#8220; header_3_text_color=&#8220;#FFFFFF&#8220; min_height=&#8220;21.2px&#8220;]<\/p>\n<h3 style=\"text-align: left;\">Kontakt:<\/h3>\n<p style=\"text-align: left;\">Stadt Dortmund<br \/>Gesch\u00e4ftsstelle Masterplan Wissenschaft<br \/><a href=\"mailto:wissenschaft@stadtdo.de\">wissenschaft@stadtdo.de<\/a><\/p>\n<p>[\/et_pb_text][\/et_pb_column][et_pb_column type=&#8220;1_4&#8243; _builder_version=&#8220;4.9.4&#8243; _module_preset=&#8220;default&#8220;][et_pb_image src=&#8220;https:\/\/masterplan-wissenschaft.de\/wp-content\/uploads\/2025\/03\/AM.png&#8220; title_text=&#8220;AM&#8220; _builder_version=&#8220;4.9.4&#8243; _module_preset=&#8220;default&#8220; width=&#8220;100px&#8220; max_width=&#8220;100px&#8220;][\/et_pb_image][et_pb_text _builder_version=&#8220;4.9.4&#8243; _module_preset=&#8220;default&#8220; text_font=&#8220;||||||||&#8220; text_text_color=&#8220;#FFFFFF&#8220; header_text_color=&#8220;#FFFFFF&#8220; min_height=&#8220;21.2px&#8220;]<\/p>\n<p style=\"text-align: left;\">Angela M\u00e4rtin<\/p>\n<p>[\/et_pb_text][\/et_pb_column][et_pb_column type=&#8220;1_4&#8243; _builder_version=&#8220;4.9.4&#8243; _module_preset=&#8220;default&#8220;][et_pb_image src=&#8220;https:\/\/masterplan-wissenschaft.de\/wp-content\/uploads\/2025\/03\/CP.png&#8220; title_text=&#8220;CP&#8220; _builder_version=&#8220;4.9.4&#8243; _module_preset=&#8220;default&#8220; width=&#8220;100px&#8220; custom_margin=&#8220;||||false|false&#8220;][\/et_pb_image][et_pb_text _builder_version=&#8220;4.9.4&#8243; _module_preset=&#8220;default&#8220; text_font=&#8220;||||||||&#8220; text_text_color=&#8220;#FFFFFF&#8220; header_text_color=&#8220;#FFFFFF&#8220; min_height=&#8220;21.2px&#8220;]<\/p>\n<p style=\"text-align: left;\">Christina-Bella Pag\u00e9s<\/p>\n<p>[\/et_pb_text][\/et_pb_column][et_pb_column type=&#8220;1_4&#8243; _builder_version=&#8220;4.9.4&#8243; _module_preset=&#8220;default&#8220;][\/et_pb_column][\/et_pb_row][\/et_pb_section]<\/p>\n","protected":false},"excerpt":{"rendered":"<p>Wissen kompakt Themenabend ZukunftsenergieDatum: 16. Juni 2025,17- 19 Uhr Hauptprogramm mit anschlie\u00dfendem Netzwerken Veranstaltungsort: R\u00e4umlichkeiten der DEW21 (Eventfl\u00e4che TwentyOne)Adresse: G\u00fcnter-Samtlebe-Platz 1, 44135 Dortmund Jetzt anmelden! Themenabend \u201eEnergiezukunft\u201c Wie wichtig das Thema Energie f\u00fcr europ\u00e4ische St\u00e4dte ist, wurde zuletzt am massiven Stromausfall Ende April in Portugal und Spanien deutlich.\u00a0 Doch wie k\u00f6nnen sich St\u00e4dte und Privathaushalte [&hellip;]<\/p>\n","protected":false},"author":9,"featured_media":0,"parent":0,"menu_order":0,"comment_status":"closed","ping_status":"closed","template":"","meta":{"_et_pb_use_builder":"on","_et_pb_old_content":"","_et_gb_content_width":"","inline_featured_image":false,"footnotes":""},"class_list":["post-13030","page","type-page","status-publish","hentry"],"yoast_head":"<!-- This site is optimized with the Yoast SEO plugin v27.3 - https:\/\/yoast.com\/product\/yoast-seo-wordpress\/ -->\n<title>Energiezukunft - Dortmund<\/title>\n<meta name=\"robots\" content=\"index, follow, max-snippet:-1, max-image-preview:large, max-video-preview:-1\" \/>\n<link rel=\"canonical\" href=\"https:\/\/masterplan-wissenschaft.de\/de\/energiezukunft\/\" \/>\n<meta property=\"og:locale\" content=\"de_DE\" \/>\n<meta property=\"og:type\" content=\"article\" \/>\n<meta property=\"og:title\" content=\"Energiezukunft - Dortmund\" \/>\n<meta property=\"og:description\" content=\"Wissen kompakt Themenabend ZukunftsenergieDatum: 16. Juni 2025,17- 19 Uhr Hauptprogramm mit anschlie\u00dfendem Netzwerken Veranstaltungsort: R\u00e4umlichkeiten der DEW21 (Eventfl\u00e4che TwentyOne)Adresse: G\u00fcnter-Samtlebe-Platz 1, 44135 Dortmund Jetzt anmelden! Themenabend \u201eEnergiezukunft\u201c Wie wichtig das Thema Energie f\u00fcr europ\u00e4ische St\u00e4dte ist, wurde zuletzt am massiven Stromausfall Ende April in Portugal und Spanien deutlich.\u00a0 Doch wie k\u00f6nnen sich St\u00e4dte und Privathaushalte [&hellip;]\" \/>\n<meta property=\"og:url\" content=\"https:\/\/masterplan-wissenschaft.de\/de\/energiezukunft\/\" \/>\n<meta property=\"og:site_name\" content=\"Dortmund\" \/>\n<meta property=\"article:modified_time\" content=\"2025-06-04T09:44:35+00:00\" \/>\n<meta name=\"twitter:card\" content=\"summary_large_image\" \/>\n<meta name=\"twitter:label1\" content=\"Gesch\u00e4tzte Lesezeit\" \/>\n\t<meta name=\"twitter:data1\" content=\"8\u00a0Minuten\" \/>\n<script type=\"application\/ld+json\" class=\"yoast-schema-graph\">{\"@context\":\"https:\\\/\\\/schema.org\",\"@graph\":[{\"@type\":\"WebPage\",\"@id\":\"https:\\\/\\\/masterplan-wissenschaft.de\\\/energiezukunft\\\/\",\"url\":\"https:\\\/\\\/masterplan-wissenschaft.de\\\/energiezukunft\\\/\",\"name\":\"Energiezukunft - Dortmund\",\"isPartOf\":{\"@id\":\"https:\\\/\\\/masterplan-wissenschaft.de\\\/de\\\/#website\"},\"datePublished\":\"2025-04-29T09:03:15+00:00\",\"dateModified\":\"2025-06-04T09:44:35+00:00\",\"breadcrumb\":{\"@id\":\"https:\\\/\\\/masterplan-wissenschaft.de\\\/energiezukunft\\\/#breadcrumb\"},\"inLanguage\":\"de\",\"potentialAction\":[{\"@type\":\"ReadAction\",\"target\":[\"https:\\\/\\\/masterplan-wissenschaft.de\\\/energiezukunft\\\/\"]}]},{\"@type\":\"BreadcrumbList\",\"@id\":\"https:\\\/\\\/masterplan-wissenschaft.de\\\/energiezukunft\\\/#breadcrumb\",\"itemListElement\":[{\"@type\":\"ListItem\",\"position\":1,\"name\":\"Startseite\",\"item\":\"https:\\\/\\\/masterplan-wissenschaft.de\\\/de\\\/\"},{\"@type\":\"ListItem\",\"position\":2,\"name\":\"Energiezukunft\"}]},{\"@type\":\"WebSite\",\"@id\":\"https:\\\/\\\/masterplan-wissenschaft.de\\\/de\\\/#website\",\"url\":\"https:\\\/\\\/masterplan-wissenschaft.de\\\/de\\\/\",\"name\":\"Masterplan Wissenschaft\",\"description\":\"Masterplan Wissenschaft\",\"publisher\":{\"@id\":\"https:\\\/\\\/masterplan-wissenschaft.de\\\/de\\\/#organization\"},\"potentialAction\":[{\"@type\":\"SearchAction\",\"target\":{\"@type\":\"EntryPoint\",\"urlTemplate\":\"https:\\\/\\\/masterplan-wissenschaft.de\\\/de\\\/?s={search_term_string}\"},\"query-input\":{\"@type\":\"PropertyValueSpecification\",\"valueRequired\":true,\"valueName\":\"search_term_string\"}}],\"inLanguage\":\"de\"},{\"@type\":\"Organization\",\"@id\":\"https:\\\/\\\/masterplan-wissenschaft.de\\\/de\\\/#organization\",\"name\":\"Stadt Dortmund\",\"url\":\"https:\\\/\\\/masterplan-wissenschaft.de\\\/de\\\/\",\"logo\":{\"@type\":\"ImageObject\",\"inLanguage\":\"de\",\"@id\":\"https:\\\/\\\/masterplan-wissenschaft.de\\\/de\\\/#\\\/schema\\\/logo\\\/image\\\/\",\"url\":\"https:\\\/\\\/masterplan-wissenschaft.de\\\/wp-content\\\/uploads\\\/2025\\\/08\\\/DO_Masterplan-Wissenschaft.png\",\"contentUrl\":\"https:\\\/\\\/masterplan-wissenschaft.de\\\/wp-content\\\/uploads\\\/2025\\\/08\\\/DO_Masterplan-Wissenschaft.png\",\"width\":2976,\"height\":710,\"caption\":\"Stadt Dortmund\"},\"image\":{\"@id\":\"https:\\\/\\\/masterplan-wissenschaft.de\\\/de\\\/#\\\/schema\\\/logo\\\/image\\\/\"}}]}<\/script>\n<!-- \/ Yoast SEO plugin. -->","yoast_head_json":{"title":"Energiezukunft - Dortmund","robots":{"index":"index","follow":"follow","max-snippet":"max-snippet:-1","max-image-preview":"max-image-preview:large","max-video-preview":"max-video-preview:-1"},"canonical":"https:\/\/masterplan-wissenschaft.de\/de\/energiezukunft\/","og_locale":"de_DE","og_type":"article","og_title":"Energiezukunft - Dortmund","og_description":"Wissen kompakt Themenabend ZukunftsenergieDatum: 16. Juni 2025,17- 19 Uhr Hauptprogramm mit anschlie\u00dfendem Netzwerken Veranstaltungsort: R\u00e4umlichkeiten der DEW21 (Eventfl\u00e4che TwentyOne)Adresse: G\u00fcnter-Samtlebe-Platz 1, 44135 Dortmund Jetzt anmelden! Themenabend \u201eEnergiezukunft\u201c Wie wichtig das Thema Energie f\u00fcr europ\u00e4ische St\u00e4dte ist, wurde zuletzt am massiven Stromausfall Ende April in Portugal und Spanien deutlich.\u00a0 Doch wie k\u00f6nnen sich St\u00e4dte und Privathaushalte [&hellip;]","og_url":"https:\/\/masterplan-wissenschaft.de\/de\/energiezukunft\/","og_site_name":"Dortmund","article_modified_time":"2025-06-04T09:44:35+00:00","twitter_card":"summary_large_image","twitter_misc":{"Gesch\u00e4tzte Lesezeit":"8\u00a0Minuten"},"schema":{"@context":"https:\/\/schema.org","@graph":[{"@type":"WebPage","@id":"https:\/\/masterplan-wissenschaft.de\/energiezukunft\/","url":"https:\/\/masterplan-wissenschaft.de\/energiezukunft\/","name":"Energiezukunft - Dortmund","isPartOf":{"@id":"https:\/\/masterplan-wissenschaft.de\/de\/#website"},"datePublished":"2025-04-29T09:03:15+00:00","dateModified":"2025-06-04T09:44:35+00:00","breadcrumb":{"@id":"https:\/\/masterplan-wissenschaft.de\/energiezukunft\/#breadcrumb"},"inLanguage":"de","potentialAction":[{"@type":"ReadAction","target":["https:\/\/masterplan-wissenschaft.de\/energiezukunft\/"]}]},{"@type":"BreadcrumbList","@id":"https:\/\/masterplan-wissenschaft.de\/energiezukunft\/#breadcrumb","itemListElement":[{"@type":"ListItem","position":1,"name":"Startseite","item":"https:\/\/masterplan-wissenschaft.de\/de\/"},{"@type":"ListItem","position":2,"name":"Energiezukunft"}]},{"@type":"WebSite","@id":"https:\/\/masterplan-wissenschaft.de\/de\/#website","url":"https:\/\/masterplan-wissenschaft.de\/de\/","name":"Masterplan Wissenschaft","description":"Masterplan Wissenschaft","publisher":{"@id":"https:\/\/masterplan-wissenschaft.de\/de\/#organization"},"potentialAction":[{"@type":"SearchAction","target":{"@type":"EntryPoint","urlTemplate":"https:\/\/masterplan-wissenschaft.de\/de\/?s={search_term_string}"},"query-input":{"@type":"PropertyValueSpecification","valueRequired":true,"valueName":"search_term_string"}}],"inLanguage":"de"},{"@type":"Organization","@id":"https:\/\/masterplan-wissenschaft.de\/de\/#organization","name":"Stadt Dortmund","url":"https:\/\/masterplan-wissenschaft.de\/de\/","logo":{"@type":"ImageObject","inLanguage":"de","@id":"https:\/\/masterplan-wissenschaft.de\/de\/#\/schema\/logo\/image\/","url":"https:\/\/masterplan-wissenschaft.de\/wp-content\/uploads\/2025\/08\/DO_Masterplan-Wissenschaft.png","contentUrl":"https:\/\/masterplan-wissenschaft.de\/wp-content\/uploads\/2025\/08\/DO_Masterplan-Wissenschaft.png","width":2976,"height":710,"caption":"Stadt Dortmund"},"image":{"@id":"https:\/\/masterplan-wissenschaft.de\/de\/#\/schema\/logo\/image\/"}}]}},"_links":{"self":[{"href":"https:\/\/masterplan-wissenschaft.de\/de\/wp-json\/wp\/v2\/pages\/13030","targetHints":{"allow":["GET"]}}],"collection":[{"href":"https:\/\/masterplan-wissenschaft.de\/de\/wp-json\/wp\/v2\/pages"}],"about":[{"href":"https:\/\/masterplan-wissenschaft.de\/de\/wp-json\/wp\/v2\/types\/page"}],"author":[{"embeddable":true,"href":"https:\/\/masterplan-wissenschaft.de\/de\/wp-json\/wp\/v2\/users\/9"}],"replies":[{"embeddable":true,"href":"https:\/\/masterplan-wissenschaft.de\/de\/wp-json\/wp\/v2\/comments?post=13030"}],"version-history":[{"count":18,"href":"https:\/\/masterplan-wissenschaft.de\/de\/wp-json\/wp\/v2\/pages\/13030\/revisions"}],"predecessor-version":[{"id":13116,"href":"https:\/\/masterplan-wissenschaft.de\/de\/wp-json\/wp\/v2\/pages\/13030\/revisions\/13116"}],"wp:attachment":[{"href":"https:\/\/masterplan-wissenschaft.de\/de\/wp-json\/wp\/v2\/media?parent=13030"}],"curies":[{"name":"wp","href":"https:\/\/api.w.org\/{rel}","templated":true}]}}