{"id":11912,"date":"2023-08-31T14:46:15","date_gmt":"2023-08-31T14:46:15","guid":{"rendered":"https:\/\/masterplan-wissenschaft.de\/?page_id=11912"},"modified":"2023-11-07T11:06:12","modified_gmt":"2023-11-07T11:06:12","slug":"science-slam","status":"publish","type":"page","link":"https:\/\/masterplan-wissenschaft.de\/en\/science-slam\/","title":{"rendered":"Science Slam"},"content":{"rendered":"<p>[et_pb_section fb_built=&#8220;1&#8243; module_id=&#8220;exzellenz-vernetzung&#8220; _builder_version=&#8220;4.16&#8243; _module_preset=&#8220;default&#8220; background_color=&#8220;#000000&#8243; use_background_color_gradient=&#8220;on&#8220; background_color_gradient_stops=&#8220;rgba(0,19,46,0.85) 0%|rgba(0,19,46,0.85) 100%&#8220; background_color_gradient_overlays_image=&#8220;on&#8220; background_color_gradient_start=&#8220;rgba(0,19,46,0.85)&#8220; background_color_gradient_end=&#8220;rgba(0,19,46,0.85)&#8220; background_image=&#8220;https:\/\/masterplan-wissenschaft.de\/wp-content\/uploads\/2021\/02\/Stadt-Dortmund_Atomgrafik_v2_2021_lay1_freigest_randlos.png&#8220; background_size=&#8220;initial&#8220; background_position=&#8220;center_right&#8220; custom_padding=&#8220;130px||43px||false|false&#8220; global_colors_info=&#8220;{}&#8220;][et_pb_row _builder_version=&#8220;4.16&#8243; _module_preset=&#8220;default&#8220; custom_padding=&#8220;0px||0px|||&#8220; global_colors_info=&#8220;{}&#8220;][et_pb_column type=&#8220;4_4&#8243; _builder_version=&#8220;4.16&#8243; _module_preset=&#8220;default&#8220; global_colors_info=&#8220;{}&#8220;][et_pb_text content_tablet=&#8220;<\/p>\n<div class=%22wpb_text_column wpb_content_element %22>\n<div class=%22wpb_wrapper%22>\n<h1 class=%22p1%22><b>Mitmachen<\/b><\/h1>\n<\/div>\n<\/div>\n<p>&#8220; content_phone=&#8220;<\/p>\n<div class=%22wpb_text_column wpb_content_element %22>\n<div class=%22wpb_wrapper%22>\n<h1 class=%22p1%22><b>Mitmachen<\/b><\/h1>\n<\/div>\n<\/div>\n<p>&#8220; content_last_edited=&#8220;on|desktop&#8220; _builder_version=&#8220;4.19.1&#8243; _module_preset=&#8220;default&#8220; text_font=&#8220;Istok Web||||||||&#8220; text_text_color=&#8220;#FFFFFF&#8220; text_font_size=&#8220;16px&#8220; header_font=&#8220;Istok Web|700|||||||&#8220; header_text_color=&#8220;#FFFFFF&#8220; header_font_size=&#8220;50px&#8220; header_line_height=&#8220;1.2em&#8220; header_2_text_color=&#8220;#000000&#8243; header_2_font_size=&#8220;50px&#8220; header_2_line_height=&#8220;1.2em&#8220; header_3_font_size=&#8220;50px&#8220; header_4_font_size=&#8220;50px&#8220; header_5_font_size=&#8220;50px&#8220; header_6_font_size=&#8220;50px&#8220; custom_padding=&#8220;0px|20px|0px|20px|false|false&#8220; custom_padding_tablet=&#8220;&#8220; custom_padding_phone=&#8220;0px|0px|0px|0px|false|true&#8220; custom_padding_last_edited=&#8220;on|phone&#8220; text_font_size_tablet=&#8220;&#8220; text_font_size_phone=&#8220;15px&#8220; text_font_size_last_edited=&#8220;on|phone&#8220; header_font_size_tablet=&#8220;70px&#8220; header_font_size_phone=&#8220;28px&#8220; header_font_size_last_edited=&#8220;on|phone&#8220; header_2_font_size_tablet=&#8220;70px&#8220; header_2_font_size_phone=&#8220;28px&#8220; header_2_font_size_last_edited=&#8220;on|phone&#8220; header_3_font_size_tablet=&#8220;70px&#8220; header_3_font_size_phone=&#8220;28px&#8220; header_3_font_size_last_edited=&#8220;on|phone&#8220; header_4_font_size_tablet=&#8220;70px&#8220; header_4_font_size_phone=&#8220;28px&#8220; header_4_font_size_last_edited=&#8220;on|phone&#8220; header_5_font_size_tablet=&#8220;70px&#8220; header_5_font_size_phone=&#8220;28px&#8220; header_5_font_size_last_edited=&#8220;on|phone&#8220; header_6_font_size_tablet=&#8220;70px&#8220; header_6_font_size_phone=&#8220;28px&#8220; header_6_font_size_last_edited=&#8220;on|phone&#8220; global_colors_info=&#8220;{}&#8220;]<\/p>\n<div class=\"wpb_text_column wpb_content_element \">\n<div class=\"wpb_wrapper\">\n<h1 class=\"p1\"><b>Mitmachen<\/b><\/h1>\n<\/div>\n<\/div>\n<p>[\/et_pb_text][et_pb_text _builder_version=&#8220;4.19.1&#8243; _module_preset=&#8220;default&#8220; global_colors_info=&#8220;{}&#8220;]<\/p>\n<h3 class=\"et_pb_toggle_title\"><span style=\"color: #ffffff;\"><strong><\/strong><\/span><\/h3>\n<h3 class=\"et_pb_toggle_title\"><span style=\"color: #ffffff;\"><strong><\/strong><\/span><\/h3>\n<h3 class=\"et_pb_toggle_title\"><span style=\"color: #ffffff;\"><strong>26.09.2023 | Open House und Science Slam im Projektor<\/strong><\/span><\/h3>\n<div class=\"et_pb_toggle_content clearfix\">\n<p>&nbsp;<\/p>\n<\/div>\n<p>[\/et_pb_text][\/et_pb_column][\/et_pb_row][et_pb_row _builder_version=&#8220;4.16&#8243; _module_preset=&#8220;default&#8220; custom_padding=&#8220;0px||1px|||&#8220; global_colors_info=&#8220;{}&#8220;][et_pb_column type=&#8220;4_4&#8243; _builder_version=&#8220;4.16&#8243; _module_preset=&#8220;default&#8220; global_colors_info=&#8220;{}&#8220;][et_pb_text _builder_version=&#8220;4.22.2&#8243; _module_preset=&#8220;default&#8220; text_font=&#8220;Istok Web||||||||&#8220; text_text_color=&#8220;#FFFFFF&#8220; text_font_size=&#8220;16px&#8220; header_font=&#8220;Istok Web|700|||||||&#8220; header_text_color=&#8220;#ffffff&#8220; header_font_size=&#8220;50px&#8220; header_line_height=&#8220;1.2em&#8220; header_2_text_color=&#8220;#FFFFFF&#8220; header_2_line_height=&#8220;1.2em&#8220; min_height=&#8220;220px&#8220; custom_padding=&#8220;20px|20px|0px|20px|false|false&#8220; custom_padding_tablet=&#8220;&#8220; custom_padding_phone=&#8220;20px|0px|20px|0px|false|true&#8220; custom_padding_last_edited=&#8220;on|phone&#8220; text_font_size_tablet=&#8220;&#8220; text_font_size_phone=&#8220;15px&#8220; text_font_size_last_edited=&#8220;on|phone&#8220; ol_font_size_tablet=&#8220;&#8220; ol_font_size_phone=&#8220;15px&#8220; ol_font_size_last_edited=&#8220;on|phone&#8220; global_colors_info=&#8220;{}&#8220;]<\/p>\n<p><strong>Digitale Woche Dortmund<\/strong><\/p>\n<p>Vom 25. bis zum 30. September stehen Digitalisierung und Innovationen in Dortmund wieder im Fokus. Die Digitale Woche Dortmund, kurz #diwodo, geht in die n\u00e4chste Runde und h\u00e4lt ein spannendes Programm bereit \u2013 \u00fcber 200 Workshops, Keynotes und Networking-Events zu allen Zukunftsthemen. Neu in diesem Jahr ist das \u201eVor-Ort-Konzept\u201c: An jedem Wochentag finden die Events in einem anderen Stadtteil statt und die Besucher*innen haben so die M\u00f6glichkeit, mehrere Veranstaltungen pro Tag zu besuchen.<\/p>\n<p>Am Dienstag, den <strong>26. September<\/strong>, stand das Gebiet rund um das Dortmunder U im Mittelpunkt \u2013 vom Emil-Moog-Platz bis hin zum Wall. Auch der Projektor am Westenhellweg 136 hatte seine T\u00fcren von 14.30 Uhr bis 20.00 Uhr ge\u00f6ffnet. Das Hochschul- und Wissenschaftsb\u00fcro und das Smart City Team der Stadt Dortmund haben Interessierte zum \u201eOpen House\u201c und Science Slam eingeladen.<\/p>\n<p><strong>Digitalisierung im Projektor erleben<\/strong><\/p>\n<p>Am Nachmittag gab es verschiedene Informations- und Mitmachst\u00e4nde zu entdecken und es wurden Aktivit\u00e4ten zum Ausprobieren angeboten: Besucher*innen konnten sich \u00fcber die Smart City Strategie informieren, an einem Wissenschaftsquiz teilnehmen, die Dortmunder Smart City App testen und sich mit dem Thema Mitwirken auseinandersetzen.<\/p>\n<p><strong>Roboter, VR-Brillen und digitale Musik \u2026<\/strong><\/p>\n<p>Auch f\u00fcr Jugendliche und Familien mit Kindern gab es einiges zu erleben. In Kooperation mit dem DKL \u201eDigitalesKulturLabor\u201c vom Dortmunder U und dem digitalen P\u00e4dagogenteam vom Gisbert-von-Romberg-Berufskolleg der Stadt Dortmund wurden verschiedene digitale und virtuelle Aktionen erfahrbar gemacht, z.B mit einem Roboter (Transfomer Optimus Prime) experimentieren und verschiedene Games spielen. Dar\u00fcber hinaus hatten Interessierte die Gelegenheit mit Hilfe einer VR-Brille inklusive Bildungsr\u00e4ume in der virtuellen Welt kennenzulernen.<\/p>\n<p><strong>B\u00fchne frei f\u00fcr die Wissenschaft<\/strong><br \/>Ab 18:00 Uhr hie\u00df es dann \u201eB\u00fchne frei\u201c: Gemeinsam mit dem Leibniz-Institut f\u00fcr Arbeitsforschung an der Technischen Universit\u00e4t Dortmund hat die Stadt Dortmund zum Science Slam eingeladen. Dabei pr\u00e4sentierten vier Wissenschaftler*innen innerhalb von zehn Minuten ihre Forschungsthemen. In unterhaltsamen, kreativen Vortr\u00e4gen erkl\u00e4rten sie komplexe Zusammenh\u00e4nge und zeigten, wie interessant Wissenschaft sein kann. Anschlie\u00dfend entschied das Publikum per Applaus. Gewonnen hat: Marie Beaupain mit ihrem Slam &#8222;Elektrisierend: Wie wir noninvasive Hirnstimulation nutzen, um Lernprozesse im Gehirn zu untersuchen.&#8220; Herzlichen Gl\u00fcckwunsch!<\/p>\n<p>&nbsp;<\/p>\n<p><b><\/b><\/p>\n<p>[\/et_pb_text][\/et_pb_column][\/et_pb_row][et_pb_row _builder_version=&#8220;4.22.2&#8243; _module_preset=&#8220;default&#8220; width=&#8220;100%&#8220; max_width=&#8220;2560px&#8220; global_colors_info=&#8220;{}&#8220;][et_pb_column type=&#8220;4_4&#8243; _builder_version=&#8220;4.22.2&#8243; _module_preset=&#8220;default&#8220; global_colors_info=&#8220;{}&#8220;][et_pb_gallery gallery_ids=&#8220;11942,11940,11960,11948,11956,11952,11950,11944,11954,11958&#8243; orientation=&#8220;portrait&#8220; _builder_version=&#8220;4.22.2&#8243; _module_preset=&#8220;default&#8220; title_text_color=&#8220;#FFFFFF&#8220; title_font_size=&#8220;11px&#8220; transform_scale=&#8220;85%|85%&#8220; transform_translate=&#8220;-6px|-6px&#8220; width=&#8220;100%&#8220; max_width=&#8220;100%&#8220; min_height=&#8220;1000px&#8220; height=&#8220;1000px&#8220; max_height=&#8220;1000px&#8220; custom_margin=&#8220;0px|||0px|false|false&#8220; custom_padding=&#8220;0px|||0px|false|false&#8220; animation_style=&#8220;fade&#8220; global_colors_info=&#8220;{}&#8220;][\/et_pb_gallery][\/et_pb_column][\/et_pb_row][et_pb_row column_structure=&#8220;1_2,1_2&#8243; use_custom_gutter=&#8220;on&#8220; gutter_width=&#8220;2&#8243; custom_padding_last_edited=&#8220;on|phone&#8220; _builder_version=&#8220;4.16&#8243; _module_preset=&#8220;default&#8220; custom_padding=&#8220;0px|20px||20px|false|true&#8220; custom_padding_tablet=&#8220;&#8220; custom_padding_phone=&#8220;0px|0px||0px|false|true&#8220; global_colors_info=&#8220;{}&#8220;][et_pb_column type=&#8220;1_2&#8243; _builder_version=&#8220;4.16&#8243; _module_preset=&#8220;default&#8220; global_colors_info=&#8220;{}&#8220;][et_pb_text _builder_version=&#8220;4.19.1&#8243; _module_preset=&#8220;default&#8220; header_2_text_color=&#8220;#FFFFFF&#8220; min_height=&#8220;25px&#8220; custom_padding=&#8220;||0px|||&#8220; header_2_line_height_tablet=&#8220;&#8220; header_2_line_height_phone=&#8220;1.2em&#8220; header_2_line_height_last_edited=&#8220;on|phone&#8220; global_colors_info=&#8220;{}&#8220;]<\/p>\n<h2 class=\"p1\"><strong>Kooperationsveranstaltung<\/strong><\/h2>\n<p>[\/et_pb_text][et_pb_text _builder_version=&#8220;4.19.1&#8243; _module_preset=&#8220;default&#8220; text_font=&#8220;Istok Web||||||||&#8220; text_text_color=&#8220;#FFFFFF&#8220; text_font_size=&#8220;16px&#8220; header_font=&#8220;Istok Web|700|||||||&#8220; header_text_color=&#8220;#FFFFFF&#8220; header_font_size=&#8220;50px&#8220; header_line_height=&#8220;1.2em&#8220; header_2_text_color=&#8220;#FFFFFF&#8220; header_2_line_height=&#8220;1.2em&#8220; header_3_font=&#8220;|600|||||||&#8220; header_3_text_color=&#8220;#FFFFFF&#8220; custom_margin=&#8220;||80px||false|false&#8220; custom_padding=&#8220;0px||||false|true&#8220; text_font_size_tablet=&#8220;&#8220; text_font_size_phone=&#8220;15px&#8220; text_font_size_last_edited=&#8220;on|phone&#8220; link_font_size_tablet=&#8220;&#8220; link_font_size_phone=&#8220;15px&#8220; link_font_size_last_edited=&#8220;on|phone&#8220; global_colors_info=&#8220;{}&#8220;]<\/p>\n<div class=\"wpb_text_column wpb_content_element \">\n<div class=\"wpb_wrapper\">\n<ul class=\"ul1\">\n<li class=\"li1\"><span class=\"s1\"><\/span><a href=\"https:\/\/www.dortmund.de\/de\/leben_in_dortmund\/bildungwissenschaft\/studiumforschung\/masterplan_wissenschaft\/index.html\" target=\"_blank\" rel=\"noopener noreferrer\">Stadt Dortmund<\/a><\/li>\n<li class=\"li1\"><a href=\"https:\/\/www.ifado.de\/\">IfADo<\/a><\/li>\n<\/ul>\n<\/div>\n<\/div>\n<p>[\/et_pb_text][\/et_pb_column][et_pb_column type=&#8220;1_2&#8243; _builder_version=&#8220;4.16&#8243; _module_preset=&#8220;default&#8220; global_colors_info=&#8220;{}&#8220;][et_pb_text _builder_version=&#8220;4.19.1&#8243; _module_preset=&#8220;default&#8220; text_font_size=&#8220;16px&#8220; background_layout=&#8220;dark&#8220; min_height=&#8220;8.2px&#8220; custom_margin=&#8220;||-18px|||&#8220; custom_padding=&#8220;||25px|20px|false|false&#8220; custom_padding_tablet=&#8220;&#8220; custom_padding_phone=&#8220;20px||20px|0px|false|false&#8220; custom_padding_last_edited=&#8220;on|phone&#8220; text_orientation_last_edited=&#8220;off|phone&#8220; global_colors_info=&#8220;{}&#8220;]<\/p>\n<p class=\"p1\">Kontakt:\u00a0<\/p>\n<p class=\"p1\">Stadt Dortmund<br \/>Gesch\u00e4ftsstelle Masterplan Wissenschaft<br \/>wissenschaft@stadtdo.de<\/p>\n<p class=\"p1\">[\/et_pb_text][et_pb_text _builder_version=&#8220;4.19.1&#8243; _module_preset=&#8220;default&#8220; text_font_size=&#8220;16px&#8220; background_layout=&#8220;dark&#8220; min_height=&#8220;0px&#8220; custom_padding=&#8220;||0px|20px|false|false&#8220; custom_padding_tablet=&#8220;||25px||false|false&#8220; custom_padding_phone=&#8220;20px||50px|0px|false|false&#8220; custom_padding_last_edited=&#8220;on|phone&#8220; text_orientation_tablet=&#8220;center&#8220; text_orientation_phone=&#8220;&#8220; text_orientation_last_edited=&#8220;on|phone&#8220; global_colors_info=&#8220;{}&#8220;]<\/p>\n<p class=\"p1\">Angela M\u00e4rtin und Christina-Bella Pag\u00e9s<\/p>\n<p class=\"p1\"><img loading=\"lazy\" decoding=\"async\" src=\"https:\/\/masterplan-wissenschaft.de\/wp-content\/uploads\/2022\/12\/AM-und-CP-1-259x300.jpg\" width=\"259\" height=\"300\" alt=\"\" class=\"wp-image-11385 alignnone size-medium\" srcset=\"https:\/\/masterplan-wissenschaft.de\/wp-content\/uploads\/2022\/12\/AM-und-CP-1-259x300.jpg 259w, https:\/\/masterplan-wissenschaft.de\/wp-content\/uploads\/2022\/12\/AM-und-CP-1.jpg 461w\" sizes=\"(max-width: 259px) 100vw, 259px\" \/><\/p>\n<p>[\/et_pb_text][et_pb_text _builder_version=&#8220;4.16&#8243; _module_preset=&#8220;default&#8220; text_font_size=&#8220;16px&#8220; text_orientation=&#8220;right&#8220; background_layout=&#8220;dark&#8220; min_height=&#8220;10.8px&#8220; custom_margin=&#8220;-15px||||false|false&#8220; custom_margin_tablet=&#8220;0px||||false|false&#8220; custom_margin_phone=&#8220;&#8220; custom_margin_last_edited=&#8220;on|desktop&#8220; custom_padding=&#8220;||||false|false&#8220; custom_padding_tablet=&#8220;|10px|||false|false&#8220; custom_padding_phone=&#8220;|||0px|false|false&#8220; custom_padding_last_edited=&#8220;on|phone&#8220; text_orientation_tablet=&#8220;right&#8220; text_orientation_last_edited=&#8220;off|desktop&#8220; global_colors_info=&#8220;{}&#8220;]<\/p>\n<p class=\"p1\"><span style=\"font-size: x-small;\">Bild: Dortmund-Agentur\/Roland Gorecki<\/span><\/p>\n<p>[\/et_pb_text][\/et_pb_column][\/et_pb_row][\/et_pb_section]<\/p>\n","protected":false},"excerpt":{"rendered":"<p>Mitmachen 26.09.2023 | Open House und Science Slam im Projektor &nbsp; Digitale Woche Dortmund Vom 25. bis zum 30. September stehen Digitalisierung und Innovationen in Dortmund wieder im Fokus. Die Digitale Woche Dortmund, kurz #diwodo, geht in die n\u00e4chste Runde und h\u00e4lt ein spannendes Programm bereit \u2013 \u00fcber 200 Workshops, Keynotes und Networking-Events zu allen [&hellip;]<\/p>\n","protected":false},"author":9,"featured_media":0,"parent":0,"menu_order":0,"comment_status":"closed","ping_status":"closed","template":"","meta":{"_et_pb_use_builder":"on","_et_pb_old_content":"","_et_gb_content_width":"","inline_featured_image":false,"footnotes":""},"class_list":["post-11912","page","type-page","status-publish","hentry"],"yoast_head":"<!-- This site is optimized with the Yoast SEO plugin v27.3 - https:\/\/yoast.com\/product\/yoast-seo-wordpress\/ -->\n<title>Science Slam - Dortmund<\/title>\n<meta name=\"robots\" content=\"index, follow, max-snippet:-1, max-image-preview:large, max-video-preview:-1\" \/>\n<link rel=\"canonical\" href=\"https:\/\/masterplan-wissenschaft.de\/en\/science-slam\/\" \/>\n<meta property=\"og:locale\" content=\"en_GB\" \/>\n<meta property=\"og:type\" content=\"article\" \/>\n<meta property=\"og:title\" content=\"Science Slam - Dortmund\" \/>\n<meta property=\"og:description\" content=\"Mitmachen 26.09.2023 | Open House und Science Slam im Projektor &nbsp; Digitale Woche Dortmund Vom 25. bis zum 30. September stehen Digitalisierung und Innovationen in Dortmund wieder im Fokus. Die Digitale Woche Dortmund, kurz #diwodo, geht in die n\u00e4chste Runde und h\u00e4lt ein spannendes Programm bereit \u2013 \u00fcber 200 Workshops, Keynotes und Networking-Events zu allen [&hellip;]\" \/>\n<meta property=\"og:url\" content=\"https:\/\/masterplan-wissenschaft.de\/en\/science-slam\/\" \/>\n<meta property=\"og:site_name\" content=\"Dortmund\" \/>\n<meta property=\"article:modified_time\" content=\"2023-11-07T11:06:12+00:00\" \/>\n<meta property=\"og:image\" content=\"https:\/\/masterplan-wissenschaft.de\/wp-content\/uploads\/2022\/12\/AM-und-CP-1.jpg\" \/>\n\t<meta property=\"og:image:width\" content=\"461\" \/>\n\t<meta property=\"og:image:height\" content=\"535\" \/>\n\t<meta property=\"og:image:type\" content=\"image\/jpeg\" \/>\n<meta name=\"twitter:card\" content=\"summary_large_image\" \/>\n<meta name=\"twitter:label1\" content=\"Estimated reading time\" \/>\n\t<meta name=\"twitter:data1\" content=\"7 minutes\" \/>\n<script type=\"application\/ld+json\" class=\"yoast-schema-graph\">{\"@context\":\"https:\\\/\\\/schema.org\",\"@graph\":[{\"@type\":\"WebPage\",\"@id\":\"https:\\\/\\\/masterplan-wissenschaft.de\\\/science-slam\\\/\",\"url\":\"https:\\\/\\\/masterplan-wissenschaft.de\\\/science-slam\\\/\",\"name\":\"Science Slam - Dortmund\",\"isPartOf\":{\"@id\":\"https:\\\/\\\/masterplan-wissenschaft.de\\\/de\\\/#website\"},\"primaryImageOfPage\":{\"@id\":\"https:\\\/\\\/masterplan-wissenschaft.de\\\/science-slam\\\/#primaryimage\"},\"image\":{\"@id\":\"https:\\\/\\\/masterplan-wissenschaft.de\\\/science-slam\\\/#primaryimage\"},\"thumbnailUrl\":\"https:\\\/\\\/masterplan-wissenschaft.de\\\/wp-content\\\/uploads\\\/2022\\\/12\\\/AM-und-CP-1-259x300.jpg\",\"datePublished\":\"2023-08-31T14:46:15+00:00\",\"dateModified\":\"2023-11-07T11:06:12+00:00\",\"breadcrumb\":{\"@id\":\"https:\\\/\\\/masterplan-wissenschaft.de\\\/science-slam\\\/#breadcrumb\"},\"inLanguage\":\"en-GB\",\"potentialAction\":[{\"@type\":\"ReadAction\",\"target\":[\"https:\\\/\\\/masterplan-wissenschaft.de\\\/science-slam\\\/\"]}]},{\"@type\":\"ImageObject\",\"inLanguage\":\"en-GB\",\"@id\":\"https:\\\/\\\/masterplan-wissenschaft.de\\\/science-slam\\\/#primaryimage\",\"url\":\"https:\\\/\\\/masterplan-wissenschaft.de\\\/wp-content\\\/uploads\\\/2022\\\/12\\\/AM-und-CP-1-259x300.jpg\",\"contentUrl\":\"https:\\\/\\\/masterplan-wissenschaft.de\\\/wp-content\\\/uploads\\\/2022\\\/12\\\/AM-und-CP-1-259x300.jpg\"},{\"@type\":\"BreadcrumbList\",\"@id\":\"https:\\\/\\\/masterplan-wissenschaft.de\\\/science-slam\\\/#breadcrumb\",\"itemListElement\":[{\"@type\":\"ListItem\",\"position\":1,\"name\":\"Startseite\",\"item\":\"https:\\\/\\\/masterplan-wissenschaft.de\\\/de\\\/\"},{\"@type\":\"ListItem\",\"position\":2,\"name\":\"Science Slam\"}]},{\"@type\":\"WebSite\",\"@id\":\"https:\\\/\\\/masterplan-wissenschaft.de\\\/de\\\/#website\",\"url\":\"https:\\\/\\\/masterplan-wissenschaft.de\\\/de\\\/\",\"name\":\"Masterplan Wissenschaft\",\"description\":\"Masterplan Wissenschaft\",\"publisher\":{\"@id\":\"https:\\\/\\\/masterplan-wissenschaft.de\\\/de\\\/#organization\"},\"potentialAction\":[{\"@type\":\"SearchAction\",\"target\":{\"@type\":\"EntryPoint\",\"urlTemplate\":\"https:\\\/\\\/masterplan-wissenschaft.de\\\/de\\\/?s={search_term_string}\"},\"query-input\":{\"@type\":\"PropertyValueSpecification\",\"valueRequired\":true,\"valueName\":\"search_term_string\"}}],\"inLanguage\":\"en-GB\"},{\"@type\":\"Organization\",\"@id\":\"https:\\\/\\\/masterplan-wissenschaft.de\\\/de\\\/#organization\",\"name\":\"Stadt Dortmund\",\"url\":\"https:\\\/\\\/masterplan-wissenschaft.de\\\/de\\\/\",\"logo\":{\"@type\":\"ImageObject\",\"inLanguage\":\"en-GB\",\"@id\":\"https:\\\/\\\/masterplan-wissenschaft.de\\\/de\\\/#\\\/schema\\\/logo\\\/image\\\/\",\"url\":\"https:\\\/\\\/masterplan-wissenschaft.de\\\/wp-content\\\/uploads\\\/2025\\\/08\\\/DO_Masterplan-Wissenschaft.png\",\"contentUrl\":\"https:\\\/\\\/masterplan-wissenschaft.de\\\/wp-content\\\/uploads\\\/2025\\\/08\\\/DO_Masterplan-Wissenschaft.png\",\"width\":2976,\"height\":710,\"caption\":\"Stadt Dortmund\"},\"image\":{\"@id\":\"https:\\\/\\\/masterplan-wissenschaft.de\\\/de\\\/#\\\/schema\\\/logo\\\/image\\\/\"}}]}<\/script>\n<!-- \/ Yoast SEO plugin. -->","yoast_head_json":{"title":"Science Slam - Dortmund","robots":{"index":"index","follow":"follow","max-snippet":"max-snippet:-1","max-image-preview":"max-image-preview:large","max-video-preview":"max-video-preview:-1"},"canonical":"https:\/\/masterplan-wissenschaft.de\/en\/science-slam\/","og_locale":"en_GB","og_type":"article","og_title":"Science Slam - Dortmund","og_description":"Mitmachen 26.09.2023 | Open House und Science Slam im Projektor &nbsp; Digitale Woche Dortmund Vom 25. bis zum 30. September stehen Digitalisierung und Innovationen in Dortmund wieder im Fokus. Die Digitale Woche Dortmund, kurz #diwodo, geht in die n\u00e4chste Runde und h\u00e4lt ein spannendes Programm bereit \u2013 \u00fcber 200 Workshops, Keynotes und Networking-Events zu allen [&hellip;]","og_url":"https:\/\/masterplan-wissenschaft.de\/en\/science-slam\/","og_site_name":"Dortmund","article_modified_time":"2023-11-07T11:06:12+00:00","og_image":[{"width":461,"height":535,"url":"https:\/\/masterplan-wissenschaft.de\/wp-content\/uploads\/2022\/12\/AM-und-CP-1.jpg","type":"image\/jpeg"}],"twitter_card":"summary_large_image","twitter_misc":{"Estimated reading time":"7 minutes"},"schema":{"@context":"https:\/\/schema.org","@graph":[{"@type":"WebPage","@id":"https:\/\/masterplan-wissenschaft.de\/science-slam\/","url":"https:\/\/masterplan-wissenschaft.de\/science-slam\/","name":"Science Slam - Dortmund","isPartOf":{"@id":"https:\/\/masterplan-wissenschaft.de\/de\/#website"},"primaryImageOfPage":{"@id":"https:\/\/masterplan-wissenschaft.de\/science-slam\/#primaryimage"},"image":{"@id":"https:\/\/masterplan-wissenschaft.de\/science-slam\/#primaryimage"},"thumbnailUrl":"https:\/\/masterplan-wissenschaft.de\/wp-content\/uploads\/2022\/12\/AM-und-CP-1-259x300.jpg","datePublished":"2023-08-31T14:46:15+00:00","dateModified":"2023-11-07T11:06:12+00:00","breadcrumb":{"@id":"https:\/\/masterplan-wissenschaft.de\/science-slam\/#breadcrumb"},"inLanguage":"en-GB","potentialAction":[{"@type":"ReadAction","target":["https:\/\/masterplan-wissenschaft.de\/science-slam\/"]}]},{"@type":"ImageObject","inLanguage":"en-GB","@id":"https:\/\/masterplan-wissenschaft.de\/science-slam\/#primaryimage","url":"https:\/\/masterplan-wissenschaft.de\/wp-content\/uploads\/2022\/12\/AM-und-CP-1-259x300.jpg","contentUrl":"https:\/\/masterplan-wissenschaft.de\/wp-content\/uploads\/2022\/12\/AM-und-CP-1-259x300.jpg"},{"@type":"BreadcrumbList","@id":"https:\/\/masterplan-wissenschaft.de\/science-slam\/#breadcrumb","itemListElement":[{"@type":"ListItem","position":1,"name":"Startseite","item":"https:\/\/masterplan-wissenschaft.de\/de\/"},{"@type":"ListItem","position":2,"name":"Science Slam"}]},{"@type":"WebSite","@id":"https:\/\/masterplan-wissenschaft.de\/de\/#website","url":"https:\/\/masterplan-wissenschaft.de\/de\/","name":"Masterplan Wissenschaft","description":"Masterplan Wissenschaft","publisher":{"@id":"https:\/\/masterplan-wissenschaft.de\/de\/#organization"},"potentialAction":[{"@type":"SearchAction","target":{"@type":"EntryPoint","urlTemplate":"https:\/\/masterplan-wissenschaft.de\/de\/?s={search_term_string}"},"query-input":{"@type":"PropertyValueSpecification","valueRequired":true,"valueName":"search_term_string"}}],"inLanguage":"en-GB"},{"@type":"Organization","@id":"https:\/\/masterplan-wissenschaft.de\/de\/#organization","name":"City of Dortmund","url":"https:\/\/masterplan-wissenschaft.de\/de\/","logo":{"@type":"ImageObject","inLanguage":"en-GB","@id":"https:\/\/masterplan-wissenschaft.de\/de\/#\/schema\/logo\/image\/","url":"https:\/\/masterplan-wissenschaft.de\/wp-content\/uploads\/2025\/08\/DO_Masterplan-Wissenschaft.png","contentUrl":"https:\/\/masterplan-wissenschaft.de\/wp-content\/uploads\/2025\/08\/DO_Masterplan-Wissenschaft.png","width":2976,"height":710,"caption":"Stadt Dortmund"},"image":{"@id":"https:\/\/masterplan-wissenschaft.de\/de\/#\/schema\/logo\/image\/"}}]}},"_links":{"self":[{"href":"https:\/\/masterplan-wissenschaft.de\/en\/wp-json\/wp\/v2\/pages\/11912","targetHints":{"allow":["GET"]}}],"collection":[{"href":"https:\/\/masterplan-wissenschaft.de\/en\/wp-json\/wp\/v2\/pages"}],"about":[{"href":"https:\/\/masterplan-wissenschaft.de\/en\/wp-json\/wp\/v2\/types\/page"}],"author":[{"embeddable":true,"href":"https:\/\/masterplan-wissenschaft.de\/en\/wp-json\/wp\/v2\/users\/9"}],"replies":[{"embeddable":true,"href":"https:\/\/masterplan-wissenschaft.de\/en\/wp-json\/wp\/v2\/comments?post=11912"}],"version-history":[{"count":11,"href":"https:\/\/masterplan-wissenschaft.de\/en\/wp-json\/wp\/v2\/pages\/11912\/revisions"}],"predecessor-version":[{"id":12005,"href":"https:\/\/masterplan-wissenschaft.de\/en\/wp-json\/wp\/v2\/pages\/11912\/revisions\/12005"}],"wp:attachment":[{"href":"https:\/\/masterplan-wissenschaft.de\/en\/wp-json\/wp\/v2\/media?parent=11912"}],"curies":[{"name":"wp","href":"https:\/\/api.w.org\/{rel}","templated":true}]}}