{"id":12297,"date":"2024-05-27T12:29:06","date_gmt":"2024-05-27T12:29:06","guid":{"rendered":"https:\/\/masterplan-wissenschaft.de\/?page_id=12297"},"modified":"2024-05-27T12:30:29","modified_gmt":"2024-05-27T12:30:29","slug":"stadt-im-wandel-2023","status":"publish","type":"page","link":"https:\/\/masterplan-wissenschaft.de\/en\/stadt-im-wandel-2023\/","title":{"rendered":"Stadt im Wandel 2023"},"content":{"rendered":"<p>[et_pb_section fb_built=&#8220;1&#8243; module_id=&#8220;exzellenz-vernetzung&#8220; _builder_version=&#8220;4.22.2&#8243; _module_preset=&#8220;default&#8220; background_color=&#8220;#000000&#8243; use_background_color_gradient=&#8220;on&#8220; background_color_gradient_start=&#8220;rgba(0,19,46,0.85)&#8220; background_color_gradient_end=&#8220;rgba(0,19,46,0.85)&#8220; background_color_gradient_overlays_image=&#8220;on&#8220; background_image=&#8220;https:\/\/masterplan-wissenschaft.de\/wp-content\/uploads\/2021\/02\/Stadt-Dortmund_Atomgrafik_v2_2021_lay1_freigest_randlos.png&#8220; background_size=&#8220;initial&#8220; background_position=&#8220;center_right&#8220; custom_padding=&#8220;130px||43px||false|false&#8220; global_colors_info=&#8220;{}&#8220;][et_pb_row _builder_version=&#8220;4.16&#8243; _module_preset=&#8220;default&#8220; custom_padding=&#8220;0px||0px|||&#8220; global_colors_info=&#8220;{}&#8220;][et_pb_column type=&#8220;4_4&#8243; _builder_version=&#8220;4.16&#8243; _module_preset=&#8220;default&#8220; global_colors_info=&#8220;{}&#8220;][et_pb_text content_tablet=&#8220;&#8220; content_phone=&#8220;&#8220; content_last_edited=&#8220;on|desktop&#8220; _builder_version=&#8220;4.22.2&#8243; _module_preset=&#8220;default&#8220; text_font=&#8220;Istok Web||||||||&#8220; text_text_color=&#8220;#FFFFFF&#8220; text_font_size=&#8220;16px&#8220; header_font=&#8220;Istok Web|700|||||||&#8220; header_text_color=&#8220;#FFFFFF&#8220; header_font_size=&#8220;50px&#8220; header_line_height=&#8220;1.2em&#8220; header_2_text_color=&#8220;#000000&#8243; header_2_font_size=&#8220;50px&#8220; header_2_line_height=&#8220;1.2em&#8220; header_3_font_size=&#8220;50px&#8220; header_4_font_size=&#8220;50px&#8220; header_5_font_size=&#8220;50px&#8220; header_6_font_size=&#8220;50px&#8220; custom_padding=&#8220;0px|20px|0px|20px|false|false&#8220; custom_padding_tablet=&#8220;&#8220; custom_padding_phone=&#8220;0px|0px|0px|0px|false|true&#8220; custom_padding_last_edited=&#8220;on|phone&#8220; text_font_size_tablet=&#8220;&#8220; text_font_size_phone=&#8220;15px&#8220; text_font_size_last_edited=&#8220;on|phone&#8220; header_font_size_tablet=&#8220;70px&#8220; header_font_size_phone=&#8220;28px&#8220; header_font_size_last_edited=&#8220;on|phone&#8220; header_2_font_size_tablet=&#8220;70px&#8220; header_2_font_size_phone=&#8220;28px&#8220; header_2_font_size_last_edited=&#8220;on|phone&#8220; header_3_font_size_tablet=&#8220;70px&#8220; header_3_font_size_phone=&#8220;28px&#8220; header_3_font_size_last_edited=&#8220;on|phone&#8220; header_4_font_size_tablet=&#8220;70px&#8220; header_4_font_size_phone=&#8220;28px&#8220; header_4_font_size_last_edited=&#8220;on|phone&#8220; header_5_font_size_tablet=&#8220;70px&#8220; header_5_font_size_phone=&#8220;28px&#8220; header_5_font_size_last_edited=&#8220;on|phone&#8220; header_6_font_size_tablet=&#8220;70px&#8220; header_6_font_size_phone=&#8220;28px&#8220; header_6_font_size_last_edited=&#8220;on|phone&#8220; global_colors_info=&#8220;{}&#8220;]<\/p>\n<div class=\"wpb_text_column wpb_content_element \">\n<div class=\"wpb_wrapper\">\n<h1 class=\"p1\"><b>Mitmachen<\/b><\/h1>\n<\/div>\n<\/div>\n<p>[\/et_pb_text][et_pb_text _builder_version=&#8220;4.9.4&#8243; _module_preset=&#8220;default&#8220; hover_enabled=&#8220;0&#8243; global_colors_info=&#8220;{}&#8220; sticky_enabled=&#8220;0&#8243;]<\/p>\n<h3 class=\"et_pb_toggle_title\"><span style=\"color: #ffffff;\">Stadt im Wandel 2023\u00a0<\/span><\/h3>\n<p>[\/et_pb_text][\/et_pb_column][\/et_pb_row][et_pb_row _builder_version=&#8220;4.9.4&#8243; _module_preset=&#8220;default&#8220; custom_padding=&#8220;0px||1px|||&#8220; hover_enabled=&#8220;0&#8243; global_colors_info=&#8220;{}&#8220; sticky_enabled=&#8220;0&#8243;][et_pb_column type=&#8220;4_4&#8243; _builder_version=&#8220;4.16&#8243; _module_preset=&#8220;default&#8220; global_colors_info=&#8220;{}&#8220;][et_pb_text _builder_version=&#8220;4.9.4&#8243; _module_preset=&#8220;default&#8220; text_font=&#8220;Istok Web||||||||&#8220; text_text_color=&#8220;#FFFFFF&#8220; text_font_size=&#8220;16px&#8220; header_font=&#8220;Istok Web|700|||||||&#8220; header_text_color=&#8220;#ffffff&#8220; header_font_size=&#8220;50px&#8220; header_line_height=&#8220;1.2em&#8220; header_2_text_color=&#8220;#FFFFFF&#8220; header_2_line_height=&#8220;1.2em&#8220; width=&#8220;100%&#8220; min_height=&#8220;220px&#8220; custom_padding=&#8220;20px|20px|0px|20px|false|false&#8220; custom_padding_tablet=&#8220;&#8220; custom_padding_phone=&#8220;20px|0px|20px|0px|false|true&#8220; custom_padding_last_edited=&#8220;on|phone&#8220; hover_enabled=&#8220;0&#8243; text_font_size_tablet=&#8220;&#8220; text_font_size_phone=&#8220;15px&#8220; text_font_size_last_edited=&#8220;on|phone&#8220; ol_font_size_tablet=&#8220;&#8220; ol_font_size_phone=&#8220;15px&#8220; ol_font_size_last_edited=&#8220;on|phone&#8220; global_colors_info=&#8220;{}&#8220; sticky_enabled=&#8220;0&#8243;]<\/p>\n<p>Dortmund \u2013 eine Stadt mit Mut zum Wandel. Das zeigen nicht nur Gro\u00dfprojekte wie beispielsweise der PHOENIX-See oder das Hafenquartier, auch kleinere Projekte wie die Entwicklung des \u201e<a href=\"https:\/\/www.dortmund.de\/de\/leben_in_dortmund\/nachrichtenportal\/alle_nachrichten\/nachricht.jsp?nid=716828\">Projektor<\/a>\u201c \u2013 Raum f\u00fcr Innovationen und Zusammenarbeit\u201c verdeutlichen dies. Mitten im Herzen von Dortmund \u2013 am Westenhellweg 136 \u2013 steht ein ehemaliges Ladenlokal mit einer Fl\u00e4che von rund 115 m\u00b2 f\u00fcr kleine Ausstellungen, Projektseminare, Workshops, Vernetzungsaktivit\u00e4ten, Experimente und Vortr\u00e4ge zur Verf\u00fcgung. Akteure aus dem Masterplan Wissenschaft haben hier in den vergangenen Monaten aus einer groben Idee eine mehrteilige Veranstaltungsreihe entwickelt und diese im Innovationsraum getestet. Ein R\u00fcckblick:<\/p>\n<p>Ende 2022 entstand die Vision eines kompakten Formats, das sowohl Impulse setzen als auch Raum f\u00fcr den offenen Austausch bieten sollte. In den darauffolgenden Monaten setzte sich das kleine Team aus Vertreter*innen der TU Dortmund, der FH Dortmund, dem Demographie Netzwerk e.V., der Wirtschaftsf\u00f6rderung Dortmund und der Gesch\u00e4ftsstelle des Masterplans Wissenschaft zusammen, um ein konkreteres Konzept zu erarbeiten. Angebunden an das Projekt \u201eDebattenr\u00e4ume\u201d der Themengruppe \u201eExperimentelle Stadt\u201d des Masterplans Wissenschaft, entstand eine sechsteilige Veranstaltungsreihe unter dem Titel \u201eStadt im Wandel\u201d. \u201eIn dem Team ist es uns sehr gut gelungen, ein abwechslungsreiches Programm auf die Beine zu stellen, das in einem kurzweiligen Dialog Wissenschaft und Stadtgesellschaft zusammenbrachte\u201c, betont Andrea Kienle, die als Sprecherin der Themengruppe 4 die Veranstaltungsreihe mit konzipierte.<\/p>\n<p>Von Februar bis April fanden insgesamt sechs Veranstaltung, jeweils zwei pro Monat, statt. B\u00fcrger*innen und Interessierte waren eingeladen, sich zu dringenden Fragestellungen wie zum Beispiel \u201eDortmund, wie nachhaltig ist deine Wirtschaft?\u201c oder \u201eDortmund, wie sieht deine Energiezukunft aus?\u201c zu informieren und auszutauschen. Ziel war es, Impulse f\u00fcr die t\u00e4gliche Arbeit und das eigene Leben zu erhalten und gemeinsam mit anderen in den Dialog zu kommen. Begleitet wurden die Termine zum Teil durch k\u00fcnstlerische Werke von Studierenden der TU Dortmund und FH Dortmund. Beim f\u00fcnften Debattenraum zu der Fragestellung \u201eDortmund, wie smart bist du?\u201c hatten die Teilnehmenden beispielsweise die M\u00f6glichkeit, die U-Bahnstation M\u00f6llerbr\u00fccke mittels einer VR-Brille unter Wasser zu erleben. Auch im Schaufenster wurden Kunstwerke, die mit Hilfe von Apps interaktiv betrachtet werden konnten, ausgestellt.<\/p>\n<p>Wissenschaftler*<em>innen und Praktiker*<\/em>innen vermittelten ihr Fachwissen auf verst\u00e4ndliche Weise und gaben den Teilnehmenden wertvolle Einblicke in die verschiedenen Themenfelder. Prof. Dr. Martin Kiel (FH Dortmund) berichtete beispielsweise \u00fcber den Einsatz von Photovoltaik im urbanen Raum. Daraufhin stellte ein Gast fest, dass ein kleineres PV-Modul (ein sogenanntes Balkonkraftwerk) bereits ausreicht, um das Aquarium zu Hause komplett mit Strom zu versorgen. Nach den Impulsen bestand die M\u00f6glichkeit, sich aktiv an den Diskussionen zu beteiligen und die eigenen Erfahrungen und Meinungen einzubringen. Im Sinne der Themengruppe \u201cExperimentelle Stadt\u201d wurde durch die Debattenr\u00e4ume Wissenschaft in die Stadt gebracht und auch die Wissenschaftler*innen profitierten von den eingebrachten Hinweisen der teilnehmenden G\u00e4ste.<\/p>\n<p>Bei der Abschlussveranstaltung am 2. Mai 2023 wurde res\u00fcmiert. Dabei waren sich die Teilnehmer*innen einig, \u201eStadt im Wandel\u201d ist eine spannende Veranstaltungsreihe, die sich mit den aktuellen Angelegenheiten befasst. \u201eDer Projektor war der ideale Ort ein solches Format einfach mal zu testen. Durch das flexible Mobiliar konnte man den Raum nach den Bed\u00fcrfnissen des Formats einfach und schnell umbauen.\u201c, res\u00fcmiert Christina-Bella Pag\u00e9s aus der Gesch\u00e4ftsstelle des Masterplans Wissenschaft der Stadt Dortmund. Dar\u00fcber hinaus wurden weitere m\u00f6gliche Themen f\u00fcr zuk\u00fcnftige Debattenr\u00e4ume gesammelt. Vorgeschlagen wurden unter anderem Ideen zu den Bereichen B\u00fcrgerschaftliches Engagement, Verkehrswende oder Ern\u00e4hrung. Auch wenn in dem zweist\u00fcndigen Format inhaltlich teilweise nur an der Oberfl\u00e4che gekratzt werden konnte, so reicht die Zeit als Appetizer, um weiter \u00fcber die Themen nachzudenken oder sich aktiv weiter zu informieren. Positiv herausgestellt wurden die illustrierten Dokumentationen (\u201eGraphic Recordings\u201c) der einzelnen Debattenr\u00e4ume. Die Ergebnisse k\u00f6nnen Sie sich hier anschauen.<\/p>\n<p>[\/et_pb_text][\/et_pb_column][\/et_pb_row][et_pb_row custom_padding_last_edited=&#8220;on|phone&#8220; _builder_version=&#8220;4.9.4&#8243; _module_preset=&#8220;default&#8220; custom_margin=&#8220;3px|auto|30px|auto|false|false&#8220; custom_padding=&#8220;|20px|0px|20px|false|true&#8220; custom_padding_tablet=&#8220;&#8220; custom_padding_phone=&#8220;|0px||0px|false|true&#8220; hover_enabled=&#8220;0&#8243; global_colors_info=&#8220;{}&#8220; sticky_enabled=&#8220;0&#8243; locked=&#8220;off&#8220;][et_pb_column type=&#8220;4_4&#8243; _builder_version=&#8220;4.16&#8243; _module_preset=&#8220;default&#8220; global_colors_info=&#8220;{}&#8220;][et_pb_text _builder_version=&#8220;4.9.4&#8243; header_font=&#8220;Istok Web|700|||||||&#8220; header_font_size=&#8220;50px&#8220; background_layout=&#8220;dark&#8220; max_width=&#8220;760px&#8220; custom_margin=&#8220;||||false|false&#8220; header_font_size_tablet=&#8220;70px&#8220; header_font_size_phone=&#8220;60px&#8220; header_font_size_last_edited=&#8220;on|phone&#8220;]<\/p>\n<h3>Eindr\u00fccke der vergangenen Stadt im Wandel Reihe 2023<\/h3>\n<p>[\/et_pb_text][et_pb_gallery gallery_ids=&#8220;11799,11903,11905,11805,11807,11809,11832,11830,11826,11824,11822&#8243; fullwidth=&#8220;on&#8220; _builder_version=&#8220;4.9.4&#8243; _module_preset=&#8220;default&#8220; title_text_color=&#8220;#FFFFFF&#8220; title_font_size=&#8220;9px&#8220; max_width=&#8220;75%&#8220; module_alignment=&#8220;center&#8220; hover_enabled=&#8220;0&#8243; global_colors_info=&#8220;{}&#8220; sticky_enabled=&#8220;0&#8243;][\/et_pb_gallery][\/et_pb_column][\/et_pb_row][et_pb_row column_structure=&#8220;1_2,1_2&#8243; use_custom_gutter=&#8220;on&#8220; gutter_width=&#8220;2&#8243; custom_padding_last_edited=&#8220;on|phone&#8220; _builder_version=&#8220;4.22.2&#8243; _module_preset=&#8220;default&#8220; custom_padding=&#8220;0px|20px||20px|false|true&#8220; custom_padding_tablet=&#8220;&#8220; custom_padding_phone=&#8220;0px|0px||0px|false|true&#8220; global_colors_info=&#8220;{}&#8220;][et_pb_column type=&#8220;1_2&#8243; _builder_version=&#8220;4.16&#8243; _module_preset=&#8220;default&#8220; global_colors_info=&#8220;{}&#8220;][et_pb_text _builder_version=&#8220;4.22.2&#8243; _module_preset=&#8220;default&#8220; text_font_size=&#8220;16px&#8220; background_layout=&#8220;dark&#8220; min_height=&#8220;8.2px&#8220; custom_margin=&#8220;||-18px|||&#8220; custom_padding=&#8220;||25px|20px|false|false&#8220; custom_padding_tablet=&#8220;&#8220; custom_padding_phone=&#8220;20px||20px|0px|false|false&#8220; custom_padding_last_edited=&#8220;on|phone&#8220; text_orientation_last_edited=&#8220;off|phone&#8220; global_colors_info=&#8220;{}&#8220;]<\/p>\n<p class=\"p1\"><strong>Kontakt:<\/strong><\/p>\n<p class=\"p1\">Stadt Dortmund<br \/>\nGesch\u00e4ftsstelle Masterplan Wissenschaft<br \/>\nwissenschaft@stadtdo.de<\/p>\n<p class=\"p1\">[\/et_pb_text][\/et_pb_column][et_pb_column type=&#8220;1_2&#8243; _builder_version=&#8220;4.16&#8243; _module_preset=&#8220;default&#8220; global_colors_info=&#8220;{}&#8220;][et_pb_text _builder_version=&#8220;4.19.1&#8243; _module_preset=&#8220;default&#8220; text_font_size=&#8220;16px&#8220; background_layout=&#8220;dark&#8220; min_height=&#8220;0px&#8220; custom_padding=&#8220;||0px|20px|false|false&#8220; custom_padding_tablet=&#8220;||25px||false|false&#8220; custom_padding_phone=&#8220;20px||50px|0px|false|false&#8220; custom_padding_last_edited=&#8220;on|phone&#8220; text_orientation_tablet=&#8220;center&#8220; text_orientation_phone=&#8220;&#8220; text_orientation_last_edited=&#8220;on|phone&#8220; global_colors_info=&#8220;{}&#8220;]<\/p>\n<p class=\"p1\">Angela M\u00e4rtin und Christina-Bella Pag\u00e9s<\/p>\n<p class=\"p1\"><img loading=\"lazy\" decoding=\"async\" class=\"wp-image-11385 alignnone size-medium\" src=\"https:\/\/masterplan-wissenschaft.de\/wp-content\/uploads\/2022\/12\/AM-und-CP-1-259x300.jpg\" alt=\"\" width=\"259\" height=\"300\" srcset=\"https:\/\/masterplan-wissenschaft.de\/wp-content\/uploads\/2022\/12\/AM-und-CP-1-259x300.jpg 259w, https:\/\/masterplan-wissenschaft.de\/wp-content\/uploads\/2022\/12\/AM-und-CP-1.jpg 461w\" sizes=\"(max-width: 259px) 100vw, 259px\" \/><\/p>\n<p class=\"p1\">[\/et_pb_text][et_pb_text _builder_version=&#8220;4.9.4&#8243; _module_preset=&#8220;default&#8220; text_font_size=&#8220;16px&#8220; text_orientation=&#8220;right&#8220; background_layout=&#8220;dark&#8220; min_height=&#8220;10.8px&#8220; custom_margin=&#8220;-15px||||false|false&#8220; custom_margin_tablet=&#8220;0px||||false|false&#8220; custom_margin_phone=&#8220;&#8220; custom_margin_last_edited=&#8220;on|desktop&#8220; custom_padding=&#8220;||||false|false&#8220; custom_padding_tablet=&#8220;|10px|||false|false&#8220; custom_padding_phone=&#8220;|||0px|false|false&#8220; custom_padding_last_edited=&#8220;on|phone&#8220; text_orientation_tablet=&#8220;right&#8220; text_orientation_last_edited=&#8220;off|desktop&#8220; global_colors_info=&#8220;{}&#8220;]<\/p>\n<p class=\"p1\" style=\"text-align: center;\"><span style=\"font-size: x-small;\">Bild: Dortmund-Agentur\/Roland Gorecki<\/span><\/p>\n<p class=\"p1\">[\/et_pb_text][\/et_pb_column][\/et_pb_row][\/et_pb_section]<\/p>\n","protected":false},"excerpt":{"rendered":"<p>Mitmachen Stadt im Wandel 2023\u00a0Dortmund \u2013 eine Stadt mit Mut zum Wandel. Das zeigen nicht nur Gro\u00dfprojekte wie beispielsweise der PHOENIX-See oder das Hafenquartier, auch kleinere Projekte wie die Entwicklung des \u201eProjektor\u201c \u2013 Raum f\u00fcr Innovationen und Zusammenarbeit\u201c verdeutlichen dies. Mitten im Herzen von Dortmund \u2013 am Westenhellweg 136 \u2013 steht ein ehemaliges Ladenlokal mit [&hellip;]<\/p>\n","protected":false},"author":9,"featured_media":0,"parent":0,"menu_order":0,"comment_status":"closed","ping_status":"closed","template":"","meta":{"_et_pb_use_builder":"on","_et_pb_old_content":"","_et_gb_content_width":"","inline_featured_image":false,"footnotes":""},"class_list":["post-12297","page","type-page","status-publish","hentry"],"yoast_head":"<!-- This site is optimized with the Yoast SEO plugin v27.3 - https:\/\/yoast.com\/product\/yoast-seo-wordpress\/ -->\n<title>Stadt im Wandel 2023 - Dortmund<\/title>\n<meta name=\"robots\" content=\"index, follow, max-snippet:-1, max-image-preview:large, max-video-preview:-1\" \/>\n<link rel=\"canonical\" href=\"https:\/\/masterplan-wissenschaft.de\/en\/stadt-im-wandel-2023\/\" \/>\n<meta property=\"og:locale\" content=\"en_GB\" \/>\n<meta property=\"og:type\" content=\"article\" \/>\n<meta property=\"og:title\" content=\"Stadt im Wandel 2023 - Dortmund\" \/>\n<meta property=\"og:description\" content=\"Mitmachen Stadt im Wandel 2023\u00a0Dortmund \u2013 eine Stadt mit Mut zum Wandel. Das zeigen nicht nur Gro\u00dfprojekte wie beispielsweise der PHOENIX-See oder das Hafenquartier, auch kleinere Projekte wie die Entwicklung des \u201eProjektor\u201c \u2013 Raum f\u00fcr Innovationen und Zusammenarbeit\u201c verdeutlichen dies. Mitten im Herzen von Dortmund \u2013 am Westenhellweg 136 \u2013 steht ein ehemaliges Ladenlokal mit [&hellip;]\" \/>\n<meta property=\"og:url\" content=\"https:\/\/masterplan-wissenschaft.de\/en\/stadt-im-wandel-2023\/\" \/>\n<meta property=\"og:site_name\" content=\"Dortmund\" \/>\n<meta property=\"article:modified_time\" content=\"2024-05-27T12:30:29+00:00\" \/>\n<meta property=\"og:image\" content=\"https:\/\/masterplan-wissenschaft.de\/wp-content\/uploads\/2022\/12\/AM-und-CP-1.jpg\" \/>\n\t<meta property=\"og:image:width\" content=\"461\" \/>\n\t<meta property=\"og:image:height\" content=\"535\" \/>\n\t<meta property=\"og:image:type\" content=\"image\/jpeg\" \/>\n<meta name=\"twitter:card\" content=\"summary_large_image\" \/>\n<meta name=\"twitter:label1\" content=\"Estimated reading time\" \/>\n\t<meta name=\"twitter:data1\" content=\"8 minutes\" \/>\n<script type=\"application\/ld+json\" class=\"yoast-schema-graph\">{\"@context\":\"https:\\\/\\\/schema.org\",\"@graph\":[{\"@type\":\"WebPage\",\"@id\":\"https:\\\/\\\/masterplan-wissenschaft.de\\\/stadt-im-wandel-2023\\\/\",\"url\":\"https:\\\/\\\/masterplan-wissenschaft.de\\\/stadt-im-wandel-2023\\\/\",\"name\":\"Stadt im Wandel 2023 - Dortmund\",\"isPartOf\":{\"@id\":\"https:\\\/\\\/masterplan-wissenschaft.de\\\/de\\\/#website\"},\"primaryImageOfPage\":{\"@id\":\"https:\\\/\\\/masterplan-wissenschaft.de\\\/stadt-im-wandel-2023\\\/#primaryimage\"},\"image\":{\"@id\":\"https:\\\/\\\/masterplan-wissenschaft.de\\\/stadt-im-wandel-2023\\\/#primaryimage\"},\"thumbnailUrl\":\"https:\\\/\\\/masterplan-wissenschaft.de\\\/wp-content\\\/uploads\\\/2022\\\/12\\\/AM-und-CP-1-259x300.jpg\",\"datePublished\":\"2024-05-27T12:29:06+00:00\",\"dateModified\":\"2024-05-27T12:30:29+00:00\",\"breadcrumb\":{\"@id\":\"https:\\\/\\\/masterplan-wissenschaft.de\\\/stadt-im-wandel-2023\\\/#breadcrumb\"},\"inLanguage\":\"en-GB\",\"potentialAction\":[{\"@type\":\"ReadAction\",\"target\":[\"https:\\\/\\\/masterplan-wissenschaft.de\\\/stadt-im-wandel-2023\\\/\"]}]},{\"@type\":\"ImageObject\",\"inLanguage\":\"en-GB\",\"@id\":\"https:\\\/\\\/masterplan-wissenschaft.de\\\/stadt-im-wandel-2023\\\/#primaryimage\",\"url\":\"https:\\\/\\\/masterplan-wissenschaft.de\\\/wp-content\\\/uploads\\\/2022\\\/12\\\/AM-und-CP-1-259x300.jpg\",\"contentUrl\":\"https:\\\/\\\/masterplan-wissenschaft.de\\\/wp-content\\\/uploads\\\/2022\\\/12\\\/AM-und-CP-1-259x300.jpg\"},{\"@type\":\"BreadcrumbList\",\"@id\":\"https:\\\/\\\/masterplan-wissenschaft.de\\\/stadt-im-wandel-2023\\\/#breadcrumb\",\"itemListElement\":[{\"@type\":\"ListItem\",\"position\":1,\"name\":\"Startseite\",\"item\":\"https:\\\/\\\/masterplan-wissenschaft.de\\\/de\\\/\"},{\"@type\":\"ListItem\",\"position\":2,\"name\":\"Stadt im Wandel 2023\"}]},{\"@type\":\"WebSite\",\"@id\":\"https:\\\/\\\/masterplan-wissenschaft.de\\\/de\\\/#website\",\"url\":\"https:\\\/\\\/masterplan-wissenschaft.de\\\/de\\\/\",\"name\":\"Masterplan Wissenschaft\",\"description\":\"Masterplan Wissenschaft\",\"publisher\":{\"@id\":\"https:\\\/\\\/masterplan-wissenschaft.de\\\/de\\\/#organization\"},\"potentialAction\":[{\"@type\":\"SearchAction\",\"target\":{\"@type\":\"EntryPoint\",\"urlTemplate\":\"https:\\\/\\\/masterplan-wissenschaft.de\\\/de\\\/?s={search_term_string}\"},\"query-input\":{\"@type\":\"PropertyValueSpecification\",\"valueRequired\":true,\"valueName\":\"search_term_string\"}}],\"inLanguage\":\"en-GB\"},{\"@type\":\"Organization\",\"@id\":\"https:\\\/\\\/masterplan-wissenschaft.de\\\/de\\\/#organization\",\"name\":\"Stadt Dortmund\",\"url\":\"https:\\\/\\\/masterplan-wissenschaft.de\\\/de\\\/\",\"logo\":{\"@type\":\"ImageObject\",\"inLanguage\":\"en-GB\",\"@id\":\"https:\\\/\\\/masterplan-wissenschaft.de\\\/de\\\/#\\\/schema\\\/logo\\\/image\\\/\",\"url\":\"https:\\\/\\\/masterplan-wissenschaft.de\\\/wp-content\\\/uploads\\\/2025\\\/08\\\/DO_Masterplan-Wissenschaft.png\",\"contentUrl\":\"https:\\\/\\\/masterplan-wissenschaft.de\\\/wp-content\\\/uploads\\\/2025\\\/08\\\/DO_Masterplan-Wissenschaft.png\",\"width\":2976,\"height\":710,\"caption\":\"Stadt Dortmund\"},\"image\":{\"@id\":\"https:\\\/\\\/masterplan-wissenschaft.de\\\/de\\\/#\\\/schema\\\/logo\\\/image\\\/\"}}]}<\/script>\n<!-- \/ Yoast SEO plugin. -->","yoast_head_json":{"title":"Stadt im Wandel 2023 - Dortmund","robots":{"index":"index","follow":"follow","max-snippet":"max-snippet:-1","max-image-preview":"max-image-preview:large","max-video-preview":"max-video-preview:-1"},"canonical":"https:\/\/masterplan-wissenschaft.de\/en\/stadt-im-wandel-2023\/","og_locale":"en_GB","og_type":"article","og_title":"Stadt im Wandel 2023 - Dortmund","og_description":"Mitmachen Stadt im Wandel 2023\u00a0Dortmund \u2013 eine Stadt mit Mut zum Wandel. Das zeigen nicht nur Gro\u00dfprojekte wie beispielsweise der PHOENIX-See oder das Hafenquartier, auch kleinere Projekte wie die Entwicklung des \u201eProjektor\u201c \u2013 Raum f\u00fcr Innovationen und Zusammenarbeit\u201c verdeutlichen dies. Mitten im Herzen von Dortmund \u2013 am Westenhellweg 136 \u2013 steht ein ehemaliges Ladenlokal mit [&hellip;]","og_url":"https:\/\/masterplan-wissenschaft.de\/en\/stadt-im-wandel-2023\/","og_site_name":"Dortmund","article_modified_time":"2024-05-27T12:30:29+00:00","og_image":[{"width":461,"height":535,"url":"https:\/\/masterplan-wissenschaft.de\/wp-content\/uploads\/2022\/12\/AM-und-CP-1.jpg","type":"image\/jpeg"}],"twitter_card":"summary_large_image","twitter_misc":{"Estimated reading time":"8 minutes"},"schema":{"@context":"https:\/\/schema.org","@graph":[{"@type":"WebPage","@id":"https:\/\/masterplan-wissenschaft.de\/stadt-im-wandel-2023\/","url":"https:\/\/masterplan-wissenschaft.de\/stadt-im-wandel-2023\/","name":"Stadt im Wandel 2023 - Dortmund","isPartOf":{"@id":"https:\/\/masterplan-wissenschaft.de\/de\/#website"},"primaryImageOfPage":{"@id":"https:\/\/masterplan-wissenschaft.de\/stadt-im-wandel-2023\/#primaryimage"},"image":{"@id":"https:\/\/masterplan-wissenschaft.de\/stadt-im-wandel-2023\/#primaryimage"},"thumbnailUrl":"https:\/\/masterplan-wissenschaft.de\/wp-content\/uploads\/2022\/12\/AM-und-CP-1-259x300.jpg","datePublished":"2024-05-27T12:29:06+00:00","dateModified":"2024-05-27T12:30:29+00:00","breadcrumb":{"@id":"https:\/\/masterplan-wissenschaft.de\/stadt-im-wandel-2023\/#breadcrumb"},"inLanguage":"en-GB","potentialAction":[{"@type":"ReadAction","target":["https:\/\/masterplan-wissenschaft.de\/stadt-im-wandel-2023\/"]}]},{"@type":"ImageObject","inLanguage":"en-GB","@id":"https:\/\/masterplan-wissenschaft.de\/stadt-im-wandel-2023\/#primaryimage","url":"https:\/\/masterplan-wissenschaft.de\/wp-content\/uploads\/2022\/12\/AM-und-CP-1-259x300.jpg","contentUrl":"https:\/\/masterplan-wissenschaft.de\/wp-content\/uploads\/2022\/12\/AM-und-CP-1-259x300.jpg"},{"@type":"BreadcrumbList","@id":"https:\/\/masterplan-wissenschaft.de\/stadt-im-wandel-2023\/#breadcrumb","itemListElement":[{"@type":"ListItem","position":1,"name":"Startseite","item":"https:\/\/masterplan-wissenschaft.de\/de\/"},{"@type":"ListItem","position":2,"name":"Stadt im Wandel 2023"}]},{"@type":"WebSite","@id":"https:\/\/masterplan-wissenschaft.de\/de\/#website","url":"https:\/\/masterplan-wissenschaft.de\/de\/","name":"Masterplan Wissenschaft","description":"Masterplan Wissenschaft","publisher":{"@id":"https:\/\/masterplan-wissenschaft.de\/de\/#organization"},"potentialAction":[{"@type":"SearchAction","target":{"@type":"EntryPoint","urlTemplate":"https:\/\/masterplan-wissenschaft.de\/de\/?s={search_term_string}"},"query-input":{"@type":"PropertyValueSpecification","valueRequired":true,"valueName":"search_term_string"}}],"inLanguage":"en-GB"},{"@type":"Organization","@id":"https:\/\/masterplan-wissenschaft.de\/de\/#organization","name":"City of Dortmund","url":"https:\/\/masterplan-wissenschaft.de\/de\/","logo":{"@type":"ImageObject","inLanguage":"en-GB","@id":"https:\/\/masterplan-wissenschaft.de\/de\/#\/schema\/logo\/image\/","url":"https:\/\/masterplan-wissenschaft.de\/wp-content\/uploads\/2025\/08\/DO_Masterplan-Wissenschaft.png","contentUrl":"https:\/\/masterplan-wissenschaft.de\/wp-content\/uploads\/2025\/08\/DO_Masterplan-Wissenschaft.png","width":2976,"height":710,"caption":"Stadt Dortmund"},"image":{"@id":"https:\/\/masterplan-wissenschaft.de\/de\/#\/schema\/logo\/image\/"}}]}},"_links":{"self":[{"href":"https:\/\/masterplan-wissenschaft.de\/en\/wp-json\/wp\/v2\/pages\/12297","targetHints":{"allow":["GET"]}}],"collection":[{"href":"https:\/\/masterplan-wissenschaft.de\/en\/wp-json\/wp\/v2\/pages"}],"about":[{"href":"https:\/\/masterplan-wissenschaft.de\/en\/wp-json\/wp\/v2\/types\/page"}],"author":[{"embeddable":true,"href":"https:\/\/masterplan-wissenschaft.de\/en\/wp-json\/wp\/v2\/users\/9"}],"replies":[{"embeddable":true,"href":"https:\/\/masterplan-wissenschaft.de\/en\/wp-json\/wp\/v2\/comments?post=12297"}],"version-history":[{"count":3,"href":"https:\/\/masterplan-wissenschaft.de\/en\/wp-json\/wp\/v2\/pages\/12297\/revisions"}],"predecessor-version":[{"id":12302,"href":"https:\/\/masterplan-wissenschaft.de\/en\/wp-json\/wp\/v2\/pages\/12297\/revisions\/12302"}],"wp:attachment":[{"href":"https:\/\/masterplan-wissenschaft.de\/en\/wp-json\/wp\/v2\/media?parent=12297"}],"curies":[{"name":"wp","href":"https:\/\/api.w.org\/{rel}","templated":true}]}}