{"id":12703,"date":"2025-04-23T08:32:47","date_gmt":"2025-04-23T08:32:47","guid":{"rendered":"https:\/\/masterplan-wissenschaft.de\/?page_id=12703"},"modified":"2026-03-23T07:34:56","modified_gmt":"2026-03-23T07:34:56","slug":"ueberuns","status":"publish","type":"page","link":"https:\/\/masterplan-wissenschaft.de\/en\/ueberuns\/","title":{"rendered":"\u00dcber uns"},"content":{"rendered":"<p>[et_pb_section fb_built=&#8220;1&#8243; admin_label=&#8220;Header&#8220; _builder_version=&#8220;4.27.5&#8243; height=&#8220;1700px&#8220; custom_padding=&#8220;130px|40px|263px|40px|false|true&#8220; locked=&#8220;off&#8220; global_colors_info=&#8220;{}&#8220;][et_pb_row _builder_version=&#8220;4.16&#8243; width_tablet=&#8220;100%&#8220; width_phone=&#8220;&#8220; width_last_edited=&#8220;on|tablet&#8220; custom_margin=&#8220;-2px|auto|60px|auto||&#8220; custom_padding=&#8220;0px||0px|||&#8220; global_colors_info=&#8220;{}&#8220;][et_pb_column type=&#8220;4_4&#8243; _builder_version=&#8220;4.16&#8243; global_colors_info=&#8220;{}&#8220;][et_pb_text _builder_version=&#8220;4.27.5&#8243; text_font=&#8220;Poppins|800|||||||&#8220; text_font_size=&#8220;6px&#8220; header_font=&#8220;Poppins|700|||||||&#8220; header_font_size=&#8220;50px&#8220; background_layout=&#8220;dark&#8220; max_width=&#8220;1026px&#8220; custom_margin=&#8220;||||false|false&#8220; custom_padding=&#8220;||0px|||&#8220; header_font_size_tablet=&#8220;70px&#8220; header_font_size_phone=&#8220;28px&#8220; header_font_size_last_edited=&#8220;on|phone&#8220; global_colors_info=&#8220;{}&#8220;]<\/p>\n<h1>Wissenschafts- und Technologiestandort Dortmund<\/h1>\n<p>[\/et_pb_text][\/et_pb_column][\/et_pb_row][et_pb_row _builder_version=&#8220;4.16&#8243; _module_preset=&#8220;default&#8220; global_colors_info=&#8220;{}&#8220;][et_pb_column type=&#8220;4_4&#8243; _builder_version=&#8220;4.16&#8243; _module_preset=&#8220;default&#8220; global_colors_info=&#8220;{}&#8220;][et_pb_code _builder_version=&#8220;4.27.5&#8243; _module_preset=&#8220;default&#8220; width=&#8220;96%&#8220; module_alignment=&#8220;center&#8220; custom_margin=&#8220;-30px||||false|false&#8220; border_radii=&#8220;on|20px|20px|20px|20px&#8220; border_width_all=&#8220;15px&#8220; border_color_all=&#8220;#dddddd&#8220; global_colors_info=&#8220;{}&#8220;]<iframe loading=\"lazy\" width=\"560\" height=\"315\" src=\"https:\/\/www.youtube.com\/embed\/ur9VZpRoG4U?si=rFWxs2tKHzAhl7uw\" title=\"YouTube video player\" frameborder=\"0\" allow=\"accelerometer; autoplay; clipboard-write; encrypted-media; gyroscope; picture-in-picture; web-share\" referrerpolicy=\"strict-origin-when-cross-origin\" allowfullscreen><\/iframe>[\/et_pb_code][\/et_pb_column][\/et_pb_row][et_pb_row _builder_version=&#8220;4.16&#8243; _module_preset=&#8220;default&#8220; custom_margin=&#8220;|auto|25px|auto||&#8220; global_colors_info=&#8220;{}&#8220;][et_pb_column type=&#8220;4_4&#8243; _builder_version=&#8220;4.16&#8243; _module_preset=&#8220;default&#8220; global_colors_info=&#8220;{}&#8220;][et_pb_text _builder_version=&#8220;4.27.5&#8243; _module_preset=&#8220;default&#8220; text_font=&#8220;Poppins||||||||&#8220; text_text_color=&#8220;#FFFFFF&#8220; text_font_size=&#8220;15px&#8220; header_text_color=&#8220;#FFFFFF&#8220; min_height=&#8220;21.2px&#8220; global_colors_info=&#8220;{}&#8220;]<\/p>\n<p>Dortmund hat sich innerhalb von 30 Jahren zu einer der f\u00fchrenden Forschungs- und Technologiemetropolen des Ruhrgebietes entwickelt. Die zahlreichen international renommierten universit\u00e4ren und au\u00dferuniversit\u00e4ren Forschungseinrichtungen und Initiativen aus den unterschiedlichsten Fachbereichen sichern den Fluss an neuen wissenschaftlichen Erkenntnissen und qualifizierten Nachwuchskr\u00e4ften. Dortmund ist ein junger Hochschulstandort. Viele Studierende profitieren vom gro\u00dfen und vielf\u00e4ltigen Studienangebot sowie den Freizeitm\u00f6glichkeiten der Ruhrmetropole.<\/p>\n<p>Dortmund ist ein attraktiver, zukunftsf\u00e4higer und international ausgerichteter Technologie- und Wissenschaftsstandort mit rund 50.000 Studierenden an sieben Hochschulen, 19 au\u00dferuniversit\u00e4ren Forschungsinstituten, \u00fcber 10.000 Besch\u00e4ftigen und dem TechnologieZentrumDortmund als Innovationsdrehscheibe. Zahlreiche wissenschaftsorientierte Unternehmen, Kultureinrichtungen, Bibliotheken, Museen und Archive bereichern die Wissenschaftslandschaft zus\u00e4tzlich. Damit z\u00e4hlt Dortmund bundesweit zu einem der gro\u00dfen Technologie- und Wissenschaftsstandorte mit einem pulsierenden Innovations\u00f6kosystem.<\/p>\n<p>[\/et_pb_text][\/et_pb_column][\/et_pb_row][et_pb_row _builder_version=&#8220;4.27.5&#8243; _module_preset=&#8220;default&#8220; global_colors_info=&#8220;{}&#8220;][et_pb_column type=&#8220;4_4&#8243; _builder_version=&#8220;4.16&#8243; _module_preset=&#8220;default&#8220; global_colors_info=&#8220;{}&#8220;][et_pb_text _builder_version=&#8220;4.27.5&#8243; _module_preset=&#8220;default&#8220; text_font=&#8220;Poppins|800|||||||&#8220; text_text_color=&#8220;#FFFFFF&#8220; header_font=&#8220;Poppins|700|||||||&#8220; background_layout=&#8220;dark&#8220; header_text_shadow_style=&#8220;preset5&#8243; global_colors_info=&#8220;{}&#8220;]<\/p>\n<h1 style=\"text-align: center;\">MEHR ERFAHREN<\/h1>\n<p>[\/et_pb_text][\/et_pb_column][\/et_pb_row][et_pb_row column_structure=&#8220;1_2,1_2&#8243; use_custom_gutter=&#8220;on&#8220; make_equal=&#8220;on&#8220; _builder_version=&#8220;4.27.5&#8243; width=&#8220;100%&#8220; custom_margin=&#8220;-19px|auto|-33px|auto||&#8220; custom_padding=&#8220;0px||0px||false|false&#8220; global_colors_info=&#8220;{}&#8220;][et_pb_column type=&#8220;1_2&#8243; _builder_version=&#8220;4.16&#8243; _module_preset=&#8220;default&#8220; global_colors_info=&#8220;{}&#8220;][et_pb_text content_last_edited=&#8220;off|tablet&#8220; _builder_version=&#8220;4.27.5&#8243; _module_preset=&#8220;default&#8220; text_font=&#8220;Poppins|800|||||||&#8220; text_font_size=&#8220;17px&#8220; text_letter_spacing=&#8220;1px&#8220; text_line_height=&#8220;1.4em&#8220; header_font=&#8220;Noto Sans||||||||&#8220; header_2_font_size=&#8220;20px&#8220; header_2_line_height=&#8220;1.1em&#8220; header_3_font=&#8220;Istok Web|||on|||||&#8220; header_3_text_color=&#8220;#ffffff&#8220; header_3_font_size=&#8220;16px&#8220; header_3_line_height=&#8220;1.1em&#8220; background_color=&#8220;#73b8ce&#8220; text_orientation=&#8220;center&#8220; min_height=&#8220;100px&#8220; height=&#8220;%22425%22&#8243; custom_margin=&#8220;20px|20px|20px|20px|false|true&#8220; custom_margin_tablet=&#8220;0px|50px|20px||false|false&#8220; custom_margin_phone=&#8220;|0px||0px|false|false&#8220; custom_margin_last_edited=&#8220;on|desktop&#8220; custom_padding=&#8220;0px|0px|0px|0px|true|true&#8220; link_option_url=&#8220;https:\/\/masterplan-wissenschaft.de\/de\/masterplan\/&#8220; text_text_shadow_style=&#8220;preset5&#8243; border_radii=&#8220;on|15px|15px|15px|15px&#8220; box_shadow_style=&#8220;preset4&#8243; box_shadow_color=&#8220;#7CDA24&#8243; global_colors_info=&#8220;{}&#8220;]<\/p>\n<p>&nbsp;<\/p>\n<p style=\"text-align: center;\"><strong style=\"color: #ffffff; font-size: 16px; text-align: center; text-transform: uppercase;\">Masterplan Wissenschaft<\/strong><\/p>\n<p>[\/et_pb_text][\/et_pb_column][et_pb_column type=&#8220;1_2&#8243; _builder_version=&#8220;4.27.5&#8243; _module_preset=&#8220;default&#8220; global_colors_info=&#8220;{}&#8220;][et_pb_text content_last_edited=&#8220;off|tablet&#8220; _builder_version=&#8220;4.27.5&#8243; _module_preset=&#8220;default&#8220; text_font=&#8220;Poppins|800|||||||&#8220; text_font_size=&#8220;17px&#8220; text_letter_spacing=&#8220;1px&#8220; text_line_height=&#8220;1.4em&#8220; header_font=&#8220;Noto Sans||||||||&#8220; header_2_font_size=&#8220;20px&#8220; header_2_line_height=&#8220;1.1em&#8220; header_3_font=&#8220;Istok Web|||on|||||&#8220; header_3_text_color=&#8220;#ffffff&#8220; header_3_font_size=&#8220;16px&#8220; header_3_line_height=&#8220;1.1em&#8220; background_color=&#8220;#73b8ce&#8220; text_orientation=&#8220;center&#8220; width=&#8220;%22325%22&#8243; min_height=&#8220;100px&#8220; height=&#8220;%22425%22&#8243; custom_margin=&#8220;20px|20px|20px|20px|false|true&#8220; custom_margin_tablet=&#8220;0px|50px|20px||false|false&#8220; custom_margin_phone=&#8220;|0px||0px|false|false&#8220; custom_margin_last_edited=&#8220;on|desktop&#8220; custom_padding=&#8220;0px|0px|0px|0px|true|true&#8220; link_option_url=&#8220;https:\/\/masterplan-wissenschaft.de\/de\/innovationshauptstadt-dortmund\/&#8220; text_text_shadow_style=&#8220;preset5&#8243; border_radii=&#8220;on|15px|15px|15px|15px&#8220; box_shadow_style=&#8220;preset4&#8243; box_shadow_color=&#8220;#7CDA24&#8243; global_colors_info=&#8220;{}&#8220;]<\/p>\n<p>&nbsp;<\/p>\n<p style=\"text-align: center;\"><a href=\"https:\/\/masterplan-wissenschaft.de\/de\/?page_id=12794\"><strong style=\"color: #ffffff; font-size: 16px; text-align: center; text-transform: uppercase;\">Innovationshauptstadt <\/strong><\/a><a href=\"https:\/\/masterplan-wissenschaft.de\/de\/?page_id=12794\"><strong style=\"color: #ffffff; font-size: 16px; text-align: center; text-transform: uppercase;\">Dortmund<\/strong><\/a><\/p>\n<p style=\"text-align: center;\">[\/et_pb_text][\/et_pb_column][\/et_pb_row][\/et_pb_section]<\/p>\n","protected":false},"excerpt":{"rendered":"<p>Wissenschafts- und Technologiestandort DortmundDortmund hat sich innerhalb von 30 Jahren zu einer der f\u00fchrenden Forschungs- und Technologiemetropolen des Ruhrgebietes entwickelt. Die zahlreichen international renommierten universit\u00e4ren und au\u00dferuniversit\u00e4ren Forschungseinrichtungen und Initiativen aus den unterschiedlichsten Fachbereichen sichern den Fluss an neuen wissenschaftlichen Erkenntnissen und qualifizierten Nachwuchskr\u00e4ften. Dortmund ist ein junger Hochschulstandort. Viele Studierende profitieren vom gro\u00dfen und [&hellip;]<\/p>\n","protected":false},"author":9,"featured_media":0,"parent":0,"menu_order":0,"comment_status":"closed","ping_status":"closed","template":"","meta":{"_et_pb_use_builder":"on","_et_pb_old_content":"","_et_gb_content_width":"","inline_featured_image":false,"footnotes":""},"class_list":["post-12703","page","type-page","status-publish","hentry"],"yoast_head":"<!-- This site is optimized with the Yoast SEO plugin v27.3 - https:\/\/yoast.com\/product\/yoast-seo-wordpress\/ -->\n<title>\u00dcber uns - Dortmund<\/title>\n<meta name=\"robots\" content=\"index, follow, max-snippet:-1, max-image-preview:large, max-video-preview:-1\" \/>\n<link rel=\"canonical\" href=\"https:\/\/masterplan-wissenschaft.de\/en\/ueberuns\/\" \/>\n<meta property=\"og:locale\" content=\"en_GB\" \/>\n<meta property=\"og:type\" content=\"article\" \/>\n<meta property=\"og:title\" content=\"\u00dcber uns - Dortmund\" \/>\n<meta property=\"og:description\" content=\"Wissenschafts- und Technologiestandort DortmundDortmund hat sich innerhalb von 30 Jahren zu einer der f\u00fchrenden Forschungs- und Technologiemetropolen des Ruhrgebietes entwickelt. Die zahlreichen international renommierten universit\u00e4ren und au\u00dferuniversit\u00e4ren Forschungseinrichtungen und Initiativen aus den unterschiedlichsten Fachbereichen sichern den Fluss an neuen wissenschaftlichen Erkenntnissen und qualifizierten Nachwuchskr\u00e4ften. Dortmund ist ein junger Hochschulstandort. Viele Studierende profitieren vom gro\u00dfen und [&hellip;]\" \/>\n<meta property=\"og:url\" content=\"https:\/\/masterplan-wissenschaft.de\/en\/ueberuns\/\" \/>\n<meta property=\"og:site_name\" content=\"Dortmund\" \/>\n<meta property=\"article:modified_time\" content=\"2026-03-23T07:34:56+00:00\" \/>\n<meta name=\"twitter:card\" content=\"summary_large_image\" \/>\n<meta name=\"twitter:label1\" content=\"Estimated reading time\" \/>\n\t<meta name=\"twitter:data1\" content=\"1 minute\" \/>\n<script type=\"application\/ld+json\" class=\"yoast-schema-graph\">{\"@context\":\"https:\\\/\\\/schema.org\",\"@graph\":[{\"@type\":\"WebPage\",\"@id\":\"https:\\\/\\\/masterplan-wissenschaft.de\\\/ueberuns\\\/\",\"url\":\"https:\\\/\\\/masterplan-wissenschaft.de\\\/ueberuns\\\/\",\"name\":\"\u00dcber uns - Dortmund\",\"isPartOf\":{\"@id\":\"https:\\\/\\\/masterplan-wissenschaft.de\\\/de\\\/#website\"},\"datePublished\":\"2025-04-23T08:32:47+00:00\",\"dateModified\":\"2026-03-23T07:34:56+00:00\",\"breadcrumb\":{\"@id\":\"https:\\\/\\\/masterplan-wissenschaft.de\\\/ueberuns\\\/#breadcrumb\"},\"inLanguage\":\"en-GB\",\"potentialAction\":[{\"@type\":\"ReadAction\",\"target\":[\"https:\\\/\\\/masterplan-wissenschaft.de\\\/ueberuns\\\/\"]}]},{\"@type\":\"BreadcrumbList\",\"@id\":\"https:\\\/\\\/masterplan-wissenschaft.de\\\/ueberuns\\\/#breadcrumb\",\"itemListElement\":[{\"@type\":\"ListItem\",\"position\":1,\"name\":\"Startseite\",\"item\":\"https:\\\/\\\/masterplan-wissenschaft.de\\\/de\\\/\"},{\"@type\":\"ListItem\",\"position\":2,\"name\":\"\u00dcber uns\"}]},{\"@type\":\"WebSite\",\"@id\":\"https:\\\/\\\/masterplan-wissenschaft.de\\\/de\\\/#website\",\"url\":\"https:\\\/\\\/masterplan-wissenschaft.de\\\/de\\\/\",\"name\":\"Masterplan Wissenschaft\",\"description\":\"Masterplan Wissenschaft\",\"publisher\":{\"@id\":\"https:\\\/\\\/masterplan-wissenschaft.de\\\/de\\\/#organization\"},\"potentialAction\":[{\"@type\":\"SearchAction\",\"target\":{\"@type\":\"EntryPoint\",\"urlTemplate\":\"https:\\\/\\\/masterplan-wissenschaft.de\\\/de\\\/?s={search_term_string}\"},\"query-input\":{\"@type\":\"PropertyValueSpecification\",\"valueRequired\":true,\"valueName\":\"search_term_string\"}}],\"inLanguage\":\"en-GB\"},{\"@type\":\"Organization\",\"@id\":\"https:\\\/\\\/masterplan-wissenschaft.de\\\/de\\\/#organization\",\"name\":\"Stadt Dortmund\",\"url\":\"https:\\\/\\\/masterplan-wissenschaft.de\\\/de\\\/\",\"logo\":{\"@type\":\"ImageObject\",\"inLanguage\":\"en-GB\",\"@id\":\"https:\\\/\\\/masterplan-wissenschaft.de\\\/de\\\/#\\\/schema\\\/logo\\\/image\\\/\",\"url\":\"https:\\\/\\\/masterplan-wissenschaft.de\\\/wp-content\\\/uploads\\\/2025\\\/08\\\/DO_Masterplan-Wissenschaft.png\",\"contentUrl\":\"https:\\\/\\\/masterplan-wissenschaft.de\\\/wp-content\\\/uploads\\\/2025\\\/08\\\/DO_Masterplan-Wissenschaft.png\",\"width\":2976,\"height\":710,\"caption\":\"Stadt Dortmund\"},\"image\":{\"@id\":\"https:\\\/\\\/masterplan-wissenschaft.de\\\/de\\\/#\\\/schema\\\/logo\\\/image\\\/\"}}]}<\/script>\n<!-- \/ Yoast SEO plugin. -->","yoast_head_json":{"title":"\u00dcber uns - Dortmund","robots":{"index":"index","follow":"follow","max-snippet":"max-snippet:-1","max-image-preview":"max-image-preview:large","max-video-preview":"max-video-preview:-1"},"canonical":"https:\/\/masterplan-wissenschaft.de\/en\/ueberuns\/","og_locale":"en_GB","og_type":"article","og_title":"\u00dcber uns - Dortmund","og_description":"Wissenschafts- und Technologiestandort DortmundDortmund hat sich innerhalb von 30 Jahren zu einer der f\u00fchrenden Forschungs- und Technologiemetropolen des Ruhrgebietes entwickelt. Die zahlreichen international renommierten universit\u00e4ren und au\u00dferuniversit\u00e4ren Forschungseinrichtungen und Initiativen aus den unterschiedlichsten Fachbereichen sichern den Fluss an neuen wissenschaftlichen Erkenntnissen und qualifizierten Nachwuchskr\u00e4ften. Dortmund ist ein junger Hochschulstandort. Viele Studierende profitieren vom gro\u00dfen und [&hellip;]","og_url":"https:\/\/masterplan-wissenschaft.de\/en\/ueberuns\/","og_site_name":"Dortmund","article_modified_time":"2026-03-23T07:34:56+00:00","twitter_card":"summary_large_image","twitter_misc":{"Estimated reading time":"1 minute"},"schema":{"@context":"https:\/\/schema.org","@graph":[{"@type":"WebPage","@id":"https:\/\/masterplan-wissenschaft.de\/ueberuns\/","url":"https:\/\/masterplan-wissenschaft.de\/ueberuns\/","name":"\u00dcber uns - Dortmund","isPartOf":{"@id":"https:\/\/masterplan-wissenschaft.de\/de\/#website"},"datePublished":"2025-04-23T08:32:47+00:00","dateModified":"2026-03-23T07:34:56+00:00","breadcrumb":{"@id":"https:\/\/masterplan-wissenschaft.de\/ueberuns\/#breadcrumb"},"inLanguage":"en-GB","potentialAction":[{"@type":"ReadAction","target":["https:\/\/masterplan-wissenschaft.de\/ueberuns\/"]}]},{"@type":"BreadcrumbList","@id":"https:\/\/masterplan-wissenschaft.de\/ueberuns\/#breadcrumb","itemListElement":[{"@type":"ListItem","position":1,"name":"Startseite","item":"https:\/\/masterplan-wissenschaft.de\/de\/"},{"@type":"ListItem","position":2,"name":"\u00dcber uns"}]},{"@type":"WebSite","@id":"https:\/\/masterplan-wissenschaft.de\/de\/#website","url":"https:\/\/masterplan-wissenschaft.de\/de\/","name":"Masterplan Wissenschaft","description":"Masterplan Wissenschaft","publisher":{"@id":"https:\/\/masterplan-wissenschaft.de\/de\/#organization"},"potentialAction":[{"@type":"SearchAction","target":{"@type":"EntryPoint","urlTemplate":"https:\/\/masterplan-wissenschaft.de\/de\/?s={search_term_string}"},"query-input":{"@type":"PropertyValueSpecification","valueRequired":true,"valueName":"search_term_string"}}],"inLanguage":"en-GB"},{"@type":"Organization","@id":"https:\/\/masterplan-wissenschaft.de\/de\/#organization","name":"City of Dortmund","url":"https:\/\/masterplan-wissenschaft.de\/de\/","logo":{"@type":"ImageObject","inLanguage":"en-GB","@id":"https:\/\/masterplan-wissenschaft.de\/de\/#\/schema\/logo\/image\/","url":"https:\/\/masterplan-wissenschaft.de\/wp-content\/uploads\/2025\/08\/DO_Masterplan-Wissenschaft.png","contentUrl":"https:\/\/masterplan-wissenschaft.de\/wp-content\/uploads\/2025\/08\/DO_Masterplan-Wissenschaft.png","width":2976,"height":710,"caption":"Stadt Dortmund"},"image":{"@id":"https:\/\/masterplan-wissenschaft.de\/de\/#\/schema\/logo\/image\/"}}]}},"_links":{"self":[{"href":"https:\/\/masterplan-wissenschaft.de\/en\/wp-json\/wp\/v2\/pages\/12703","targetHints":{"allow":["GET"]}}],"collection":[{"href":"https:\/\/masterplan-wissenschaft.de\/en\/wp-json\/wp\/v2\/pages"}],"about":[{"href":"https:\/\/masterplan-wissenschaft.de\/en\/wp-json\/wp\/v2\/types\/page"}],"author":[{"embeddable":true,"href":"https:\/\/masterplan-wissenschaft.de\/en\/wp-json\/wp\/v2\/users\/9"}],"replies":[{"embeddable":true,"href":"https:\/\/masterplan-wissenschaft.de\/en\/wp-json\/wp\/v2\/comments?post=12703"}],"version-history":[{"count":32,"href":"https:\/\/masterplan-wissenschaft.de\/en\/wp-json\/wp\/v2\/pages\/12703\/revisions"}],"predecessor-version":[{"id":13917,"href":"https:\/\/masterplan-wissenschaft.de\/en\/wp-json\/wp\/v2\/pages\/12703\/revisions\/13917"}],"wp:attachment":[{"href":"https:\/\/masterplan-wissenschaft.de\/en\/wp-json\/wp\/v2\/media?parent=12703"}],"curies":[{"name":"wp","href":"https:\/\/api.w.org\/{rel}","templated":true}]}}