{"id":12815,"date":"2025-03-18T08:35:09","date_gmt":"2025-03-18T08:35:09","guid":{"rendered":"https:\/\/masterplan-wissenschaft.de\/?page_id=12815"},"modified":"2025-04-23T08:31:41","modified_gmt":"2025-04-23T08:31:41","slug":"stadt-nach-acht","status":"publish","type":"page","link":"https:\/\/masterplan-wissenschaft.de\/en\/stadt-nach-acht\/","title":{"rendered":"Stadt nach Acht"},"content":{"rendered":"<p>[et_pb_section fb_built=&#8220;1&#8243; admin_label=&#8220;Header&#8220; _builder_version=&#8220;4.16&#8243; use_background_color_gradient=&#8220;on&#8220; background_color_gradient_start=&#8220;#00132e&#8220; background_color_gradient_end=&#8220;rgba(0,19,46,0.3)&#8220; background_color_gradient_end_position=&#8220;70%&#8220; background_color_gradient_overlays_image=&#8220;on&#8220; background_image=&#8220;https:\/\/masterplan-wissenschaft.de\/wp-content\/uploads\/2020\/07\/Masterplan_Wissenschaft_Atome_schwarz.jpg&#8220; background_position=&#8220;bottom_center&#8220; custom_padding=&#8220;130px|40px|276px|40px|false|true&#8220; locked=&#8220;off&#8220; global_colors_info=&#8220;{}&#8220;][et_pb_row _builder_version=&#8220;4.16&#8243; width_tablet=&#8220;100%&#8220; width_phone=&#8220;&#8220; width_last_edited=&#8220;on|tablet&#8220; custom_margin=&#8220;-2px|auto|60px|auto||&#8220; custom_padding=&#8220;0px||0px|||&#8220; global_colors_info=&#8220;{}&#8220;][et_pb_column type=&#8220;4_4&#8243; _builder_version=&#8220;4.16&#8243; global_colors_info=&#8220;{}&#8220;][et_pb_text _builder_version=&#8220;4.9.4&#8243; text_font_size=&#8220;6px&#8220; header_font=&#8220;Istok Web|700|||||||&#8220; header_font_size=&#8220;50px&#8220; background_layout=&#8220;dark&#8220; max_width=&#8220;1026px&#8220; custom_margin=&#8220;||||false|false&#8220; custom_padding=&#8220;||0px|||&#8220; header_font_size_tablet=&#8220;70px&#8220; header_font_size_phone=&#8220;28px&#8220; header_font_size_last_edited=&#8220;on|phone&#8220; global_colors_info=&#8220;{}&#8220;]<\/p>\n<h1 class=\"mb_sx\">Stadt Nach Acht<\/h1>\n<p>[\/et_pb_text][\/et_pb_column][\/et_pb_row][et_pb_row _builder_version=&#8220;4.9.4&#8243; _module_preset=&#8220;default&#8220; column_structure=&#8220;2_3,1_3&#8243;][et_pb_column _builder_version=&#8220;4.9.4&#8243; _module_preset=&#8220;default&#8220; type=&#8220;2_3&#8243;][et_pb_blurb image=&#8220;https:\/\/masterplan-wissenschaft.de\/wp-content\/uploads\/2025\/02\/03_Stadt_nach_Acht_Eroeffnung_Roland_Gorecki_DetailGross_XS_MD_LG.jpg&#8220; content_max_width=&#8220;1100px&#8220; _builder_version=&#8220;4.9.4&#8243; _module_preset=&#8220;default&#8220; max_width=&#8220;100%&#8220; border_radii=&#8220;on|20px|20px|20px|20px&#8220; border_radii_image=&#8220;on|20px|20px|20px|20px&#8220;][\/et_pb_blurb][\/et_pb_column][et_pb_column _builder_version=&#8220;4.9.4&#8243; _module_preset=&#8220;default&#8220; type=&#8220;1_3&#8243;][\/et_pb_column][\/et_pb_row][et_pb_row column_structure=&#8220;2_3,1_3&#8243; _builder_version=&#8220;4.9.4&#8243; _module_preset=&#8220;default&#8220; hover_enabled=&#8220;0&#8243; sticky_enabled=&#8220;0&#8243;][et_pb_column type=&#8220;2_3&#8243; _builder_version=&#8220;4.9.4&#8243; _module_preset=&#8220;default&#8220;][et_pb_text _builder_version=&#8220;4.9.4&#8243; _module_preset=&#8220;default&#8220; text_font=&#8220;||||||||&#8220; text_text_color=&#8220;#FFFFFF&#8220; text_font_size=&#8220;15px&#8220; header_text_color=&#8220;#FFFFFF&#8220; min_height=&#8220;21.2px&#8220;]<\/p>\n<p>Innovative Ans\u00e4tze im Bereich der Nachtkultur, \u2013 \u00f6konomie, und \u2013 sicherheit in der Stadtentwicklung entwickeln. Darum und um vieles mehr geht es bei der internationalen Nachtleben-Konferenz STADT NACH ACHT.<\/p>\n<p>Dortmund richtete zusammen mit der<span>\u00a0<\/span><a href=\"https:\/\/www.livekomm.org\/\" target=\"_blank\" rel=\"noopener\">Livekomm<\/a><span>\u00a0<\/span>die STADT NACH ACHT am 1. und 2. September 2022 aus. Bislang fand die international geachtete Konferenz in Berlin statt. Ein weiteres Novum: In Dortmund sa\u00dfen nun erstmals auch Vertreter*innen von Wirtschaftsf\u00f6rderung, Ordnungsamt und Polizei mit am Tisch.<\/p>\n<p>Schirmherr Oberb\u00fcrgermeister Thomas Westphal er\u00f6ffnete die Konferenz und lobte den Austausch mit der Verwaltung: \u201eWir wollen zusammen das Nachtleben voranbringen.\u201c Dortmund sei die Stadt des Netzwerkens und bringe alle Beteiligten zusammen. \u201eBeim Austausch \u00fcber die Perspektiven des Nachtlebens gilt es auch, voneinander zu lernen\u201c, so der OB.<\/p>\n<p>Als Gro\u00dfstadt der Nachbarn sei es f\u00fcr Dortmund wichtig, auch in dem Bereich attraktiver zu werden und sich international auszutauschen. Zugleich solle die Stadt nicht \u201eihre DNA\u201c vergessen \u2013 Nachbarschaft bedeute N\u00e4he, Vertrauen und Zusammenarbeit.<\/p>\n<p>Damit spielte Westphal auch auf das Thema Sicherheit an, das in Dortmund neuerdings auch durch die \u201eDortmund Guides\u201c angegangen wird.<a class=\"linkIntern\" title=\"Nachricht: Freizeit - Nachtleben im Stadtraum: &quot;Dortmund Guides&quot; kommunizieren zwischen Nachtschw\u00e4rmer*innen und Anwohner*innen\" href=\"https:\/\/www.dortmund.de\/de\/leben_in_dortmund\/nachrichtenportal\/alle_nachrichten\/nachricht.jsp?nid=705167\">\u00a0\u00a0Die \u201eGuides\u201c k\u00f6nnen den Zustrom an belebten Orten in der City \u2013 wie etwa der M\u00f6llerbr\u00fccke \u2013 regeln, deskalierend wirken und haben zudem einen kurzen Draht zu den Ordnungsbeh\u00f6rden, sollte eine Situation au\u00dfer Kontrolle geraten.<\/a><\/p>\n<p>NRW-Kulturstaatssekret\u00e4rin Gonca T\u00fcrkeli-Dehnert war ebenfalls anwesend und \u00e4u\u00dferte sich zum Thema Clubszene und Livemusik. Es finde ein Generationenwechsel in der Verwaltung statt und daher sei heute viel mehr als in vergangenen Jahrzehnten klar, dass zu Kultur nicht nur Museen und Theater geh\u00f6rten. \u201eWir haben im Blick, dass Clubs und Livemusik zur Kulturlandschaft dazugeh\u00f6ren.\u201c T\u00fcrkeli-Dehnert stellte die Bedeutung der Vernetzung der Szene heraus, die so organisiert ein besserer Ansprechpartner f\u00fcr die Politik sei.<\/p>\n<p>Der Dortmunder Nachtbeauftragte Chris Stemann erg\u00e4nzte, bei allen Beteiligten m\u00fcssten \u201edie Ber\u00fchrungs\u00e4ngste weiter abgebaut werden\u201c.<\/p>\n<h3><span style=\"color: #ffffff;\">Neue St\u00e4rke<\/span><\/h3>\n<p>Dortmund hat mit dem Wirtschaftsprogramm\u00a0<a href=\"https:\/\/www.wirtschaftsfoerderung-dortmund.de\/neue-starke#:~:text=Ziel%20ist%2C%20die%20durch%20die,St%C3%A4rke%20zus%C3%A4tzliche%20Mittel%20zur%20Verf%C3%BCgung.\" target=\"_blank\" rel=\"noopener\">\u201eNeue St\u00e4rke\u201c<\/a>\u00a0unter dem Eindruck der einschneidenden Covid-Pandemie eine neue Strategie zum Umgang mit den Herausforderungen und den Chancen eines attraktiven Nachtlebens und seiner Kultur- und Kreativwirtschaft ins Auge genommen.<\/p>\n<h3><span style=\"color: #ffffff;\"><strong>Internationale Netzwerke f\u00f6rdern<\/strong><\/span><\/h3>\n<p>Die internationalen Netzwerke der \u201eStadt nach Acht\u201c der Stadt und der Region im Bereich Nightlife und Clubkultur national wie international wurde mehr Sichtbarkeit verschafft und die M\u00f6glichkeit geboten, den Austausch auf allen Ebenen zu intensivieren. Dortmund hat dabei Themen und Initiativen eingebracht wie die Clubkultur-Ausstellung im U oder den Nachtbeauftragten als zentrale Ansprechperson zwischen Veranstaltungswirtschaft, Subkultur, K\u00fcnstler*innen und Politik und Bev\u00f6lkerung.<\/p>\n<p>[\/et_pb_text][\/et_pb_column][et_pb_column type=&#8220;1_3&#8243; _builder_version=&#8220;4.9.4&#8243; _module_preset=&#8220;default&#8220;][\/et_pb_column][\/et_pb_row][et_pb_row _builder_version=&#8220;4.9.4&#8243; _module_preset=&#8220;default&#8220; custom_margin=&#8220;|auto|25px|auto||&#8220;][et_pb_column type=&#8220;4_4&#8243; _builder_version=&#8220;4.9.4&#8243; _module_preset=&#8220;default&#8220;][\/et_pb_column][\/et_pb_row][\/et_pb_section]<\/p>\n","protected":false},"excerpt":{"rendered":"<p>Stadt Nach AchtInnovative Ans\u00e4tze im Bereich der Nachtkultur, \u2013 \u00f6konomie, und \u2013 sicherheit in der Stadtentwicklung entwickeln. Darum und um vieles mehr geht es bei der internationalen Nachtleben-Konferenz STADT NACH ACHT. Dortmund richtete zusammen mit der\u00a0Livekomm\u00a0die STADT NACH ACHT am 1. und 2. September 2022 aus. Bislang fand die international geachtete Konferenz in Berlin statt. [&hellip;]<\/p>\n","protected":false},"author":9,"featured_media":0,"parent":0,"menu_order":0,"comment_status":"closed","ping_status":"closed","template":"","meta":{"_et_pb_use_builder":"on","_et_pb_old_content":"","_et_gb_content_width":"","inline_featured_image":false,"footnotes":""},"class_list":["post-12815","page","type-page","status-publish","hentry"],"yoast_head":"<!-- This site is optimized with the Yoast SEO plugin v27.3 - https:\/\/yoast.com\/product\/yoast-seo-wordpress\/ -->\n<title>Stadt nach Acht - Dortmund<\/title>\n<meta name=\"robots\" content=\"index, follow, max-snippet:-1, max-image-preview:large, max-video-preview:-1\" \/>\n<link rel=\"canonical\" href=\"https:\/\/masterplan-wissenschaft.de\/en\/stadt-nach-acht\/\" \/>\n<meta property=\"og:locale\" content=\"en_GB\" \/>\n<meta property=\"og:type\" content=\"article\" \/>\n<meta property=\"og:title\" content=\"Stadt nach Acht - Dortmund\" \/>\n<meta property=\"og:description\" content=\"Stadt Nach AchtInnovative Ans\u00e4tze im Bereich der Nachtkultur, \u2013 \u00f6konomie, und \u2013 sicherheit in der Stadtentwicklung entwickeln. Darum und um vieles mehr geht es bei der internationalen Nachtleben-Konferenz STADT NACH ACHT. Dortmund richtete zusammen mit der\u00a0Livekomm\u00a0die STADT NACH ACHT am 1. und 2. September 2022 aus. Bislang fand die international geachtete Konferenz in Berlin statt. [&hellip;]\" \/>\n<meta property=\"og:url\" content=\"https:\/\/masterplan-wissenschaft.de\/en\/stadt-nach-acht\/\" \/>\n<meta property=\"og:site_name\" content=\"Dortmund\" \/>\n<meta property=\"article:modified_time\" content=\"2025-04-23T08:31:41+00:00\" \/>\n<meta name=\"twitter:card\" content=\"summary_large_image\" \/>\n<meta name=\"twitter:label1\" content=\"Estimated reading time\" \/>\n\t<meta name=\"twitter:data1\" content=\"4 minutes\" \/>\n<script type=\"application\/ld+json\" class=\"yoast-schema-graph\">{\"@context\":\"https:\\\/\\\/schema.org\",\"@graph\":[{\"@type\":\"WebPage\",\"@id\":\"https:\\\/\\\/masterplan-wissenschaft.de\\\/stadt-nach-acht\\\/\",\"url\":\"https:\\\/\\\/masterplan-wissenschaft.de\\\/stadt-nach-acht\\\/\",\"name\":\"Stadt nach Acht - Dortmund\",\"isPartOf\":{\"@id\":\"https:\\\/\\\/masterplan-wissenschaft.de\\\/de\\\/#website\"},\"datePublished\":\"2025-03-18T08:35:09+00:00\",\"dateModified\":\"2025-04-23T08:31:41+00:00\",\"breadcrumb\":{\"@id\":\"https:\\\/\\\/masterplan-wissenschaft.de\\\/stadt-nach-acht\\\/#breadcrumb\"},\"inLanguage\":\"en-GB\",\"potentialAction\":[{\"@type\":\"ReadAction\",\"target\":[\"https:\\\/\\\/masterplan-wissenschaft.de\\\/stadt-nach-acht\\\/\"]}]},{\"@type\":\"BreadcrumbList\",\"@id\":\"https:\\\/\\\/masterplan-wissenschaft.de\\\/stadt-nach-acht\\\/#breadcrumb\",\"itemListElement\":[{\"@type\":\"ListItem\",\"position\":1,\"name\":\"Startseite\",\"item\":\"https:\\\/\\\/masterplan-wissenschaft.de\\\/de\\\/\"},{\"@type\":\"ListItem\",\"position\":2,\"name\":\"Stadt nach Acht\"}]},{\"@type\":\"WebSite\",\"@id\":\"https:\\\/\\\/masterplan-wissenschaft.de\\\/de\\\/#website\",\"url\":\"https:\\\/\\\/masterplan-wissenschaft.de\\\/de\\\/\",\"name\":\"Masterplan Wissenschaft\",\"description\":\"Masterplan Wissenschaft\",\"publisher\":{\"@id\":\"https:\\\/\\\/masterplan-wissenschaft.de\\\/de\\\/#organization\"},\"potentialAction\":[{\"@type\":\"SearchAction\",\"target\":{\"@type\":\"EntryPoint\",\"urlTemplate\":\"https:\\\/\\\/masterplan-wissenschaft.de\\\/de\\\/?s={search_term_string}\"},\"query-input\":{\"@type\":\"PropertyValueSpecification\",\"valueRequired\":true,\"valueName\":\"search_term_string\"}}],\"inLanguage\":\"en-GB\"},{\"@type\":\"Organization\",\"@id\":\"https:\\\/\\\/masterplan-wissenschaft.de\\\/de\\\/#organization\",\"name\":\"Stadt Dortmund\",\"url\":\"https:\\\/\\\/masterplan-wissenschaft.de\\\/de\\\/\",\"logo\":{\"@type\":\"ImageObject\",\"inLanguage\":\"en-GB\",\"@id\":\"https:\\\/\\\/masterplan-wissenschaft.de\\\/de\\\/#\\\/schema\\\/logo\\\/image\\\/\",\"url\":\"https:\\\/\\\/masterplan-wissenschaft.de\\\/wp-content\\\/uploads\\\/2025\\\/08\\\/DO_Masterplan-Wissenschaft.png\",\"contentUrl\":\"https:\\\/\\\/masterplan-wissenschaft.de\\\/wp-content\\\/uploads\\\/2025\\\/08\\\/DO_Masterplan-Wissenschaft.png\",\"width\":2976,\"height\":710,\"caption\":\"Stadt Dortmund\"},\"image\":{\"@id\":\"https:\\\/\\\/masterplan-wissenschaft.de\\\/de\\\/#\\\/schema\\\/logo\\\/image\\\/\"}}]}<\/script>\n<!-- \/ Yoast SEO plugin. -->","yoast_head_json":{"title":"Stadt nach Acht - Dortmund","robots":{"index":"index","follow":"follow","max-snippet":"max-snippet:-1","max-image-preview":"max-image-preview:large","max-video-preview":"max-video-preview:-1"},"canonical":"https:\/\/masterplan-wissenschaft.de\/en\/stadt-nach-acht\/","og_locale":"en_GB","og_type":"article","og_title":"Stadt nach Acht - Dortmund","og_description":"Stadt Nach AchtInnovative Ans\u00e4tze im Bereich der Nachtkultur, \u2013 \u00f6konomie, und \u2013 sicherheit in der Stadtentwicklung entwickeln. Darum und um vieles mehr geht es bei der internationalen Nachtleben-Konferenz STADT NACH ACHT. Dortmund richtete zusammen mit der\u00a0Livekomm\u00a0die STADT NACH ACHT am 1. und 2. September 2022 aus. Bislang fand die international geachtete Konferenz in Berlin statt. [&hellip;]","og_url":"https:\/\/masterplan-wissenschaft.de\/en\/stadt-nach-acht\/","og_site_name":"Dortmund","article_modified_time":"2025-04-23T08:31:41+00:00","twitter_card":"summary_large_image","twitter_misc":{"Estimated reading time":"4 minutes"},"schema":{"@context":"https:\/\/schema.org","@graph":[{"@type":"WebPage","@id":"https:\/\/masterplan-wissenschaft.de\/stadt-nach-acht\/","url":"https:\/\/masterplan-wissenschaft.de\/stadt-nach-acht\/","name":"Stadt nach Acht - Dortmund","isPartOf":{"@id":"https:\/\/masterplan-wissenschaft.de\/de\/#website"},"datePublished":"2025-03-18T08:35:09+00:00","dateModified":"2025-04-23T08:31:41+00:00","breadcrumb":{"@id":"https:\/\/masterplan-wissenschaft.de\/stadt-nach-acht\/#breadcrumb"},"inLanguage":"en-GB","potentialAction":[{"@type":"ReadAction","target":["https:\/\/masterplan-wissenschaft.de\/stadt-nach-acht\/"]}]},{"@type":"BreadcrumbList","@id":"https:\/\/masterplan-wissenschaft.de\/stadt-nach-acht\/#breadcrumb","itemListElement":[{"@type":"ListItem","position":1,"name":"Startseite","item":"https:\/\/masterplan-wissenschaft.de\/de\/"},{"@type":"ListItem","position":2,"name":"Stadt nach Acht"}]},{"@type":"WebSite","@id":"https:\/\/masterplan-wissenschaft.de\/de\/#website","url":"https:\/\/masterplan-wissenschaft.de\/de\/","name":"Masterplan Wissenschaft","description":"Masterplan Wissenschaft","publisher":{"@id":"https:\/\/masterplan-wissenschaft.de\/de\/#organization"},"potentialAction":[{"@type":"SearchAction","target":{"@type":"EntryPoint","urlTemplate":"https:\/\/masterplan-wissenschaft.de\/de\/?s={search_term_string}"},"query-input":{"@type":"PropertyValueSpecification","valueRequired":true,"valueName":"search_term_string"}}],"inLanguage":"en-GB"},{"@type":"Organization","@id":"https:\/\/masterplan-wissenschaft.de\/de\/#organization","name":"City of Dortmund","url":"https:\/\/masterplan-wissenschaft.de\/de\/","logo":{"@type":"ImageObject","inLanguage":"en-GB","@id":"https:\/\/masterplan-wissenschaft.de\/de\/#\/schema\/logo\/image\/","url":"https:\/\/masterplan-wissenschaft.de\/wp-content\/uploads\/2025\/08\/DO_Masterplan-Wissenschaft.png","contentUrl":"https:\/\/masterplan-wissenschaft.de\/wp-content\/uploads\/2025\/08\/DO_Masterplan-Wissenschaft.png","width":2976,"height":710,"caption":"Stadt Dortmund"},"image":{"@id":"https:\/\/masterplan-wissenschaft.de\/de\/#\/schema\/logo\/image\/"}}]}},"_links":{"self":[{"href":"https:\/\/masterplan-wissenschaft.de\/en\/wp-json\/wp\/v2\/pages\/12815","targetHints":{"allow":["GET"]}}],"collection":[{"href":"https:\/\/masterplan-wissenschaft.de\/en\/wp-json\/wp\/v2\/pages"}],"about":[{"href":"https:\/\/masterplan-wissenschaft.de\/en\/wp-json\/wp\/v2\/types\/page"}],"author":[{"embeddable":true,"href":"https:\/\/masterplan-wissenschaft.de\/en\/wp-json\/wp\/v2\/users\/9"}],"replies":[{"embeddable":true,"href":"https:\/\/masterplan-wissenschaft.de\/en\/wp-json\/wp\/v2\/comments?post=12815"}],"version-history":[{"count":4,"href":"https:\/\/masterplan-wissenschaft.de\/en\/wp-json\/wp\/v2\/pages\/12815\/revisions"}],"predecessor-version":[{"id":13009,"href":"https:\/\/masterplan-wissenschaft.de\/en\/wp-json\/wp\/v2\/pages\/12815\/revisions\/13009"}],"wp:attachment":[{"href":"https:\/\/masterplan-wissenschaft.de\/en\/wp-json\/wp\/v2\/media?parent=12815"}],"curies":[{"name":"wp","href":"https:\/\/api.w.org\/{rel}","templated":true}]}}