{"id":13521,"date":"2025-11-12T13:35:19","date_gmt":"2025-11-12T13:35:19","guid":{"rendered":"https:\/\/masterplan-wissenschaft.de\/?page_id=13521"},"modified":"2025-11-12T15:29:26","modified_gmt":"2025-11-12T15:29:26","slug":"welcome-reception-2025","status":"publish","type":"page","link":"https:\/\/masterplan-wissenschaft.de\/en\/welcome-reception-2025\/","title":{"rendered":"Welcome Reception 2025"},"content":{"rendered":"<p>[et_pb_section fb_built=&#8220;1&#8243; module_id=&#8220;exzellenz-vernetzung&#8220; _builder_version=&#8220;4.9.4&#8243; _module_preset=&#8220;default&#8220; background_color=&#8220;#000000&#8243; use_background_color_gradient=&#8220;on&#8220; background_color_gradient_start=&#8220;rgba(0,19,46,0.85)&#8220; background_color_gradient_end=&#8220;rgba(0,19,46,0.85)&#8220; background_color_gradient_overlays_image=&#8220;on&#8220; background_image=&#8220;https:\/\/masterplan-wissenschaft.de\/wp-content\/uploads\/2021\/02\/Stadt-Dortmund_Atomgrafik_v2_2021_lay1_freigest_randlos.png&#8220; background_size=&#8220;initial&#8220; background_position=&#8220;center_right&#8220; custom_padding=&#8220;129px||43px||false|false&#8220; global_colors_info=&#8220;{}&#8220;][et_pb_row _builder_version=&#8220;4.16&#8243; _module_preset=&#8220;default&#8220; custom_padding=&#8220;0px||0px|||&#8220; hover_enabled=&#8220;0&#8243; global_colors_info=&#8220;{}&#8220; sticky_enabled=&#8220;0&#8243;][et_pb_column type=&#8220;4_4&#8243; _builder_version=&#8220;4.16&#8243; _module_preset=&#8220;default&#8220; global_colors_info=&#8220;{}&#8220;][et_pb_text content_tablet=&#8220;<\/p>\n<div class=%22wpb_text_column wpb_content_element %22>\n<div class=%22wpb_wrapper%22>\n<h1 class=%22p1%22><b>Mitmachen<\/b><\/h1>\n<\/div>\n<\/div>\n<p>&#8220; content_phone=&#8220;<\/p>\n<div class=%22wpb_text_column wpb_content_element %22>\n<div class=%22wpb_wrapper%22>\n<h1 class=%22p1%22><b>Mitmachen<\/b><\/h1>\n<\/div>\n<\/div>\n<p>&#8220; content_last_edited=&#8220;on|desktop&#8220; _builder_version=&#8220;4.9.4&#8243; _module_preset=&#8220;default&#8220; text_font=&#8220;Istok Web||||||||&#8220; text_text_color=&#8220;#FFFFFF&#8220; text_font_size=&#8220;16px&#8220; header_font=&#8220;Istok Web|700||on|||||&#8220; header_text_color=&#8220;#FFFFFF&#8220; header_font_size=&#8220;50px&#8220; header_line_height=&#8220;1.2em&#8220; header_2_text_color=&#8220;#000000&#8243; header_2_font_size=&#8220;50px&#8220; header_2_line_height=&#8220;1.2em&#8220; header_3_font=&#8220;|||on|||||&#8220; header_3_text_color=&#8220;#FFFFFF&#8220; header_3_font_size=&#8220;30px&#8220; header_4_font_size=&#8220;50px&#8220; header_5_font_size=&#8220;50px&#8220; header_6_font_size=&#8220;50px&#8220; custom_padding=&#8220;0px|20px|0px|20px|false|false&#8220; custom_padding_tablet=&#8220;&#8220; custom_padding_phone=&#8220;0px|0px|0px|0px|false|true&#8220; custom_padding_last_edited=&#8220;on|phone&#8220; hover_enabled=&#8220;0&#8243; text_font_size_tablet=&#8220;&#8220; text_font_size_phone=&#8220;15px&#8220; text_font_size_last_edited=&#8220;on|phone&#8220; header_font_size_tablet=&#8220;70px&#8220; header_font_size_phone=&#8220;28px&#8220; header_font_size_last_edited=&#8220;on|phone&#8220; header_2_font_size_tablet=&#8220;70px&#8220; header_2_font_size_phone=&#8220;28px&#8220; header_2_font_size_last_edited=&#8220;on|phone&#8220; header_3_font_size_tablet=&#8220;70px&#8220; header_3_font_size_phone=&#8220;28px&#8220; header_3_font_size_last_edited=&#8220;on|phone&#8220; header_4_font_size_tablet=&#8220;70px&#8220; header_4_font_size_phone=&#8220;28px&#8220; header_4_font_size_last_edited=&#8220;on|phone&#8220; header_5_font_size_tablet=&#8220;70px&#8220; header_5_font_size_phone=&#8220;28px&#8220; header_5_font_size_last_edited=&#8220;on|phone&#8220; header_6_font_size_tablet=&#8220;70px&#8220; header_6_font_size_phone=&#8220;28px&#8220; header_6_font_size_last_edited=&#8220;on|phone&#8220; global_colors_info=&#8220;{}&#8220; custom_margin=&#8220;-1px|||||&#8220; sticky_enabled=&#8220;0&#8243;]<\/p>\n<div class=\"wpb_text_column wpb_content_element \">\n<h3 class=\"wpb_wrapper\"><b>welcome to dortmund!<\/b><\/h3>\n<h3 class=\"wpb_wrapper\"><b style=\"font-size: 50px;\">ERSTE WELCOME <\/b><b style=\"font-size: 50px;\">RECEPTION <\/b><\/h3>\n<h3 class=\"wpb_wrapper\"><b style=\"font-size: 50px;\">WAR ein GROSSER ERFOLG<\/b><\/h3>\n<\/div>\n<p>[\/et_pb_text][et_pb_text _builder_version=&#8220;4.9.4&#8243; _module_preset=&#8220;default&#8220; custom_padding=&#8220;8px|||||&#8220; global_colors_info=&#8220;{}&#8220; min_height=&#8220;39.8px&#8220;][\/et_pb_text][et_pb_text _builder_version=&#8220;4.9.4&#8243; _module_preset=&#8220;default&#8220; text_font=&#8220;||||||||&#8220; header_text_color=&#8220;#FFFFFF&#8220; min_height=&#8220;21.2px&#8220; hover_enabled=&#8220;0&#8243; sticky_enabled=&#8220;0&#8243;]<\/p>\n<h3 class=\"et_pb_toggle_title\"><span style=\"color: #ffffff;\">30.10.2025 | Dortmunder Rathaus\u00a0<\/span><\/h3>\n<p>[\/et_pb_text][\/et_pb_column][\/et_pb_row][et_pb_row _builder_version=&#8220;4.9.4&#8243; _module_preset=&#8220;default&#8220; hover_enabled=&#8220;0&#8243; sticky_enabled=&#8220;0&#8243;][et_pb_column type=&#8220;4_4&#8243; _builder_version=&#8220;4.9.4&#8243; _module_preset=&#8220;default&#8220;][et_pb_gallery gallery_ids=&#8220;13526,13527,13539,13528,13537&#8243; show_title_and_caption=&#8220;off&#8220; show_pagination=&#8220;off&#8220; _builder_version=&#8220;4.9.4&#8243; _module_preset=&#8220;default&#8220; hover_enabled=&#8220;0&#8243; border_radii=&#8220;on|10px|10px|10px|10px&#8220; sticky_enabled=&#8220;0&#8243;][\/et_pb_gallery][\/et_pb_column][\/et_pb_row][et_pb_row _builder_version=&#8220;4.9.4&#8243; _module_preset=&#8220;default&#8220; custom_margin=&#8220;|auto||306px||&#8220; custom_padding=&#8220;|||0px||&#8220; hover_enabled=&#8220;0&#8243; sticky_enabled=&#8220;0&#8243;][et_pb_column type=&#8220;4_4&#8243; _builder_version=&#8220;4.9.4&#8243; _module_preset=&#8220;default&#8220;][et_pb_text content_tablet=&#8220;<\/p>\n<h1>Dortmunder U und Vorplatz<\/h1>\n<p>&#8220; content_phone=&#8220;<\/p>\n<h1>Dortmunder U und Vorplatz<\/h1>\n<p>&#8220; content_last_edited=&#8220;on|phone&#8220; _builder_version=&#8220;4.9.4&#8243; header_font=&#8220;Istok Web|700|||||||&#8220; header_font_size=&#8220;50px&#8220; background_layout=&#8220;dark&#8220; max_width=&#8220;760px&#8220; custom_margin=&#8220;||||false|false&#8220; hover_enabled=&#8220;0&#8243; header_font_size_tablet=&#8220;43px&#8220; header_font_size_phone=&#8220;31px&#8220; header_font_size_last_edited=&#8220;on|phone&#8220; sticky_enabled=&#8220;0&#8243;]<\/p>\n<h2>&#8222;So sch\u00f6n wurden wir noch von keiner Stadt empfangen.&#8220;<\/h2>\n<p>[\/et_pb_text][et_pb_text _builder_version=&#8220;4.9.4&#8243; _module_preset=&#8220;default&#8220; text_font=&#8220;||||||||&#8220; text_text_color=&#8220;#FFFFFF&#8220; text_font_size=&#8220;15px&#8220; header_text_color=&#8220;#FFFFFF&#8220; min_height=&#8220;21.2px&#8220; hover_enabled=&#8220;0&#8243; sticky_enabled=&#8220;0&#8243;]<\/p>\n<p>Die Welcome Reception ist ein Konzept, das im Rahmen des Dortmunder Masterplans Wissenschaft 2.0 entwickelt wurde. Am 30.10. feierte das Event seine Premiere. Etwa hundert Forschende aus dem internationalen Ausland folgten der Einladung und kamen zum Empfang ins Dortmunder Rathaus.<br \/>Die gef\u00fchrten Touren in englischer Sprache hinter die Kulissen der Stadt und des Schauspiels kamen bei den Teilnehmenden so gut an, dass das Eis schnell gebrochen war. So f\u00fchrte z.B. der Gesch\u00e4ftsf\u00fchrende Direktor des Theaters Dortmund, Tobias Ehinger, die G\u00e4ste durch die R\u00e4umlichkeiten des Schauspielhauses.<\/p>\n<p>In lockerer Atmosph\u00e4re kamen Menschen aus \u00fcber 25 L\u00e4ndern problemlos miteinander ins Gespr\u00e4ch. Aus allen Teilen der Welt, darunter z.B. S\u00fcdafrika, Sri Lanka, die Ukraine und USA oder Brasilien &#8211; die Wissenschaft war der Social Glue f\u00fcr ein gelungenes Meet &amp; Greet. Seitens der Stadt hie\u00df die stellvertretende B\u00fcrgermeisterin Ute Mais die G\u00e4ste herzlich willkommen. Unter dem Motto &#8222;Dortmund for Beginners&#8220; gaben die Wissenschaftsreferentin Angela M\u00e4rtin und Sabrina Heix von der Welcome Agency der Dortmunder Wirtschaftsf\u00f6rderung bildreiche Einblicke in die Dortmunder Geschichte, Wirtschaft und Kultur.<\/p>\n<p>Beteiligt hatten sich Wissenschaftler:innen von mehreren Dortmunder Hochschulen und Forschungseinrichtungen, insbesondere TU Dortmund und FH Dortmund, Max-Planck-Institut f\u00fcr molekulare Physiologie, das Leibniz-Institut f\u00fcr analytische Wissenschaften ISAS e.V. und das IfADo, Leibniz-Institut f\u00fcr Arbeitsforschung.<\/p>\n<p>Ein weiteres Highlight war sicher auch die musikalische Unterst\u00fctzung von Dortmund Musik. Teresa Lorscheider und Guido Pyka sorgten mit ihrer akustischen Interpretation der BVB-Hymne &#8222;You&#8217;ll Never Walk Alone&#8220; f\u00fcr Begeisterung mit G\u00e4nsehaut. &#8222;So sind wir noch in keiner Stadt willkommen gehei\u00dfen worden&#8220;, lobte eine Teilnehmerin das Dortmunder Format, das so auf eine Fortsetzung hoffen l\u00e4sst.<\/p>\n<p><span data-teams=\"true\">\u00a0<\/span><span data-teams=\"true\"><\/span><\/p>\n<p>[\/et_pb_text][\/et_pb_column][\/et_pb_row][et_pb_row column_structure=&#8220;1_2,1_2&#8243; use_custom_gutter=&#8220;on&#8220; gutter_width=&#8220;2&#8243; custom_padding_last_edited=&#8220;on|phone&#8220; _builder_version=&#8220;4.22.2&#8243; _module_preset=&#8220;default&#8220; custom_padding=&#8220;0px|20px||20px|false|true&#8220; custom_padding_tablet=&#8220;&#8220; custom_padding_phone=&#8220;0px|0px||0px|false|true&#8220; global_colors_info=&#8220;{}&#8220;][et_pb_column type=&#8220;1_2&#8243; _builder_version=&#8220;4.16&#8243; _module_preset=&#8220;default&#8220; global_colors_info=&#8220;{}&#8220;][et_pb_text _builder_version=&#8220;4.22.2&#8243; _module_preset=&#8220;default&#8220; text_font_size=&#8220;16px&#8220; background_layout=&#8220;dark&#8220; min_height=&#8220;8.2px&#8220; custom_margin=&#8220;||-18px|||&#8220; custom_padding=&#8220;||25px|20px|false|false&#8220; custom_padding_tablet=&#8220;&#8220; custom_padding_phone=&#8220;20px||20px|0px|false|false&#8220; custom_padding_last_edited=&#8220;on|phone&#8220; text_orientation_last_edited=&#8220;off|phone&#8220; global_colors_info=&#8220;{}&#8220;]<\/p>\n<p class=\"p1\"><strong>Kontakt:<\/strong><\/p>\n<p class=\"p1\">Stadt Dortmund<br \/>Gesch\u00e4ftsstelle Masterplan Wissenschaft<br \/><a href=\"mailto:wissenschaft@stadtdo.de\">wissenschaft@stadtdo.de<\/a><\/p>\n<p class=\"p1\">Angela M\u00e4rtin &amp; Dr. Sandra Danneil<\/p>\n<p class=\"p1\">\n<p>[\/et_pb_text][\/et_pb_column][et_pb_column type=&#8220;1_2&#8243; _builder_version=&#8220;4.16&#8243; _module_preset=&#8220;default&#8220; global_colors_info=&#8220;{}&#8220;][\/et_pb_column][\/et_pb_row][\/et_pb_section]<\/p>\n","protected":false},"excerpt":{"rendered":"<p>welcome to dortmund! ERSTE WELCOME RECEPTION WAR ein GROSSER ERFOLG 30.10.2025 | Dortmunder Rathaus\u00a0&#8222;So sch\u00f6n wurden wir noch von keiner Stadt empfangen.&#8220;Die Welcome Reception ist ein Konzept, das im Rahmen des Dortmunder Masterplans Wissenschaft 2.0 entwickelt wurde. Am 30.10. feierte das Event seine Premiere. Etwa hundert Forschende aus dem internationalen Ausland folgten der Einladung und [&hellip;]<\/p>\n","protected":false},"author":9,"featured_media":0,"parent":0,"menu_order":0,"comment_status":"closed","ping_status":"closed","template":"","meta":{"_et_pb_use_builder":"on","_et_pb_old_content":"","_et_gb_content_width":"","inline_featured_image":false,"footnotes":""},"class_list":["post-13521","page","type-page","status-publish","hentry"],"yoast_head":"<!-- This site is optimized with the Yoast SEO plugin v27.3 - https:\/\/yoast.com\/product\/yoast-seo-wordpress\/ -->\n<title>Welcome Reception 2025 - Dortmund<\/title>\n<meta name=\"robots\" content=\"index, follow, max-snippet:-1, max-image-preview:large, max-video-preview:-1\" \/>\n<link rel=\"canonical\" href=\"https:\/\/masterplan-wissenschaft.de\/en\/welcome-reception-2025\/\" \/>\n<meta property=\"og:locale\" content=\"en_GB\" \/>\n<meta property=\"og:type\" content=\"article\" \/>\n<meta property=\"og:title\" content=\"Welcome Reception 2025 - Dortmund\" \/>\n<meta property=\"og:description\" content=\"welcome to dortmund! ERSTE WELCOME RECEPTION WAR ein GROSSER ERFOLG 30.10.2025 | Dortmunder Rathaus\u00a0&quot;So sch\u00f6n wurden wir noch von keiner Stadt empfangen.&quot;Die Welcome Reception ist ein Konzept, das im Rahmen des Dortmunder Masterplans Wissenschaft 2.0 entwickelt wurde. Am 30.10. feierte das Event seine Premiere. Etwa hundert Forschende aus dem internationalen Ausland folgten der Einladung und [&hellip;]\" \/>\n<meta property=\"og:url\" content=\"https:\/\/masterplan-wissenschaft.de\/en\/welcome-reception-2025\/\" \/>\n<meta property=\"og:site_name\" content=\"Dortmund\" \/>\n<meta property=\"article:modified_time\" content=\"2025-11-12T15:29:26+00:00\" \/>\n<meta name=\"twitter:card\" content=\"summary_large_image\" \/>\n<meta name=\"twitter:label1\" content=\"Estimated reading time\" \/>\n\t<meta name=\"twitter:data1\" content=\"6 minutes\" \/>\n<script type=\"application\/ld+json\" class=\"yoast-schema-graph\">{\"@context\":\"https:\\\/\\\/schema.org\",\"@graph\":[{\"@type\":\"WebPage\",\"@id\":\"https:\\\/\\\/masterplan-wissenschaft.de\\\/de\\\/welcome-reception-2025\\\/\",\"url\":\"https:\\\/\\\/masterplan-wissenschaft.de\\\/de\\\/welcome-reception-2025\\\/\",\"name\":\"Welcome Reception 2025 - Dortmund\",\"isPartOf\":{\"@id\":\"https:\\\/\\\/masterplan-wissenschaft.de\\\/de\\\/#website\"},\"datePublished\":\"2025-11-12T13:35:19+00:00\",\"dateModified\":\"2025-11-12T15:29:26+00:00\",\"breadcrumb\":{\"@id\":\"https:\\\/\\\/masterplan-wissenschaft.de\\\/de\\\/welcome-reception-2025\\\/#breadcrumb\"},\"inLanguage\":\"en-GB\",\"potentialAction\":[{\"@type\":\"ReadAction\",\"target\":[\"https:\\\/\\\/masterplan-wissenschaft.de\\\/de\\\/welcome-reception-2025\\\/\"]}]},{\"@type\":\"BreadcrumbList\",\"@id\":\"https:\\\/\\\/masterplan-wissenschaft.de\\\/de\\\/welcome-reception-2025\\\/#breadcrumb\",\"itemListElement\":[{\"@type\":\"ListItem\",\"position\":1,\"name\":\"Startseite\",\"item\":\"https:\\\/\\\/masterplan-wissenschaft.de\\\/de\\\/\"},{\"@type\":\"ListItem\",\"position\":2,\"name\":\"Welcome Reception 2025\"}]},{\"@type\":\"WebSite\",\"@id\":\"https:\\\/\\\/masterplan-wissenschaft.de\\\/de\\\/#website\",\"url\":\"https:\\\/\\\/masterplan-wissenschaft.de\\\/de\\\/\",\"name\":\"Masterplan Wissenschaft\",\"description\":\"Masterplan Wissenschaft\",\"publisher\":{\"@id\":\"https:\\\/\\\/masterplan-wissenschaft.de\\\/de\\\/#organization\"},\"potentialAction\":[{\"@type\":\"SearchAction\",\"target\":{\"@type\":\"EntryPoint\",\"urlTemplate\":\"https:\\\/\\\/masterplan-wissenschaft.de\\\/de\\\/?s={search_term_string}\"},\"query-input\":{\"@type\":\"PropertyValueSpecification\",\"valueRequired\":true,\"valueName\":\"search_term_string\"}}],\"inLanguage\":\"en-GB\"},{\"@type\":\"Organization\",\"@id\":\"https:\\\/\\\/masterplan-wissenschaft.de\\\/de\\\/#organization\",\"name\":\"Stadt Dortmund\",\"url\":\"https:\\\/\\\/masterplan-wissenschaft.de\\\/de\\\/\",\"logo\":{\"@type\":\"ImageObject\",\"inLanguage\":\"en-GB\",\"@id\":\"https:\\\/\\\/masterplan-wissenschaft.de\\\/de\\\/#\\\/schema\\\/logo\\\/image\\\/\",\"url\":\"https:\\\/\\\/masterplan-wissenschaft.de\\\/wp-content\\\/uploads\\\/2025\\\/08\\\/DO_Masterplan-Wissenschaft.png\",\"contentUrl\":\"https:\\\/\\\/masterplan-wissenschaft.de\\\/wp-content\\\/uploads\\\/2025\\\/08\\\/DO_Masterplan-Wissenschaft.png\",\"width\":2976,\"height\":710,\"caption\":\"Stadt Dortmund\"},\"image\":{\"@id\":\"https:\\\/\\\/masterplan-wissenschaft.de\\\/de\\\/#\\\/schema\\\/logo\\\/image\\\/\"}}]}<\/script>\n<!-- \/ Yoast SEO plugin. -->","yoast_head_json":{"title":"Welcome Reception 2025 - Dortmund","robots":{"index":"index","follow":"follow","max-snippet":"max-snippet:-1","max-image-preview":"max-image-preview:large","max-video-preview":"max-video-preview:-1"},"canonical":"https:\/\/masterplan-wissenschaft.de\/en\/welcome-reception-2025\/","og_locale":"en_GB","og_type":"article","og_title":"Welcome Reception 2025 - Dortmund","og_description":"welcome to dortmund! ERSTE WELCOME RECEPTION WAR ein GROSSER ERFOLG 30.10.2025 | Dortmunder Rathaus\u00a0\"So sch\u00f6n wurden wir noch von keiner Stadt empfangen.\"Die Welcome Reception ist ein Konzept, das im Rahmen des Dortmunder Masterplans Wissenschaft 2.0 entwickelt wurde. Am 30.10. feierte das Event seine Premiere. Etwa hundert Forschende aus dem internationalen Ausland folgten der Einladung und [&hellip;]","og_url":"https:\/\/masterplan-wissenschaft.de\/en\/welcome-reception-2025\/","og_site_name":"Dortmund","article_modified_time":"2025-11-12T15:29:26+00:00","twitter_card":"summary_large_image","twitter_misc":{"Estimated reading time":"6 minutes"},"schema":{"@context":"https:\/\/schema.org","@graph":[{"@type":"WebPage","@id":"https:\/\/masterplan-wissenschaft.de\/de\/welcome-reception-2025\/","url":"https:\/\/masterplan-wissenschaft.de\/de\/welcome-reception-2025\/","name":"Welcome Reception 2025 - Dortmund","isPartOf":{"@id":"https:\/\/masterplan-wissenschaft.de\/de\/#website"},"datePublished":"2025-11-12T13:35:19+00:00","dateModified":"2025-11-12T15:29:26+00:00","breadcrumb":{"@id":"https:\/\/masterplan-wissenschaft.de\/de\/welcome-reception-2025\/#breadcrumb"},"inLanguage":"en-GB","potentialAction":[{"@type":"ReadAction","target":["https:\/\/masterplan-wissenschaft.de\/de\/welcome-reception-2025\/"]}]},{"@type":"BreadcrumbList","@id":"https:\/\/masterplan-wissenschaft.de\/de\/welcome-reception-2025\/#breadcrumb","itemListElement":[{"@type":"ListItem","position":1,"name":"Startseite","item":"https:\/\/masterplan-wissenschaft.de\/de\/"},{"@type":"ListItem","position":2,"name":"Welcome Reception 2025"}]},{"@type":"WebSite","@id":"https:\/\/masterplan-wissenschaft.de\/de\/#website","url":"https:\/\/masterplan-wissenschaft.de\/de\/","name":"Masterplan Wissenschaft","description":"Masterplan Wissenschaft","publisher":{"@id":"https:\/\/masterplan-wissenschaft.de\/de\/#organization"},"potentialAction":[{"@type":"SearchAction","target":{"@type":"EntryPoint","urlTemplate":"https:\/\/masterplan-wissenschaft.de\/de\/?s={search_term_string}"},"query-input":{"@type":"PropertyValueSpecification","valueRequired":true,"valueName":"search_term_string"}}],"inLanguage":"en-GB"},{"@type":"Organization","@id":"https:\/\/masterplan-wissenschaft.de\/de\/#organization","name":"City of Dortmund","url":"https:\/\/masterplan-wissenschaft.de\/de\/","logo":{"@type":"ImageObject","inLanguage":"en-GB","@id":"https:\/\/masterplan-wissenschaft.de\/de\/#\/schema\/logo\/image\/","url":"https:\/\/masterplan-wissenschaft.de\/wp-content\/uploads\/2025\/08\/DO_Masterplan-Wissenschaft.png","contentUrl":"https:\/\/masterplan-wissenschaft.de\/wp-content\/uploads\/2025\/08\/DO_Masterplan-Wissenschaft.png","width":2976,"height":710,"caption":"Stadt Dortmund"},"image":{"@id":"https:\/\/masterplan-wissenschaft.de\/de\/#\/schema\/logo\/image\/"}}]}},"_links":{"self":[{"href":"https:\/\/masterplan-wissenschaft.de\/en\/wp-json\/wp\/v2\/pages\/13521","targetHints":{"allow":["GET"]}}],"collection":[{"href":"https:\/\/masterplan-wissenschaft.de\/en\/wp-json\/wp\/v2\/pages"}],"about":[{"href":"https:\/\/masterplan-wissenschaft.de\/en\/wp-json\/wp\/v2\/types\/page"}],"author":[{"embeddable":true,"href":"https:\/\/masterplan-wissenschaft.de\/en\/wp-json\/wp\/v2\/users\/9"}],"replies":[{"embeddable":true,"href":"https:\/\/masterplan-wissenschaft.de\/en\/wp-json\/wp\/v2\/comments?post=13521"}],"version-history":[{"count":4,"href":"https:\/\/masterplan-wissenschaft.de\/en\/wp-json\/wp\/v2\/pages\/13521\/revisions"}],"predecessor-version":[{"id":13558,"href":"https:\/\/masterplan-wissenschaft.de\/en\/wp-json\/wp\/v2\/pages\/13521\/revisions\/13558"}],"wp:attachment":[{"href":"https:\/\/masterplan-wissenschaft.de\/en\/wp-json\/wp\/v2\/media?parent=13521"}],"curies":[{"name":"wp","href":"https:\/\/api.w.org\/{rel}","templated":true}]}}